{"id":5315,"date":"2025-03-13T07:40:27","date_gmt":"2025-03-13T07:40:27","guid":{"rendered":"https:\/\/www.dxnwellness.eu\/cz\/product\/dxn-ganozhi-shampoo\/"},"modified":"2025-05-23T02:02:05","modified_gmt":"2025-05-23T02:02:05","slug":"dxn-ganozhi-shampoo","status":"publish","type":"product","link":"https:\/\/www.dxnwellness.eu\/cz\/product\/dxn-ganozhi-shampoo\/","title":{"rendered":"DXN Ganozhi Shampoo"},"content":{"rendered":"<p>O\u017eivte sv\u00e9 vlasy \u0161amponem DXN Ganozhi obohacen\u00fdm o v\u00fdta\u017eek z houby Ganoderma lucidum a vitamin B5. Tento jemn\u00fd, ale \u00fa\u010dinn\u00fd \u0161ampon \u010dist\u00ed vlasy a z\u00e1rove\u0148 je vy\u017eivuje od ko\u0159\u00ednk\u016f, tak\u017ee va\u0161e vlasy jsou sv\u011b\u017e\u00ed, leskl\u00e9 a hedv\u00e1bn\u011b jemn\u00e9. Je vhodn\u00fd pro v\u0161echny typy vlas\u016f a zachov\u00e1v\u00e1 je zdrav\u00e9 a udr\u017eovan\u00e9 p\u0159i ka\u017ed\u00e9m umyt\u00ed.<\/p>\n<p>Dop\u0159ejte sv\u00fdm vlas\u016fm vy\u017eivuj\u00edc\u00ed p\u00e9\u010di \u0161amponu DXN Ganozhi a u\u017e\u00edvejte si sv\u011b\u017e\u00ed, hebk\u00fd a z\u00e1\u0159iv\u00fd vzhled!<\/p>\n","protected":false},"excerpt":{"rendered":"<p>O\u017eivte sv\u00e9 vlasy \u0161amponem DXN Ganozhi obohacen\u00fdm o v\u00fdta\u017eek z houby Ganoderma lucidum a vitamin B5. Tento jemn\u00fd, ale \u00fa\u010dinn\u00fd \u0161ampon \u010dist\u00ed vlasy a z\u00e1rove\u0148 je vy\u017eivuje od ko\u0159\u00ednk\u016f, tak\u017ee va\u0161e vlasy jsou sv\u011b\u017e\u00ed, leskl\u00e9 a hedv\u00e1bn\u011b jemn\u00e9. Je vhodn\u00fd pro v\u0161echny typy vlas\u016f a zachov\u00e1v\u00e1 je zdrav\u00e9 a udr\u017eovan\u00e9 p\u0159i ka\u017ed\u00e9m umyt\u00ed. Dop\u0159ejte sv\u00fdm [&hellip;]<\/p>\n","protected":false},"featured_media":5447,"comment_status":"closed","ping_status":"closed","template":"","meta":{"_acf_changed":false},"product_brand":[],"product_cat":[352],"product_tag":[],"class_list":{"0":"post-5315","1":"product","2":"type-product","3":"status-publish","4":"has-post-thumbnail","6":"product_cat-osobni-pece","7":"pa_package-250-ml","8":"pa_package-250ml","10":"first","11":"instock","12":"purchasable","13":"product-type-simple"},"acf":[],"_links":{"self":[{"href":"https:\/\/www.dxnwellness.eu\/cz\/wp-json\/wp\/v2\/product\/5315","targetHints":{"allow":["GET"]}}],"collection":[{"href":"https:\/\/www.dxnwellness.eu\/cz\/wp-json\/wp\/v2\/product"}],"about":[{"href":"https:\/\/www.dxnwellness.eu\/cz\/wp-json\/wp\/v2\/types\/product"}],"replies":[{"embeddable":true,"href":"https:\/\/www.dxnwellness.eu\/cz\/wp-json\/wp\/v2\/comments?post=5315"}],"wp:featuredmedia":[{"embeddable":true,"href":"https:\/\/www.dxnwellness.eu\/cz\/wp-json\/wp\/v2\/media\/5447"}],"wp:attachment":[{"href":"https:\/\/www.dxnwellness.eu\/cz\/wp-json\/wp\/v2\/media?parent=5315"}],"wp:term":[{"taxonomy":"product_brand","embeddable":true,"href":"https:\/\/www.dxnwellness.eu\/cz\/wp-json\/wp\/v2\/product_brand?post=5315"},{"taxonomy":"product_cat","embeddable":true,"href":"https:\/\/www.dxnwellness.eu\/cz\/wp-json\/wp\/v2\/product_cat?post=5315"},{"taxonomy":"product_tag","embeddable":true,"href":"https:\/\/www.dxnwellness.eu\/cz\/wp-json\/wp\/v2\/product_tag?post=5315"}],"curies":[{"name":"wp","href":"https:\/\/api.w.org\/{rel}","templated":true}]}}