{"id":5313,"date":"2025-03-13T07:40:27","date_gmt":"2025-03-13T07:40:27","guid":{"rendered":"https:\/\/www.dxnwellness.eu\/cz\/product\/dxn-omega-3\/"},"modified":"2025-05-23T02:02:05","modified_gmt":"2025-05-23T02:02:05","slug":"dxn-omega-3","status":"publish","type":"product","link":"https:\/\/www.dxnwellness.eu\/cz\/product\/dxn-omega-3\/","title":{"rendered":"DXN Omega 3"},"content":{"rendered":"<p>Zlep\u0161ete svou pohodu s DXN Omega 3, p\u0159\u00edpravkem bohat\u00fdm na esenci\u00e1ln\u00ed kyselinu eikosapentaenovou (EPA) a kyselinu dokosahexaenovou (DHA), dv\u011b nenasycen\u00e9 mastn\u00e9 kyseliny zn\u00e1m\u00e9 pro svou v\u00fdznamnou roli pro celkov\u00e9 zdrav\u00ed. Tyto omega-3 mastn\u00e9 kyseliny pom\u00e1haj\u00ed podporovat norm\u00e1ln\u00ed t\u011blesn\u00e9 funkce, v\u010detn\u011b podpory zdrav\u00ed srdce a mozku a udr\u017eov\u00e1n\u00ed zdrav\u00e9 hladiny triglycerid\u016f.<\/p>\n<p>Vyu\u017eijte s\u00edlu omega-3 a podpo\u0159te sv\u00e9 zdrav\u00ed s DXN Omega 3-va\u0161e p\u0159irozen\u00e1 podpora vitality!<\/p>\n","protected":false},"excerpt":{"rendered":"<p>Zlep\u0161ete svou pohodu s DXN Omega 3, p\u0159\u00edpravkem bohat\u00fdm na esenci\u00e1ln\u00ed kyselinu eikosapentaenovou (EPA) a kyselinu dokosahexaenovou (DHA), dv\u011b nenasycen\u00e9 mastn\u00e9 kyseliny zn\u00e1m\u00e9 pro svou v\u00fdznamnou roli pro celkov\u00e9 zdrav\u00ed. Tyto omega-3 mastn\u00e9 kyseliny pom\u00e1haj\u00ed podporovat norm\u00e1ln\u00ed t\u011blesn\u00e9 funkce, v\u010detn\u011b podpory zdrav\u00ed srdce a mozku a udr\u017eov\u00e1n\u00ed zdrav\u00e9 hladiny triglycerid\u016f. Vyu\u017eijte s\u00edlu omega-3 a podpo\u0159te [&hellip;]<\/p>\n","protected":false},"featured_media":5446,"comment_status":"closed","ping_status":"closed","template":"","meta":{"_acf_changed":false},"product_brand":[],"product_cat":[339],"product_tag":[],"class_list":{"0":"post-5313","1":"product","2":"type-product","3":"status-publish","4":"has-post-thumbnail","6":"product_cat-doplnky-stravy","7":"pa_package-90-capsules","8":"pa_package-90-kapsli","10":"first","11":"instock","12":"purchasable","13":"product-type-simple"},"acf":[],"_links":{"self":[{"href":"https:\/\/www.dxnwellness.eu\/cz\/wp-json\/wp\/v2\/product\/5313","targetHints":{"allow":["GET"]}}],"collection":[{"href":"https:\/\/www.dxnwellness.eu\/cz\/wp-json\/wp\/v2\/product"}],"about":[{"href":"https:\/\/www.dxnwellness.eu\/cz\/wp-json\/wp\/v2\/types\/product"}],"replies":[{"embeddable":true,"href":"https:\/\/www.dxnwellness.eu\/cz\/wp-json\/wp\/v2\/comments?post=5313"}],"wp:featuredmedia":[{"embeddable":true,"href":"https:\/\/www.dxnwellness.eu\/cz\/wp-json\/wp\/v2\/media\/5446"}],"wp:attachment":[{"href":"https:\/\/www.dxnwellness.eu\/cz\/wp-json\/wp\/v2\/media?parent=5313"}],"wp:term":[{"taxonomy":"product_brand","embeddable":true,"href":"https:\/\/www.dxnwellness.eu\/cz\/wp-json\/wp\/v2\/product_brand?post=5313"},{"taxonomy":"product_cat","embeddable":true,"href":"https:\/\/www.dxnwellness.eu\/cz\/wp-json\/wp\/v2\/product_cat?post=5313"},{"taxonomy":"product_tag","embeddable":true,"href":"https:\/\/www.dxnwellness.eu\/cz\/wp-json\/wp\/v2\/product_tag?post=5313"}],"curies":[{"name":"wp","href":"https:\/\/api.w.org\/{rel}","templated":true}]}}