{"id":5311,"date":"2025-03-13T07:40:27","date_gmt":"2025-03-13T07:40:27","guid":{"rendered":"https:\/\/www.dxnwellness.eu\/cz\/product\/dxn-myco-veggie-eu\/"},"modified":"2025-05-23T02:02:05","modified_gmt":"2025-05-23T02:02:05","slug":"dxn-myco-veggie-eu","status":"publish","type":"product","link":"https:\/\/www.dxnwellness.eu\/cz\/product\/dxn-myco-veggie-eu\/","title":{"rendered":"DXN Myco Veggie EU"},"content":{"rendered":"<p>Vyzkou\u0161ejte vy\u017eivuj\u00edc\u00ed benefity DXN Myco Veggie EU, jedine\u010dn\u00e9 sm\u011bsi zeleniny, hub, zelen\u00e9ho \u010daje, list\u016f moru\u0161e, list\u016f ginkga, ovoce, bylin a ko\u0159en\u00ed. Tento dopln\u011bk stravy, pln\u00fd vysoce kvalitn\u00ed vl\u00e1kniny, m\u016f\u017ee slou\u017eit jako n\u00e1hrada men\u0161\u00edch j\u00eddel, zejm\u00e9na p\u0159i dodr\u017eov\u00e1n\u00ed diety. Je to skv\u011bl\u00fd zp\u016fsob, jak podpo\u0159it celkov\u00fd pocit t\u011bla a dodat mu d\u016fle\u017eit\u00e9 vitaminy a vl\u00e1kninu.<\/p>\n<p>Pro dosa\u017een\u00ed nejlep\u0161\u00edch v\u00fdsledk\u016f nezapome\u0148te p\u0159i u\u017e\u00edv\u00e1n\u00ed Myco Veggie EU zv\u00fd\u0161it p\u0159\u00edjem vody.<\/p>\n<p>Vychutnejte si s\u00edlu p\u0159\u00edrodn\u00edch ingredienc\u00ed s DXN Myco Veggie EU, va\u0161\u00edm dokonal\u00fdm partnerem pro zdrav\u00e9 a vyv\u00e1\u017een\u00e9 stravov\u00e1n\u00ed!<\/p>\n","protected":false},"excerpt":{"rendered":"<p>Vyzkou\u0161ejte vy\u017eivuj\u00edc\u00ed benefity DXN Myco Veggie EU, jedine\u010dn\u00e9 sm\u011bsi zeleniny, hub, zelen\u00e9ho \u010daje, list\u016f moru\u0161e, list\u016f ginkga, ovoce, bylin a ko\u0159en\u00ed. Tento dopln\u011bk stravy, pln\u00fd vysoce kvalitn\u00ed vl\u00e1kniny, m\u016f\u017ee slou\u017eit jako n\u00e1hrada men\u0161\u00edch j\u00eddel, zejm\u00e9na p\u0159i dodr\u017eov\u00e1n\u00ed diety. Je to skv\u011bl\u00fd zp\u016fsob, jak podpo\u0159it celkov\u00fd pocit t\u011bla a dodat mu d\u016fle\u017eit\u00e9 vitaminy a vl\u00e1kninu. Pro [&hellip;]<\/p>\n","protected":false},"featured_media":5445,"comment_status":"closed","ping_status":"closed","template":"","meta":{"_acf_changed":false},"product_brand":[],"product_cat":[339],"product_tag":[],"class_list":{"0":"post-5311","1":"product","2":"type-product","3":"status-publish","4":"has-post-thumbnail","6":"product_cat-doplnky-stravy","7":"pa_package-400-g","8":"pa_package-400g","10":"first","11":"instock","12":"purchasable","13":"product-type-simple"},"acf":[],"_links":{"self":[{"href":"https:\/\/www.dxnwellness.eu\/cz\/wp-json\/wp\/v2\/product\/5311","targetHints":{"allow":["GET"]}}],"collection":[{"href":"https:\/\/www.dxnwellness.eu\/cz\/wp-json\/wp\/v2\/product"}],"about":[{"href":"https:\/\/www.dxnwellness.eu\/cz\/wp-json\/wp\/v2\/types\/product"}],"replies":[{"embeddable":true,"href":"https:\/\/www.dxnwellness.eu\/cz\/wp-json\/wp\/v2\/comments?post=5311"}],"wp:featuredmedia":[{"embeddable":true,"href":"https:\/\/www.dxnwellness.eu\/cz\/wp-json\/wp\/v2\/media\/5445"}],"wp:attachment":[{"href":"https:\/\/www.dxnwellness.eu\/cz\/wp-json\/wp\/v2\/media?parent=5311"}],"wp:term":[{"taxonomy":"product_brand","embeddable":true,"href":"https:\/\/www.dxnwellness.eu\/cz\/wp-json\/wp\/v2\/product_brand?post=5311"},{"taxonomy":"product_cat","embeddable":true,"href":"https:\/\/www.dxnwellness.eu\/cz\/wp-json\/wp\/v2\/product_cat?post=5311"},{"taxonomy":"product_tag","embeddable":true,"href":"https:\/\/www.dxnwellness.eu\/cz\/wp-json\/wp\/v2\/product_tag?post=5311"}],"curies":[{"name":"wp","href":"https:\/\/api.w.org\/{rel}","templated":true}]}}