{"id":5308,"date":"2025-03-13T07:40:27","date_gmt":"2025-03-13T07:40:27","guid":{"rendered":"https:\/\/www.dxnwellness.eu\/cz\/product\/dxn-agaricus-blazei-murill\/"},"modified":"2025-05-23T02:02:07","modified_gmt":"2025-05-23T02:02:07","slug":"dxn-agaricus-blazei-murill","status":"publish","type":"product","link":"https:\/\/www.dxnwellness.eu\/cz\/product\/dxn-agaricus-blazei-murill\/","title":{"rendered":"DXN Agaricus Blazei Murill"},"content":{"rendered":"<p>Objevte s\u00edlu DXN Agaricus Blazei Murill, p\u0159\u00edpravku vyroben\u00e9ho z tzv. mandlov\u00e9 houby, kter\u00e1 je zn\u00e1m\u00e1 sv\u00fdmi bohat\u00fdmi p\u0159\u00edrodn\u00edmi vlastnostmi. Tato houba, kter\u00e1 je pln\u00e1 d\u016fle\u017eit\u00fdch vitam\u00edn\u016f, jako jsou B1, B2 a C, spolu s \u017eivotn\u011b d\u016fle\u017eit\u00fdmi miner\u00e1ly, jako je drasl\u00edk, ho\u0159\u010d\u00edk, fosfor a v\u00e1pn\u00edk, je uzn\u00e1van\u00e1 pro sv\u00e9 antioxida\u010dn\u00ed a zdrav\u00ed posiluj\u00edc\u00ed \u00fa\u010dinky. Tradi\u010dn\u011b se konzumuje na podporu celkov\u00e9 pohody a pom\u00e1h\u00e1 udr\u017eovat p\u0159irozenou odolnost organismu.<\/p>\n<p>Posilte svou imunitu a vitalitu s DXN Agaricus Blazei Murill &#8211; va\u0161\u00edm spojencem pro lep\u0161\u00ed pocit ve va\u0161em t\u011ble!<\/p>\n","protected":false},"excerpt":{"rendered":"<p>Objevte s\u00edlu DXN Agaricus Blazei Murill, p\u0159\u00edpravku vyroben\u00e9ho z tzv. mandlov\u00e9 houby, kter\u00e1 je zn\u00e1m\u00e1 sv\u00fdmi bohat\u00fdmi p\u0159\u00edrodn\u00edmi vlastnostmi. Tato houba, kter\u00e1 je pln\u00e1 d\u016fle\u017eit\u00fdch vitam\u00edn\u016f, jako jsou B1, B2 a C, spolu s \u017eivotn\u011b d\u016fle\u017eit\u00fdmi miner\u00e1ly, jako je drasl\u00edk, ho\u0159\u010d\u00edk, fosfor a v\u00e1pn\u00edk, je uzn\u00e1van\u00e1 pro sv\u00e9 antioxida\u010dn\u00ed a zdrav\u00ed posiluj\u00edc\u00ed \u00fa\u010dinky. Tradi\u010dn\u011b se [&hellip;]<\/p>\n","protected":false},"featured_media":5443,"comment_status":"closed","ping_status":"closed","template":"","meta":{"_acf_changed":false},"product_brand":[],"product_cat":[339],"product_tag":[],"class_list":{"0":"post-5308","1":"product","2":"type-product","3":"status-publish","4":"has-post-thumbnail","6":"product_cat-doplnky-stravy","7":"pa_package-30-capsules","8":"pa_package-30-kapsli","9":"pa_package-90-capsules","10":"pa_package-90-kapsli","12":"first","13":"instock","14":"purchasable","15":"product-type-variable"},"acf":[],"_links":{"self":[{"href":"https:\/\/www.dxnwellness.eu\/cz\/wp-json\/wp\/v2\/product\/5308","targetHints":{"allow":["GET"]}}],"collection":[{"href":"https:\/\/www.dxnwellness.eu\/cz\/wp-json\/wp\/v2\/product"}],"about":[{"href":"https:\/\/www.dxnwellness.eu\/cz\/wp-json\/wp\/v2\/types\/product"}],"replies":[{"embeddable":true,"href":"https:\/\/www.dxnwellness.eu\/cz\/wp-json\/wp\/v2\/comments?post=5308"}],"wp:featuredmedia":[{"embeddable":true,"href":"https:\/\/www.dxnwellness.eu\/cz\/wp-json\/wp\/v2\/media\/5443"}],"wp:attachment":[{"href":"https:\/\/www.dxnwellness.eu\/cz\/wp-json\/wp\/v2\/media?parent=5308"}],"wp:term":[{"taxonomy":"product_brand","embeddable":true,"href":"https:\/\/www.dxnwellness.eu\/cz\/wp-json\/wp\/v2\/product_brand?post=5308"},{"taxonomy":"product_cat","embeddable":true,"href":"https:\/\/www.dxnwellness.eu\/cz\/wp-json\/wp\/v2\/product_cat?post=5308"},{"taxonomy":"product_tag","embeddable":true,"href":"https:\/\/www.dxnwellness.eu\/cz\/wp-json\/wp\/v2\/product_tag?post=5308"}],"curies":[{"name":"wp","href":"https:\/\/api.w.org\/{rel}","templated":true}]}}