{"id":5305,"date":"2025-03-13T07:40:27","date_gmt":"2025-03-13T07:40:27","guid":{"rendered":"https:\/\/www.dxnwellness.eu\/cz\/product\/dxn-mengkudu\/"},"modified":"2025-05-23T02:02:07","modified_gmt":"2025-05-23T02:02:07","slug":"dxn-mengkudu","status":"publish","type":"product","link":"https:\/\/www.dxnwellness.eu\/cz\/product\/dxn-mengkudu\/","title":{"rendered":"DXN Mengkudu"},"content":{"rendered":"<p>Odhalte v\u00fdhody ovoce Mengkudu (Noni) s kapslemi DXN Mengkudu. Noni je zn\u00e1m\u00e9 pro sv\u016fj bohat\u00fd nutri\u010dn\u00ed profil. Toto siln\u00e9 ovoce m\u00e1 pozitivn\u00ed vliv na du\u0161evn\u00ed a fyzickou v\u00fdkonnost, zlep\u0161uje vytrvalost, pom\u00e1h\u00e1 proti \u00fanav\u011b a stimuluje imunitu.<\/p>\n<p>Tyto kapsle jsou vhodnou alternativou pro ty, kte\u0159\u00ed nemus\u00ed dob\u0159e sn\u00e1\u0161et siln\u00e9 aroma \u0161\u0165\u00e1vy z Noni.<\/p>\n<p>Vychutnejte si blahod\u00e1rn\u00e9 \u00fa\u010dinky Noni v praktick\u00e9 form\u011b kapsl\u00ed &#8211; ide\u00e1ln\u00ed pro podporu va\u0161eho zdrav\u00ed!<\/p>\n","protected":false},"excerpt":{"rendered":"<p>Odhalte v\u00fdhody ovoce Mengkudu (Noni) s kapslemi DXN Mengkudu. Noni je zn\u00e1m\u00e9 pro sv\u016fj bohat\u00fd nutri\u010dn\u00ed profil. Toto siln\u00e9 ovoce m\u00e1 pozitivn\u00ed vliv na du\u0161evn\u00ed a fyzickou v\u00fdkonnost, zlep\u0161uje vytrvalost, pom\u00e1h\u00e1 proti \u00fanav\u011b a stimuluje imunitu. Tyto kapsle jsou vhodnou alternativou pro ty, kte\u0159\u00ed nemus\u00ed dob\u0159e sn\u00e1\u0161et siln\u00e9 aroma \u0161\u0165\u00e1vy z Noni. Vychutnejte si blahod\u00e1rn\u00e9 [&hellip;]<\/p>\n","protected":false},"featured_media":5441,"comment_status":"closed","ping_status":"closed","template":"","meta":{"_acf_changed":false},"product_brand":[],"product_cat":[339],"product_tag":[],"class_list":{"0":"post-5305","1":"product","2":"type-product","3":"status-publish","4":"has-post-thumbnail","6":"product_cat-doplnky-stravy","7":"pa_package-30-capsules","8":"pa_package-30-kapsli","9":"pa_package-90-capsules","10":"pa_package-90-kapsli","12":"first","13":"instock","14":"purchasable","15":"product-type-variable"},"acf":[],"_links":{"self":[{"href":"https:\/\/www.dxnwellness.eu\/cz\/wp-json\/wp\/v2\/product\/5305","targetHints":{"allow":["GET"]}}],"collection":[{"href":"https:\/\/www.dxnwellness.eu\/cz\/wp-json\/wp\/v2\/product"}],"about":[{"href":"https:\/\/www.dxnwellness.eu\/cz\/wp-json\/wp\/v2\/types\/product"}],"replies":[{"embeddable":true,"href":"https:\/\/www.dxnwellness.eu\/cz\/wp-json\/wp\/v2\/comments?post=5305"}],"wp:featuredmedia":[{"embeddable":true,"href":"https:\/\/www.dxnwellness.eu\/cz\/wp-json\/wp\/v2\/media\/5441"}],"wp:attachment":[{"href":"https:\/\/www.dxnwellness.eu\/cz\/wp-json\/wp\/v2\/media?parent=5305"}],"wp:term":[{"taxonomy":"product_brand","embeddable":true,"href":"https:\/\/www.dxnwellness.eu\/cz\/wp-json\/wp\/v2\/product_brand?post=5305"},{"taxonomy":"product_cat","embeddable":true,"href":"https:\/\/www.dxnwellness.eu\/cz\/wp-json\/wp\/v2\/product_cat?post=5305"},{"taxonomy":"product_tag","embeddable":true,"href":"https:\/\/www.dxnwellness.eu\/cz\/wp-json\/wp\/v2\/product_tag?post=5305"}],"curies":[{"name":"wp","href":"https:\/\/api.w.org\/{rel}","templated":true}]}}