{"id":5303,"date":"2025-03-13T07:40:27","date_gmt":"2025-03-13T07:40:27","guid":{"rendered":"https:\/\/www.dxnwellness.eu\/cz\/product\/dxn-roselle-tablets\/"},"modified":"2025-05-23T02:02:05","modified_gmt":"2025-05-23T02:02:05","slug":"dxn-roselle-tablets","status":"publish","type":"product","link":"https:\/\/www.dxnwellness.eu\/cz\/product\/dxn-roselle-tablets\/","title":{"rendered":"DXN Roselle Tablets"},"content":{"rendered":"<p>Omla\u010fte sv\u016fj organismus pomoc\u00ed tablet DXN Roselle, vyroben\u00fdch z extraktu rostliny ibi\u0161ku (Hibiscus sabdariffa). <\/p>\n<p>Podporuje zdrav\u00ed tr\u00e1vic\u00edho traktu. Pom\u00e1h\u00e1 zlep\u0161it tr\u00e1ven\u00ed. Udr\u017euje \u010dinnost st\u0159ev.  Podporuje lep\u0161\u00ed \u010dinnost st\u0159ev a pravideln\u00fd pohyb a funkci st\u0159ev. Pom\u00e1h\u00e1 udr\u017eovat optim\u00e1ln\u00ed tr\u00e1vic\u00ed komfort. P\u0159isp\u00edv\u00e1 k fyzick\u00e9 pohod\u011b.<\/p>\n<p>Podpo\u0159te svou celkovou pohodu s tabletami DXN Roselle!<\/p>\n","protected":false},"excerpt":{"rendered":"<p>Omla\u010fte sv\u016fj organismus pomoc\u00ed tablet DXN Roselle, vyroben\u00fdch z extraktu rostliny ibi\u0161ku (Hibiscus sabdariffa). Podporuje zdrav\u00ed tr\u00e1vic\u00edho traktu. Pom\u00e1h\u00e1 zlep\u0161it tr\u00e1ven\u00ed. Udr\u017euje \u010dinnost st\u0159ev. Podporuje lep\u0161\u00ed \u010dinnost st\u0159ev a pravideln\u00fd pohyb a funkci st\u0159ev. Pom\u00e1h\u00e1 udr\u017eovat optim\u00e1ln\u00ed tr\u00e1vic\u00ed komfort. P\u0159isp\u00edv\u00e1 k fyzick\u00e9 pohod\u011b. Podpo\u0159te svou celkovou pohodu s tabletami DXN Roselle!<\/p>\n","protected":false},"featured_media":5440,"comment_status":"closed","ping_status":"closed","template":"","meta":{"_acf_changed":false},"product_brand":[],"product_cat":[339],"product_tag":[],"class_list":{"0":"post-5303","1":"product","2":"type-product","3":"status-publish","4":"has-post-thumbnail","6":"product_cat-doplnky-stravy","7":"pa_package-120-tablet","8":"pa_package-120-tablets","10":"first","11":"instock","12":"purchasable","13":"product-type-simple"},"acf":[],"_links":{"self":[{"href":"https:\/\/www.dxnwellness.eu\/cz\/wp-json\/wp\/v2\/product\/5303","targetHints":{"allow":["GET"]}}],"collection":[{"href":"https:\/\/www.dxnwellness.eu\/cz\/wp-json\/wp\/v2\/product"}],"about":[{"href":"https:\/\/www.dxnwellness.eu\/cz\/wp-json\/wp\/v2\/types\/product"}],"replies":[{"embeddable":true,"href":"https:\/\/www.dxnwellness.eu\/cz\/wp-json\/wp\/v2\/comments?post=5303"}],"wp:featuredmedia":[{"embeddable":true,"href":"https:\/\/www.dxnwellness.eu\/cz\/wp-json\/wp\/v2\/media\/5440"}],"wp:attachment":[{"href":"https:\/\/www.dxnwellness.eu\/cz\/wp-json\/wp\/v2\/media?parent=5303"}],"wp:term":[{"taxonomy":"product_brand","embeddable":true,"href":"https:\/\/www.dxnwellness.eu\/cz\/wp-json\/wp\/v2\/product_brand?post=5303"},{"taxonomy":"product_cat","embeddable":true,"href":"https:\/\/www.dxnwellness.eu\/cz\/wp-json\/wp\/v2\/product_cat?post=5303"},{"taxonomy":"product_tag","embeddable":true,"href":"https:\/\/www.dxnwellness.eu\/cz\/wp-json\/wp\/v2\/product_tag?post=5303"}],"curies":[{"name":"wp","href":"https:\/\/api.w.org\/{rel}","templated":true}]}}