{"id":5300,"date":"2025-03-13T07:40:27","date_gmt":"2025-03-13T07:40:27","guid":{"rendered":"https:\/\/www.dxnwellness.eu\/cz\/product\/dxn-black-cumin-plus\/"},"modified":"2025-05-23T02:02:07","modified_gmt":"2025-05-23T02:02:07","slug":"dxn-black-cumin-plus","status":"publish","type":"product","link":"https:\/\/www.dxnwellness.eu\/cz\/product\/dxn-black-cumin-plus\/","title":{"rendered":"DXN Black Cumin Plus"},"content":{"rendered":"<p>Vyzkou\u0161ejte p\u0159\u00edrodn\u00ed \u00fa\u010dinky DXN Black Cumin Plus, jedine\u010dn\u00e9 sm\u011bsi \u010dern\u00e9ho km\u00ednu (Nigella sativa), \u010dern\u00e9ho pep\u0159e a h\u0159eb\u00ed\u010dku. Tato \u00fa\u010dinn\u00e1 kombinace je tradi\u010dn\u011b cen\u011bna pro podporu celkov\u00e9 pohody, kterou pom\u00e1h\u00e1 udr\u017eovat b\u011bhem sez\u00f3nn\u00edch zm\u011bn a take pro podporu zdrav\u00ed tr\u00e1vic\u00edho traktu.<\/p>\n<p>Dop\u0159ejte sv\u00e9mu t\u011blu tuto aromatickou sm\u011bs ko\u0159en\u00ed a poci\u0165te rozd\u00edl!<\/p>\n","protected":false},"excerpt":{"rendered":"<p>Vyzkou\u0161ejte p\u0159\u00edrodn\u00ed \u00fa\u010dinky DXN Black Cumin Plus, jedine\u010dn\u00e9 sm\u011bsi \u010dern\u00e9ho km\u00ednu (Nigella sativa), \u010dern\u00e9ho pep\u0159e a h\u0159eb\u00ed\u010dku. Tato \u00fa\u010dinn\u00e1 kombinace je tradi\u010dn\u011b cen\u011bna pro podporu celkov\u00e9 pohody, kterou pom\u00e1h\u00e1 udr\u017eovat b\u011bhem sez\u00f3nn\u00edch zm\u011bn a take pro podporu zdrav\u00ed tr\u00e1vic\u00edho traktu. Dop\u0159ejte sv\u00e9mu t\u011blu tuto aromatickou sm\u011bs ko\u0159en\u00ed a poci\u0165te rozd\u00edl!<\/p>\n","protected":false},"featured_media":5438,"comment_status":"closed","ping_status":"closed","template":"","meta":{"_acf_changed":false},"product_brand":[],"product_cat":[339],"product_tag":[],"class_list":{"0":"post-5300","1":"product","2":"type-product","3":"status-publish","4":"has-post-thumbnail","6":"product_cat-doplnky-stravy","7":"pa_package-30-capsules","8":"pa_package-30-kapsli","9":"pa_package-90-capsules","10":"pa_package-90-kapsli","12":"first","13":"instock","14":"purchasable","15":"product-type-variable"},"acf":[],"_links":{"self":[{"href":"https:\/\/www.dxnwellness.eu\/cz\/wp-json\/wp\/v2\/product\/5300","targetHints":{"allow":["GET"]}}],"collection":[{"href":"https:\/\/www.dxnwellness.eu\/cz\/wp-json\/wp\/v2\/product"}],"about":[{"href":"https:\/\/www.dxnwellness.eu\/cz\/wp-json\/wp\/v2\/types\/product"}],"replies":[{"embeddable":true,"href":"https:\/\/www.dxnwellness.eu\/cz\/wp-json\/wp\/v2\/comments?post=5300"}],"wp:featuredmedia":[{"embeddable":true,"href":"https:\/\/www.dxnwellness.eu\/cz\/wp-json\/wp\/v2\/media\/5438"}],"wp:attachment":[{"href":"https:\/\/www.dxnwellness.eu\/cz\/wp-json\/wp\/v2\/media?parent=5300"}],"wp:term":[{"taxonomy":"product_brand","embeddable":true,"href":"https:\/\/www.dxnwellness.eu\/cz\/wp-json\/wp\/v2\/product_brand?post=5300"},{"taxonomy":"product_cat","embeddable":true,"href":"https:\/\/www.dxnwellness.eu\/cz\/wp-json\/wp\/v2\/product_cat?post=5300"},{"taxonomy":"product_tag","embeddable":true,"href":"https:\/\/www.dxnwellness.eu\/cz\/wp-json\/wp\/v2\/product_tag?post=5300"}],"curies":[{"name":"wp","href":"https:\/\/api.w.org\/{rel}","templated":true}]}}