{"id":5297,"date":"2025-03-13T07:40:27","date_gmt":"2025-03-13T07:40:27","guid":{"rendered":"https:\/\/www.dxnwellness.eu\/cz\/product\/dxn-andro-g\/"},"modified":"2025-05-23T02:02:07","modified_gmt":"2025-05-23T02:02:07","slug":"dxn-andro-g","status":"publish","type":"product","link":"https:\/\/www.dxnwellness.eu\/cz\/product\/dxn-andro-g\/","title":{"rendered":"DXN Andro-G"},"content":{"rendered":"<p>Objevte s\u00edlu DXN Andro-G, vyroben\u00e9ho z rostliny Andrographis paniculata, kter\u00e1 je pro svou specifickou chu\u0165 zn\u00e1m\u00e1 tak\u00e9 jako \u201ekr\u00e1l ho\u0159kosti\u201c. Tento \u00fa\u010dinn\u00fd bylinn\u00fd dopln\u011bk se tradi\u010dn\u011b pou\u017e\u00edv\u00e1 k podpo\u0159e stavu horn\u00edch cest d\u00fdchac\u00edch, udr\u017een\u00ed norm\u00e1ln\u00ed t\u011blesn\u00e9 teploty, zklidn\u011bn\u00ed krku, podpo\u0159e vyv\u00e1\u017een\u00e9 z\u00e1n\u011btliv\u00e9 reakce a podpo\u0159e tr\u00e1ven\u00ed.<\/p>\n<p>Dovolte bylinn\u00e9mu \u201ekr\u00e1li ho\u0159kosti\u201c, aby podpo\u0159il va\u0161i p\u0159irozenou pohodu a pomohl v\u00e1m c\u00edtit se co nejl\u00e9pe!<\/p>\n","protected":false},"excerpt":{"rendered":"<p>Objevte s\u00edlu DXN Andro-G, vyroben\u00e9ho z rostliny Andrographis paniculata, kter\u00e1 je pro svou specifickou chu\u0165 zn\u00e1m\u00e1 tak\u00e9 jako \u201ekr\u00e1l ho\u0159kosti\u201c. Tento \u00fa\u010dinn\u00fd bylinn\u00fd dopln\u011bk se tradi\u010dn\u011b pou\u017e\u00edv\u00e1 k podpo\u0159e stavu horn\u00edch cest d\u00fdchac\u00edch, udr\u017een\u00ed norm\u00e1ln\u00ed t\u011blesn\u00e9 teploty, zklidn\u011bn\u00ed krku, podpo\u0159e vyv\u00e1\u017een\u00e9 z\u00e1n\u011btliv\u00e9 reakce a podpo\u0159e tr\u00e1ven\u00ed. Dovolte bylinn\u00e9mu \u201ekr\u00e1li ho\u0159kosti\u201c, aby podpo\u0159il va\u0161i p\u0159irozenou pohodu [&hellip;]<\/p>\n","protected":false},"featured_media":5436,"comment_status":"closed","ping_status":"closed","template":"","meta":{"_acf_changed":false},"product_brand":[],"product_cat":[339],"product_tag":[],"class_list":{"0":"post-5297","1":"product","2":"type-product","3":"status-publish","4":"has-post-thumbnail","6":"product_cat-doplnky-stravy","7":"pa_package-30-capsules","8":"pa_package-30-kapsli","9":"pa_package-90-capsules","10":"pa_package-90-kapsli","12":"first","13":"instock","14":"purchasable","15":"product-type-variable"},"acf":[],"_links":{"self":[{"href":"https:\/\/www.dxnwellness.eu\/cz\/wp-json\/wp\/v2\/product\/5297","targetHints":{"allow":["GET"]}}],"collection":[{"href":"https:\/\/www.dxnwellness.eu\/cz\/wp-json\/wp\/v2\/product"}],"about":[{"href":"https:\/\/www.dxnwellness.eu\/cz\/wp-json\/wp\/v2\/types\/product"}],"replies":[{"embeddable":true,"href":"https:\/\/www.dxnwellness.eu\/cz\/wp-json\/wp\/v2\/comments?post=5297"}],"wp:featuredmedia":[{"embeddable":true,"href":"https:\/\/www.dxnwellness.eu\/cz\/wp-json\/wp\/v2\/media\/5436"}],"wp:attachment":[{"href":"https:\/\/www.dxnwellness.eu\/cz\/wp-json\/wp\/v2\/media?parent=5297"}],"wp:term":[{"taxonomy":"product_brand","embeddable":true,"href":"https:\/\/www.dxnwellness.eu\/cz\/wp-json\/wp\/v2\/product_brand?post=5297"},{"taxonomy":"product_cat","embeddable":true,"href":"https:\/\/www.dxnwellness.eu\/cz\/wp-json\/wp\/v2\/product_cat?post=5297"},{"taxonomy":"product_tag","embeddable":true,"href":"https:\/\/www.dxnwellness.eu\/cz\/wp-json\/wp\/v2\/product_tag?post=5297"}],"curies":[{"name":"wp","href":"https:\/\/api.w.org\/{rel}","templated":true}]}}