{"id":5295,"date":"2025-03-13T07:40:27","date_gmt":"2025-03-13T07:40:27","guid":{"rendered":"https:\/\/www.dxnwellness.eu\/cz\/product\/dxn-lions-mane\/"},"modified":"2025-05-23T02:02:05","modified_gmt":"2025-05-23T02:02:05","slug":"dxn-lions-mane","status":"publish","type":"product","link":"https:\/\/www.dxnwellness.eu\/cz\/product\/dxn-lions-mane\/","title":{"rendered":"DXN Lion\u2019s Mane"},"content":{"rendered":"<p>Odemkn\u011bte sv\u016fj potenci\u00e1l s DXN Lion&#8217;s Mane, p\u0159\u00edpravku vyroben\u00e9ho z mocn\u00e9 houby Lion&#8217;s Mane (Hericium erinaceus). Tento p\u0159\u00edrodn\u00ed dopln\u011bk stravy, pln\u00fd nezbytn\u00e9 vl\u00e1kniny a b\u00edlkovin, nab\u00edz\u00ed \u0159adu v\u00fdhod pro va\u0161i celkovou pohodu.<br \/>\nLv\u00ed h\u0159\u00edva je skv\u011bl\u00fdm dopl\u0148kem va\u0161eho ka\u017edodenn\u00edho \u017eivotn\u00edho rytmu.<\/p>\n<p>Bu\u010fte lvem ve sv\u00e9m \u017eivot\u011b &#8211; z\u016fsta\u0148te soust\u0159ed\u011bn\u00ed, pln\u00ed energie a ci\u0165te se l\u00e9pe ka\u017ed\u00fd den s DXN Lion&#8217;s Mane!<\/p>\n","protected":false},"excerpt":{"rendered":"<p>Odemkn\u011bte sv\u016fj potenci\u00e1l s DXN Lion&#8217;s Mane, p\u0159\u00edpravku vyroben\u00e9ho z mocn\u00e9 houby Lion&#8217;s Mane (Hericium erinaceus). Tento p\u0159\u00edrodn\u00ed dopln\u011bk stravy, pln\u00fd nezbytn\u00e9 vl\u00e1kniny a b\u00edlkovin, nab\u00edz\u00ed \u0159adu v\u00fdhod pro va\u0161i celkovou pohodu. Lv\u00ed h\u0159\u00edva je skv\u011bl\u00fdm dopl\u0148kem va\u0161eho ka\u017edodenn\u00edho \u017eivotn\u00edho rytmu. Bu\u010fte lvem ve sv\u00e9m \u017eivot\u011b &#8211; z\u016fsta\u0148te soust\u0159ed\u011bn\u00ed, pln\u00ed energie a ci\u0165te se l\u00e9pe [&hellip;]<\/p>\n","protected":false},"featured_media":5435,"comment_status":"closed","ping_status":"closed","template":"","meta":{"_acf_changed":false},"product_brand":[],"product_cat":[339],"product_tag":[],"class_list":{"0":"post-5295","1":"product","2":"type-product","3":"status-publish","4":"has-post-thumbnail","6":"product_cat-doplnky-stravy","7":"pa_package-120-tablet","8":"pa_package-120-tablets","10":"first","11":"instock","12":"purchasable","13":"product-type-simple"},"acf":[],"_links":{"self":[{"href":"https:\/\/www.dxnwellness.eu\/cz\/wp-json\/wp\/v2\/product\/5295","targetHints":{"allow":["GET"]}}],"collection":[{"href":"https:\/\/www.dxnwellness.eu\/cz\/wp-json\/wp\/v2\/product"}],"about":[{"href":"https:\/\/www.dxnwellness.eu\/cz\/wp-json\/wp\/v2\/types\/product"}],"replies":[{"embeddable":true,"href":"https:\/\/www.dxnwellness.eu\/cz\/wp-json\/wp\/v2\/comments?post=5295"}],"wp:featuredmedia":[{"embeddable":true,"href":"https:\/\/www.dxnwellness.eu\/cz\/wp-json\/wp\/v2\/media\/5435"}],"wp:attachment":[{"href":"https:\/\/www.dxnwellness.eu\/cz\/wp-json\/wp\/v2\/media?parent=5295"}],"wp:term":[{"taxonomy":"product_brand","embeddable":true,"href":"https:\/\/www.dxnwellness.eu\/cz\/wp-json\/wp\/v2\/product_brand?post=5295"},{"taxonomy":"product_cat","embeddable":true,"href":"https:\/\/www.dxnwellness.eu\/cz\/wp-json\/wp\/v2\/product_cat?post=5295"},{"taxonomy":"product_tag","embeddable":true,"href":"https:\/\/www.dxnwellness.eu\/cz\/wp-json\/wp\/v2\/product_tag?post=5295"}],"curies":[{"name":"wp","href":"https:\/\/api.w.org\/{rel}","templated":true}]}}