{"id":5293,"date":"2025-03-13T07:40:22","date_gmt":"2025-03-13T07:40:22","guid":{"rendered":"https:\/\/www.dxnwellness.eu\/cz\/product\/dxn-poria-s\/"},"modified":"2025-05-23T02:02:05","modified_gmt":"2025-05-23T02:02:05","slug":"dxn-poria-s","status":"publish","type":"product","link":"https:\/\/www.dxnwellness.eu\/cz\/product\/dxn-poria-s\/","title":{"rendered":"DXN Poria S"},"content":{"rendered":"<p>Vyzkou\u0161ejte p\u0159\u00edrodn\u00ed \u00fa\u010dinky p\u0159\u00edpravku DXN Poria S, vyroben\u00e9ho z mycelia houby Hoelen (Wolfiporia extensa \/ syn. Poria cocos). Poria cocos je zn\u00e1m\u00e1 sv\u00fdm bohat\u00fdm obsahem esenci\u00e1ln\u00edch miner\u00e1l\u016f a polysacharid\u016f a p\u0159edstavuje cenn\u00fd dopln\u011bk stravy, kter\u00fd podpo\u0159\u00ed va\u0161i celkovou pohodu a poskytne t\u011blu v\u00fd\u017eivu.<\/p>\n<p>Zvy\u0161te svou vitalitu a u\u017e\u00edvejte si vyv\u00e1\u017een\u00fd \u017eivotn\u00ed styl s DXN Poria S!<\/p>\n","protected":false},"excerpt":{"rendered":"<p>Vyzkou\u0161ejte p\u0159\u00edrodn\u00ed \u00fa\u010dinky p\u0159\u00edpravku DXN Poria S, vyroben\u00e9ho z mycelia houby Hoelen (Wolfiporia extensa \/ syn. Poria cocos). Poria cocos je zn\u00e1m\u00e1 sv\u00fdm bohat\u00fdm obsahem esenci\u00e1ln\u00edch miner\u00e1l\u016f a polysacharid\u016f a p\u0159edstavuje cenn\u00fd dopln\u011bk stravy, kter\u00fd podpo\u0159\u00ed va\u0161i celkovou pohodu a poskytne t\u011blu v\u00fd\u017eivu. Zvy\u0161te svou vitalitu a u\u017e\u00edvejte si vyv\u00e1\u017een\u00fd \u017eivotn\u00ed styl s DXN Poria [&hellip;]<\/p>\n","protected":false},"featured_media":5434,"comment_status":"closed","ping_status":"closed","template":"","meta":{"_acf_changed":false},"product_brand":[],"product_cat":[339],"product_tag":[],"class_list":{"0":"post-5293","1":"product","2":"type-product","3":"status-publish","4":"has-post-thumbnail","6":"product_cat-doplnky-stravy","7":"pa_package-30g","9":"first","10":"instock","11":"purchasable","12":"product-type-simple"},"acf":[],"_links":{"self":[{"href":"https:\/\/www.dxnwellness.eu\/cz\/wp-json\/wp\/v2\/product\/5293","targetHints":{"allow":["GET"]}}],"collection":[{"href":"https:\/\/www.dxnwellness.eu\/cz\/wp-json\/wp\/v2\/product"}],"about":[{"href":"https:\/\/www.dxnwellness.eu\/cz\/wp-json\/wp\/v2\/types\/product"}],"replies":[{"embeddable":true,"href":"https:\/\/www.dxnwellness.eu\/cz\/wp-json\/wp\/v2\/comments?post=5293"}],"wp:featuredmedia":[{"embeddable":true,"href":"https:\/\/www.dxnwellness.eu\/cz\/wp-json\/wp\/v2\/media\/5434"}],"wp:attachment":[{"href":"https:\/\/www.dxnwellness.eu\/cz\/wp-json\/wp\/v2\/media?parent=5293"}],"wp:term":[{"taxonomy":"product_brand","embeddable":true,"href":"https:\/\/www.dxnwellness.eu\/cz\/wp-json\/wp\/v2\/product_brand?post=5293"},{"taxonomy":"product_cat","embeddable":true,"href":"https:\/\/www.dxnwellness.eu\/cz\/wp-json\/wp\/v2\/product_cat?post=5293"},{"taxonomy":"product_tag","embeddable":true,"href":"https:\/\/www.dxnwellness.eu\/cz\/wp-json\/wp\/v2\/product_tag?post=5293"}],"curies":[{"name":"wp","href":"https:\/\/api.w.org\/{rel}","templated":true}]}}