{"id":5289,"date":"2025-03-13T07:40:22","date_gmt":"2025-03-13T07:40:22","guid":{"rendered":"https:\/\/www.dxnwellness.eu\/cz\/product\/dxn-spirulina\/"},"modified":"2025-05-23T02:02:07","modified_gmt":"2025-05-23T02:02:07","slug":"dxn-spirulina","status":"publish","type":"product","link":"https:\/\/www.dxnwellness.eu\/cz\/product\/dxn-spirulina\/","title":{"rendered":"DXN Spirulina"},"content":{"rendered":"<p>Vyu\u017eijte p\u0159irozenou s\u00edlu modrozelen\u00e9 \u0159asy Spirulina platensis pln\u00e9 esenci\u00e1ln\u00edch \u017eivin, kter\u00e9 podporuj\u00ed celkov\u00e9 fungov\u00e1n\u00ed va\u0161eho t\u011bla. DXN Spirulina neobsahuje chemick\u00e9 l\u00e1tky, barviva, konzerva\u010dn\u00ed l\u00e1tky ani um\u011bl\u00e9 \u010di syntetick\u00e9 p\u0159\u00edsady, co\u017e zaru\u010duje \u010dist\u00fd a p\u0159\u00edrodn\u00ed zdroj v\u00fd\u017eivy.<br \/>\nVysok\u00fd obsah b\u00edlkovin. P\u0159isp\u00edv\u00e1 k udr\u017een\u00ed norm\u00e1ln\u00ed hladiny cukru, pom\u00e1h\u00e1 p\u0159i \u00fanav\u011b, podporuje imunitn\u00ed syst\u00e9m a vitalitu organismu. Spirulina pom\u00e1h\u00e1 c\u00edtit se energi\u010dt\u011bji, m\u016f\u017ee pomoci p\u0159i reduk\u010dn\u00edch diet\u00e1ch. Zabra\u0148uje rozkladu \u0161krobu. Nerozlo\u017een\u00fd \u0161krob proch\u00e1z\u00ed st\u0159evn\u00edm traktem, \u010d\u00edm\u017e podporuje funkci st\u0159ev. Doporu\u010duje se p\u0159i reduk\u010dn\u00ed diet\u011b k udr\u017een\u00ed svalov\u00e9 hmoty.<br \/>\nSpirulina je superpotravina, kter\u00e1 podporuje obrann\u00fd syst\u00e9m va\u0161eho t\u011bla, zvy\u0161uje hladinu energie, zlep\u0161uje fyzickou aktivitu a podporuje celkov\u00fd pocit pohody.<\/p>\n<p>Za\u017eijte rozd\u00edl s ka\u017edou porc\u00ed t\u00e9to pozoruhodn\u00e9 superpotraviny pln\u00e9 \u017eivin!<\/p>\n","protected":false},"excerpt":{"rendered":"<p>Vyu\u017eijte p\u0159irozenou s\u00edlu modrozelen\u00e9 \u0159asy Spirulina platensis pln\u00e9 esenci\u00e1ln\u00edch \u017eivin, kter\u00e9 podporuj\u00ed celkov\u00e9 fungov\u00e1n\u00ed va\u0161eho t\u011bla. DXN Spirulina neobsahuje chemick\u00e9 l\u00e1tky, barviva, konzerva\u010dn\u00ed l\u00e1tky ani um\u011bl\u00e9 \u010di syntetick\u00e9 p\u0159\u00edsady, co\u017e zaru\u010duje \u010dist\u00fd a p\u0159\u00edrodn\u00ed zdroj v\u00fd\u017eivy. Vysok\u00fd obsah b\u00edlkovin. P\u0159isp\u00edv\u00e1 k udr\u017een\u00ed norm\u00e1ln\u00ed hladiny cukru, pom\u00e1h\u00e1 p\u0159i \u00fanav\u011b, podporuje imunitn\u00ed syst\u00e9m a vitalitu organismu. Spirulina [&hellip;]<\/p>\n","protected":false},"featured_media":5431,"comment_status":"closed","ping_status":"closed","template":"","meta":{"_acf_changed":false},"product_brand":[],"product_cat":[339],"product_tag":[],"class_list":{"0":"post-5289","1":"product","2":"type-product","3":"status-publish","4":"has-post-thumbnail","6":"product_cat-doplnky-stravy","7":"pa_package-120-tablet","8":"pa_package-120-tablets","9":"pa_package-500-tablet","10":"pa_package-500-tablets","11":"pa_package-50g","13":"first","14":"instock","15":"purchasable","16":"product-type-variable"},"acf":[],"_links":{"self":[{"href":"https:\/\/www.dxnwellness.eu\/cz\/wp-json\/wp\/v2\/product\/5289","targetHints":{"allow":["GET"]}}],"collection":[{"href":"https:\/\/www.dxnwellness.eu\/cz\/wp-json\/wp\/v2\/product"}],"about":[{"href":"https:\/\/www.dxnwellness.eu\/cz\/wp-json\/wp\/v2\/types\/product"}],"replies":[{"embeddable":true,"href":"https:\/\/www.dxnwellness.eu\/cz\/wp-json\/wp\/v2\/comments?post=5289"}],"wp:featuredmedia":[{"embeddable":true,"href":"https:\/\/www.dxnwellness.eu\/cz\/wp-json\/wp\/v2\/media\/5431"}],"wp:attachment":[{"href":"https:\/\/www.dxnwellness.eu\/cz\/wp-json\/wp\/v2\/media?parent=5289"}],"wp:term":[{"taxonomy":"product_brand","embeddable":true,"href":"https:\/\/www.dxnwellness.eu\/cz\/wp-json\/wp\/v2\/product_brand?post=5289"},{"taxonomy":"product_cat","embeddable":true,"href":"https:\/\/www.dxnwellness.eu\/cz\/wp-json\/wp\/v2\/product_cat?post=5289"},{"taxonomy":"product_tag","embeddable":true,"href":"https:\/\/www.dxnwellness.eu\/cz\/wp-json\/wp\/v2\/product_tag?post=5289"}],"curies":[{"name":"wp","href":"https:\/\/api.w.org\/{rel}","templated":true}]}}