{"id":5286,"date":"2025-03-13T07:40:22","date_gmt":"2025-03-13T07:40:22","guid":{"rendered":"https:\/\/www.dxnwellness.eu\/cz\/product\/dxn-cordyceps\/"},"modified":"2025-05-23T02:02:07","modified_gmt":"2025-05-23T02:02:07","slug":"dxn-cordyceps","status":"publish","type":"product","link":"https:\/\/www.dxnwellness.eu\/cz\/product\/dxn-cordyceps\/","title":{"rendered":"DXN Cordyceps"},"content":{"rendered":"<p>Objevte p\u0159\u00edrodn\u00ed vitalitu DXN Cordyceps, kter\u00fd se vyr\u00e1b\u00ed z mycelia houby Cordyceps sinensis. Cordyceps, zn\u00e1m\u00fd pro svou dlouhou historii pou\u017e\u00edv\u00e1n\u00ed v tradi\u010dn\u00ed \u010d\u00ednsk\u00e9 medic\u00edn\u011b, je proslul\u00fd podporou hladiny energie a podporou aktivn\u00edho a pestr\u00e9ho \u017eivotn\u00edho stylu.<\/p>\n<p>P\u0159ijm\u011bte s\u00edlu Cordycepsu &#8211; houby pro aktivn\u00ed a energick\u00fd \u017eivot!<\/p>\n","protected":false},"excerpt":{"rendered":"<p>Objevte p\u0159\u00edrodn\u00ed vitalitu DXN Cordyceps, kter\u00fd se vyr\u00e1b\u00ed z mycelia houby Cordyceps sinensis. Cordyceps, zn\u00e1m\u00fd pro svou dlouhou historii pou\u017e\u00edv\u00e1n\u00ed v tradi\u010dn\u00ed \u010d\u00ednsk\u00e9 medic\u00edn\u011b, je proslul\u00fd podporou hladiny energie a podporou aktivn\u00edho a pestr\u00e9ho \u017eivotn\u00edho stylu. P\u0159ijm\u011bte s\u00edlu Cordycepsu &#8211; houby pro aktivn\u00ed a energick\u00fd \u017eivot!<\/p>\n","protected":false},"featured_media":5429,"comment_status":"closed","ping_status":"closed","template":"","meta":{"_acf_changed":false},"product_brand":[],"product_cat":[339],"product_tag":[],"class_list":{"0":"post-5286","1":"product","2":"type-product","3":"status-publish","4":"has-post-thumbnail","6":"product_cat-doplnky-stravy","7":"pa_package-30g","8":"pa_package-60-kapsli","9":"pa_package-60-tablets","11":"first","12":"instock","13":"purchasable","14":"product-type-variable"},"acf":[],"_links":{"self":[{"href":"https:\/\/www.dxnwellness.eu\/cz\/wp-json\/wp\/v2\/product\/5286","targetHints":{"allow":["GET"]}}],"collection":[{"href":"https:\/\/www.dxnwellness.eu\/cz\/wp-json\/wp\/v2\/product"}],"about":[{"href":"https:\/\/www.dxnwellness.eu\/cz\/wp-json\/wp\/v2\/types\/product"}],"replies":[{"embeddable":true,"href":"https:\/\/www.dxnwellness.eu\/cz\/wp-json\/wp\/v2\/comments?post=5286"}],"wp:featuredmedia":[{"embeddable":true,"href":"https:\/\/www.dxnwellness.eu\/cz\/wp-json\/wp\/v2\/media\/5429"}],"wp:attachment":[{"href":"https:\/\/www.dxnwellness.eu\/cz\/wp-json\/wp\/v2\/media?parent=5286"}],"wp:term":[{"taxonomy":"product_brand","embeddable":true,"href":"https:\/\/www.dxnwellness.eu\/cz\/wp-json\/wp\/v2\/product_brand?post=5286"},{"taxonomy":"product_cat","embeddable":true,"href":"https:\/\/www.dxnwellness.eu\/cz\/wp-json\/wp\/v2\/product_cat?post=5286"},{"taxonomy":"product_tag","embeddable":true,"href":"https:\/\/www.dxnwellness.eu\/cz\/wp-json\/wp\/v2\/product_tag?post=5286"}],"curies":[{"name":"wp","href":"https:\/\/api.w.org\/{rel}","templated":true}]}}