{"id":5283,"date":"2025-03-13T07:40:22","date_gmt":"2025-03-13T07:40:22","guid":{"rendered":"https:\/\/www.dxnwellness.eu\/cz\/product\/dxn-reishi-mushroom-powder\/"},"modified":"2025-05-23T02:02:07","modified_gmt":"2025-05-23T02:02:07","slug":"dxn-reishi-mushroom-powder","status":"publish","type":"product","link":"https:\/\/www.dxnwellness.eu\/cz\/product\/dxn-reishi-mushroom-powder\/","title":{"rendered":"DXN Reishi Mushroom Powder"},"content":{"rendered":"<p>Odhalte pln\u00fd potenci\u00e1l Ganoderma lucidum s DXN Reishi Mushroom Powder, silnou sm\u011bs\u00ed pr\u00e1\u0161k\u016f RG a GL. Tento p\u0159\u00edrodn\u00ed dopln\u011bk stravy v sob\u011b spojuje blahod\u00e1rn\u00e9 \u00fa\u010dinky obou a poskytuje esenci\u00e1ln\u00ed \u017eiviny, kter\u00e9 podpo\u0159\u00ed va\u0161i celkovou pohodu a vitalitu, co\u017e z n\u011bj \u010din\u00ed skv\u011bl\u00fd dopln\u011bk va\u0161eho ka\u017edodenn\u00edho re\u017eimu.<\/p>\n<p>C\u00edt\u00edte se omlazeni a nabit\u00ed energi\u00ed d\u00edky jedine\u010dn\u00e9 kombinaci pr\u00e1\u0161ku z houby Reishi na sv\u00e9 ka\u017edodenn\u00ed cest\u011b za zdrav\u00edm!<\/p>\n","protected":false},"excerpt":{"rendered":"<p>Odhalte pln\u00fd potenci\u00e1l Ganoderma lucidum s DXN Reishi Mushroom Powder, silnou sm\u011bs\u00ed pr\u00e1\u0161k\u016f RG a GL. Tento p\u0159\u00edrodn\u00ed dopln\u011bk stravy v sob\u011b spojuje blahod\u00e1rn\u00e9 \u00fa\u010dinky obou a poskytuje esenci\u00e1ln\u00ed \u017eiviny, kter\u00e9 podpo\u0159\u00ed va\u0161i celkovou pohodu a vitalitu, co\u017e z n\u011bj \u010din\u00ed skv\u011bl\u00fd dopln\u011bk va\u0161eho ka\u017edodenn\u00edho re\u017eimu. C\u00edt\u00edte se omlazeni a nabit\u00ed energi\u00ed d\u00edky jedine\u010dn\u00e9 kombinaci [&hellip;]<\/p>\n","protected":false},"featured_media":5427,"comment_status":"closed","ping_status":"closed","template":"","meta":{"_acf_changed":false},"product_brand":[],"product_cat":[339],"product_tag":[],"class_list":{"0":"post-5283","1":"product","2":"type-product","3":"status-publish","4":"has-post-thumbnail","6":"product_cat-doplnky-stravy","7":"pa_package-22g","8":"pa_package-70g","10":"first","11":"instock","12":"purchasable","13":"product-type-variable"},"acf":[],"_links":{"self":[{"href":"https:\/\/www.dxnwellness.eu\/cz\/wp-json\/wp\/v2\/product\/5283","targetHints":{"allow":["GET"]}}],"collection":[{"href":"https:\/\/www.dxnwellness.eu\/cz\/wp-json\/wp\/v2\/product"}],"about":[{"href":"https:\/\/www.dxnwellness.eu\/cz\/wp-json\/wp\/v2\/types\/product"}],"replies":[{"embeddable":true,"href":"https:\/\/www.dxnwellness.eu\/cz\/wp-json\/wp\/v2\/comments?post=5283"}],"wp:featuredmedia":[{"embeddable":true,"href":"https:\/\/www.dxnwellness.eu\/cz\/wp-json\/wp\/v2\/media\/5427"}],"wp:attachment":[{"href":"https:\/\/www.dxnwellness.eu\/cz\/wp-json\/wp\/v2\/media?parent=5283"}],"wp:term":[{"taxonomy":"product_brand","embeddable":true,"href":"https:\/\/www.dxnwellness.eu\/cz\/wp-json\/wp\/v2\/product_brand?post=5283"},{"taxonomy":"product_cat","embeddable":true,"href":"https:\/\/www.dxnwellness.eu\/cz\/wp-json\/wp\/v2\/product_cat?post=5283"},{"taxonomy":"product_tag","embeddable":true,"href":"https:\/\/www.dxnwellness.eu\/cz\/wp-json\/wp\/v2\/product_tag?post=5283"}],"curies":[{"name":"wp","href":"https:\/\/api.w.org\/{rel}","templated":true}]}}