{"id":5278,"date":"2025-03-13T07:40:22","date_gmt":"2025-03-13T07:40:22","guid":{"rendered":"https:\/\/www.dxnwellness.eu\/cz\/product\/dxn-ganocelium-gl\/"},"modified":"2025-05-23T02:02:07","modified_gmt":"2025-05-23T02:02:07","slug":"dxn-ganocelium-gl","status":"publish","type":"product","link":"https:\/\/www.dxnwellness.eu\/cz\/product\/dxn-ganocelium-gl\/","title":{"rendered":"DXN Ganocelium (GL)"},"content":{"rendered":"<p>Vyzkou\u0161ejte p\u0159\u00edrodn\u00ed \u00fa\u010dinky DXN Ganocelium, kter\u00e9 je vyrobeno z mycelia 14 dn\u00ed vyzr\u00e1l\u00fdch hub Ganoderma lucidum. Tento dopln\u011bk stravy, bohat\u00fd na polysacharidy a esenci\u00e1ln\u00ed mastn\u00e9 kyseliny, bude skv\u011bl\u00fdm dopl\u0148kem va\u0161eho ka\u017edodenn\u00edho re\u017eimu, podpo\u0159\u00ed va\u0161i celkovou pohodu a pom\u016f\u017ee zlep\u0161it p\u0159irozenou rovnov\u00e1hu va\u0161eho t\u011bla.<\/p>\n<p>Zjist\u011bte, jak mohou p\u0159\u00edrodn\u00ed \u017eiviny podpo\u0159it va\u0161i cestu k lep\u0161\u00edmu zdrav\u00ed s DXN Ganocelium!<\/p>\n","protected":false},"excerpt":{"rendered":"<p>Vyzkou\u0161ejte p\u0159\u00edrodn\u00ed \u00fa\u010dinky DXN Ganocelium, kter\u00e9 je vyrobeno z mycelia 14 dn\u00ed vyzr\u00e1l\u00fdch hub Ganoderma lucidum. Tento dopln\u011bk stravy, bohat\u00fd na polysacharidy a esenci\u00e1ln\u00ed mastn\u00e9 kyseliny, bude skv\u011bl\u00fdm dopl\u0148kem va\u0161eho ka\u017edodenn\u00edho re\u017eimu, podpo\u0159\u00ed va\u0161i celkovou pohodu a pom\u016f\u017ee zlep\u0161it p\u0159irozenou rovnov\u00e1hu va\u0161eho t\u011bla. Zjist\u011bte, jak mohou p\u0159\u00edrodn\u00ed \u017eiviny podpo\u0159it va\u0161i cestu k lep\u0161\u00edmu zdrav\u00ed s [&hellip;]<\/p>\n","protected":false},"featured_media":5423,"comment_status":"closed","ping_status":"closed","template":"","meta":{"_acf_changed":false},"product_brand":[],"product_cat":[339],"product_tag":[],"class_list":{"0":"post-5278","1":"product","2":"type-product","3":"status-publish","4":"has-post-thumbnail","6":"product_cat-doplnky-stravy","7":"pa_package-30-capsules","8":"pa_package-30-kapsli","9":"pa_package-30g","10":"pa_package-360-capsules","11":"pa_package-360-kapsli","12":"pa_package-90-capsules","13":"pa_package-90-kapsli","15":"first","16":"instock","17":"purchasable","18":"product-type-variable"},"acf":[],"_links":{"self":[{"href":"https:\/\/www.dxnwellness.eu\/cz\/wp-json\/wp\/v2\/product\/5278","targetHints":{"allow":["GET"]}}],"collection":[{"href":"https:\/\/www.dxnwellness.eu\/cz\/wp-json\/wp\/v2\/product"}],"about":[{"href":"https:\/\/www.dxnwellness.eu\/cz\/wp-json\/wp\/v2\/types\/product"}],"replies":[{"embeddable":true,"href":"https:\/\/www.dxnwellness.eu\/cz\/wp-json\/wp\/v2\/comments?post=5278"}],"wp:featuredmedia":[{"embeddable":true,"href":"https:\/\/www.dxnwellness.eu\/cz\/wp-json\/wp\/v2\/media\/5423"}],"wp:attachment":[{"href":"https:\/\/www.dxnwellness.eu\/cz\/wp-json\/wp\/v2\/media?parent=5278"}],"wp:term":[{"taxonomy":"product_brand","embeddable":true,"href":"https:\/\/www.dxnwellness.eu\/cz\/wp-json\/wp\/v2\/product_brand?post=5278"},{"taxonomy":"product_cat","embeddable":true,"href":"https:\/\/www.dxnwellness.eu\/cz\/wp-json\/wp\/v2\/product_cat?post=5278"},{"taxonomy":"product_tag","embeddable":true,"href":"https:\/\/www.dxnwellness.eu\/cz\/wp-json\/wp\/v2\/product_tag?post=5278"}],"curies":[{"name":"wp","href":"https:\/\/api.w.org\/{rel}","templated":true}]}}