{"id":5273,"date":"2025-03-13T07:40:22","date_gmt":"2025-03-13T07:40:22","guid":{"rendered":"https:\/\/www.dxnwellness.eu\/cz\/product\/dxn-reishi-gano-rg\/"},"modified":"2025-05-23T02:02:07","modified_gmt":"2025-05-23T02:02:07","slug":"dxn-reishi-gano-rg","status":"publish","type":"product","link":"https:\/\/www.dxnwellness.eu\/cz\/product\/dxn-reishi-gano-rg\/","title":{"rendered":"DXN Reishi Gano (RG)"},"content":{"rendered":"<p>Objevte s\u00edlu DXN Reishi Gano (RG), pr\u00e9miov\u00e9ho dopl\u0148ku stravy vyroben\u00e9ho z 90 dn\u00ed vyzr\u00e1l\u00fdch hub Ganoderma lucidum. Tato po stalet\u00ed uct\u00edvan\u00e1 p\u0159\u00edrodn\u00ed p\u0159\u00edsada dok\u00e1\u017ee bez probl\u00e9m\u016f doplnit v\u00e1\u0161 ka\u017edodenn\u00ed re\u017eim, pom\u016f\u017ee v\u00e1m udr\u017eet celkovou pohodu a podpo\u0159it p\u0159irozenou detoxikaci.<\/p>\n<p>Za\u0159a\u010fte DXN Reishi Gano do sv\u00e9ho ka\u017edodenn\u00edho re\u017eimu a vyzkou\u0161ejte p\u0159irozen\u00fd p\u0159\u00edstup k podpo\u0159e zdrav\u00ed a vitality.<\/p>\n","protected":false},"excerpt":{"rendered":"<p>Objevte s\u00edlu DXN Reishi Gano (RG), pr\u00e9miov\u00e9ho dopl\u0148ku stravy vyroben\u00e9ho z 90 dn\u00ed vyzr\u00e1l\u00fdch hub Ganoderma lucidum. Tato po stalet\u00ed uct\u00edvan\u00e1 p\u0159\u00edrodn\u00ed p\u0159\u00edsada dok\u00e1\u017ee bez probl\u00e9m\u016f doplnit v\u00e1\u0161 ka\u017edodenn\u00ed re\u017eim, pom\u016f\u017ee v\u00e1m udr\u017eet celkovou pohodu a podpo\u0159it p\u0159irozenou detoxikaci. Za\u0159a\u010fte DXN Reishi Gano do sv\u00e9ho ka\u017edodenn\u00edho re\u017eimu a vyzkou\u0161ejte p\u0159irozen\u00fd p\u0159\u00edstup k podpo\u0159e zdrav\u00ed a [&hellip;]<\/p>\n","protected":false},"featured_media":5376,"comment_status":"closed","ping_status":"closed","template":"","meta":{"_acf_changed":false},"product_brand":[],"product_cat":[339],"product_tag":[],"class_list":{"0":"post-5273","1":"product","2":"type-product","3":"status-publish","4":"has-post-thumbnail","6":"product_cat-doplnky-stravy","7":"pa_package-15g","8":"pa_package-30-capsules","9":"pa_package-30-kapsli","10":"pa_package-360-capsules","11":"pa_package-360-kapsli","12":"pa_package-90-capsules","13":"pa_package-90-kapsli","15":"first","16":"instock","17":"purchasable","18":"product-type-variable"},"acf":[],"_links":{"self":[{"href":"https:\/\/www.dxnwellness.eu\/cz\/wp-json\/wp\/v2\/product\/5273","targetHints":{"allow":["GET"]}}],"collection":[{"href":"https:\/\/www.dxnwellness.eu\/cz\/wp-json\/wp\/v2\/product"}],"about":[{"href":"https:\/\/www.dxnwellness.eu\/cz\/wp-json\/wp\/v2\/types\/product"}],"replies":[{"embeddable":true,"href":"https:\/\/www.dxnwellness.eu\/cz\/wp-json\/wp\/v2\/comments?post=5273"}],"wp:featuredmedia":[{"embeddable":true,"href":"https:\/\/www.dxnwellness.eu\/cz\/wp-json\/wp\/v2\/media\/5376"}],"wp:attachment":[{"href":"https:\/\/www.dxnwellness.eu\/cz\/wp-json\/wp\/v2\/media?parent=5273"}],"wp:term":[{"taxonomy":"product_brand","embeddable":true,"href":"https:\/\/www.dxnwellness.eu\/cz\/wp-json\/wp\/v2\/product_brand?post=5273"},{"taxonomy":"product_cat","embeddable":true,"href":"https:\/\/www.dxnwellness.eu\/cz\/wp-json\/wp\/v2\/product_cat?post=5273"},{"taxonomy":"product_tag","embeddable":true,"href":"https:\/\/www.dxnwellness.eu\/cz\/wp-json\/wp\/v2\/product_tag?post=5273"}],"curies":[{"name":"wp","href":"https:\/\/api.w.org\/{rel}","templated":true}]}}