{"id":5271,"date":"2025-03-13T07:40:22","date_gmt":"2025-03-13T07:40:22","guid":{"rendered":"https:\/\/www.dxnwellness.eu\/cz\/product\/dxn-himalayan-salt\/"},"modified":"2025-05-23T02:02:04","modified_gmt":"2025-05-23T02:02:04","slug":"dxn-himalayan-salt","status":"publish","type":"product","link":"https:\/\/www.dxnwellness.eu\/cz\/product\/dxn-himalayan-salt\/","title":{"rendered":"DXN Himalayan Salt"},"content":{"rendered":"<p>DXN Him\u00e1lajsk\u00e1 s\u016fl &#8211; \u010dist\u00e1 him\u00e1lajsk\u00e1 s\u016fl bohat\u00e1 na miner\u00e1ly<br \/>\nHim\u00e1lajsk\u00e1 s\u016fl DXN je vysoce kvalitn\u00ed nerafinovan\u00e1 s\u016fl z\u00edsk\u00e1van\u00e1 z nedot\u010den\u00fdch him\u00e1lajsk\u00fdch hor. Tato p\u0159\u00edrodn\u00ed s\u016fl, zn\u00e1m\u00e1 svou \u010distotou a bohat\u00fdm obsahem miner\u00e1l\u016f, je pe\u010dliv\u011b extrahov\u00e1na, jodizov\u00e1na a rozemleta na mal\u00e9 krystalky, aby si zachovala svou v\u00fdjime\u010dnou kvalitu. Jej\u00ed jedine\u010dn\u00e1 r\u016f\u017eov\u00e1 barva poch\u00e1z\u00ed z obsa\u017een\u00fdch miner\u00e1l\u016f a p\u0159id\u00e1 specifick\u00fd dotek va\u0161emu va\u0159en\u00ed.<\/p>\n<p>Him\u00e1lajsk\u00e1 s\u016fl DXN &#8211; P\u0159irozen\u011b r\u016f\u017eov\u00e1, p\u0159irozen\u011b bohat\u00e1 na miner\u00e1ly, p\u0159irozen\u011b chutn\u00e1!<\/p>\n<p>P\u0159irozen\u011b bohat\u00e1 na miner\u00e1ly: Tato jodizovan\u00e1 jedl\u00e1 kamenn\u00e1 s\u016fl obsahuje z\u00e1kladn\u00ed miner\u00e1ly, jako je \u017eelezo, ho\u0159\u010d\u00edk a v\u00e1pn\u00edk, a p\u0159isp\u00edv\u00e1 tak k va\u0161emu celkov\u00e9mu zdrav\u00ed.<br \/>\nNerafinovan\u00e1 a \u010dist\u00e1: S\u016fl je skl\u00edzena p\u0159\u00edmo z him\u00e1lajsk\u00fdch hor a z\u016fst\u00e1v\u00e1 nerafinovan\u00e1, co\u017e zaru\u010duje, \u017ee si zachov\u00e1v\u00e1 sv\u00e9 p\u0159\u00edrodn\u00ed blahod\u00e1rn\u00e9 vlastnosti.<br \/>\nV\u00fdrazn\u00e1 r\u016f\u017eov\u00e1 barva: P\u0159\u00edrodn\u00ed r\u016f\u017eov\u00fd odst\u00edn, kter\u00fd vypov\u00edd\u00e1 o jej\u00edm bohatstv\u00edm na miner\u00e1ly, dod\u00e1 va\u0161im pokrm\u016fm kr\u00e1sn\u00fd vzhled.<br \/>\nIde\u00e1ln\u00ed pro ka\u017edodenn\u00ed pou\u017eit\u00ed: Ide\u00e1ln\u00ed pro dochucov\u00e1n\u00ed v\u0161ech druh\u016f pokrm\u016f &#8211; a\u0165 u\u017e p\u0159i va\u0159en\u00ed, pe\u010den\u00ed nebo p\u0159i z\u00e1v\u011bre\u010dn\u00e9m dochucen\u00ed j\u00eddel.<\/p>\n","protected":false},"excerpt":{"rendered":"<p>DXN Him\u00e1lajsk\u00e1 s\u016fl &#8211; \u010dist\u00e1 him\u00e1lajsk\u00e1 s\u016fl bohat\u00e1 na miner\u00e1ly Him\u00e1lajsk\u00e1 s\u016fl DXN je vysoce kvalitn\u00ed nerafinovan\u00e1 s\u016fl z\u00edsk\u00e1van\u00e1 z nedot\u010den\u00fdch him\u00e1lajsk\u00fdch hor. Tato p\u0159\u00edrodn\u00ed s\u016fl, zn\u00e1m\u00e1 svou \u010distotou a bohat\u00fdm obsahem miner\u00e1l\u016f, je pe\u010dliv\u011b extrahov\u00e1na, jodizov\u00e1na a rozemleta na mal\u00e9 krystalky, aby si zachovala svou v\u00fdjime\u010dnou kvalitu. Jej\u00ed jedine\u010dn\u00e1 r\u016f\u017eov\u00e1 barva poch\u00e1z\u00ed z obsa\u017een\u00fdch [&hellip;]<\/p>\n","protected":false},"featured_media":5422,"comment_status":"closed","ping_status":"closed","template":"","meta":{"_acf_changed":false},"product_brand":[],"product_cat":[327],"product_tag":[],"class_list":{"0":"post-5271","1":"product","2":"type-product","3":"status-publish","4":"has-post-thumbnail","6":"product_cat-potraviny","7":"pa_package-650-g","8":"pa_package-650g","10":"first","11":"instock","12":"product-type-simple"},"acf":[],"_links":{"self":[{"href":"https:\/\/www.dxnwellness.eu\/cz\/wp-json\/wp\/v2\/product\/5271","targetHints":{"allow":["GET"]}}],"collection":[{"href":"https:\/\/www.dxnwellness.eu\/cz\/wp-json\/wp\/v2\/product"}],"about":[{"href":"https:\/\/www.dxnwellness.eu\/cz\/wp-json\/wp\/v2\/types\/product"}],"replies":[{"embeddable":true,"href":"https:\/\/www.dxnwellness.eu\/cz\/wp-json\/wp\/v2\/comments?post=5271"}],"wp:featuredmedia":[{"embeddable":true,"href":"https:\/\/www.dxnwellness.eu\/cz\/wp-json\/wp\/v2\/media\/5422"}],"wp:attachment":[{"href":"https:\/\/www.dxnwellness.eu\/cz\/wp-json\/wp\/v2\/media?parent=5271"}],"wp:term":[{"taxonomy":"product_brand","embeddable":true,"href":"https:\/\/www.dxnwellness.eu\/cz\/wp-json\/wp\/v2\/product_brand?post=5271"},{"taxonomy":"product_cat","embeddable":true,"href":"https:\/\/www.dxnwellness.eu\/cz\/wp-json\/wp\/v2\/product_cat?post=5271"},{"taxonomy":"product_tag","embeddable":true,"href":"https:\/\/www.dxnwellness.eu\/cz\/wp-json\/wp\/v2\/product_tag?post=5271"}],"curies":[{"name":"wp","href":"https:\/\/api.w.org\/{rel}","templated":true}]}}