{"id":5269,"date":"2025-03-13T07:40:22","date_gmt":"2025-03-13T07:40:22","guid":{"rendered":"https:\/\/www.dxnwellness.eu\/cz\/product\/dxn-sugar\/"},"modified":"2025-05-23T02:02:04","modified_gmt":"2025-05-23T02:02:04","slug":"dxn-sugar","status":"publish","type":"product","link":"https:\/\/www.dxnwellness.eu\/cz\/product\/dxn-sugar\/","title":{"rendered":"DXN Sugar"},"content":{"rendered":"<p>DXN Sugar &#8211; osla\u010fte si den kvalitou<br \/>\nDXN Sugar je cukr pr\u00e9miov\u00e9 kvality poch\u00e1zej\u00edc\u00ed z pe\u010dliv\u011b vybran\u00fdch plant\u00e1\u017e\u00ed cukrov\u00e9 t\u0159tiny. Je zn\u00e1m\u00fd svou \u010distotou a p\u0159irozenou sladkost\u00ed a je dokonal\u00fdm dopl\u0148kem va\u0161ich n\u00e1poj\u016f, pe\u010diva a dal\u0161\u00edch produkt\u016f. S cukrem DXN Sugar si m\u016f\u017eete vychutnat bohatou, autentickou chu\u0165 cukru, ani\u017e byste museli d\u011blat kompromisy v kvalit\u011b.<\/p>\n<p>DXN Sugar &#8211; \u010dist\u00e1 a p\u0159\u00edrodn\u00ed volba na oslazen\u00ed va\u0161eho \u017eivota!<\/p>\n<p>Poch\u00e1z\u00ed z prvot\u0159\u00eddn\u00ed cukrov\u00e9 t\u0159tiny: Pe\u010dliv\u011b vyb\u00edran\u00e1 pro svou kvalitu, co\u017e zaru\u010duje, \u017ee ka\u017ed\u00e1 granule nab\u00edz\u00ed tu nejlep\u0161\u00ed chu\u0165 a sladkost.<br \/>\n\u010cist\u00fd a p\u0159\u00edrodn\u00ed: Bez um\u011bl\u00fdch p\u0159\u00edsad, dod\u00e1v\u00e1 va\u0161im obl\u00edben\u00fdm j\u00eddl\u016fm a n\u00e1poj\u016fm \u010distou a zdravou sladkost.<br \/>\nV\u0161estrann\u00fd a praktick\u00fd: Vhodn\u00e9 pro slazen\u00ed hork\u00fdch i studen\u00fdch n\u00e1poj\u016f, dezert\u016f a pe\u010diva.<\/p>\n","protected":false},"excerpt":{"rendered":"<p>DXN Sugar &#8211; osla\u010fte si den kvalitou DXN Sugar je cukr pr\u00e9miov\u00e9 kvality poch\u00e1zej\u00edc\u00ed z pe\u010dliv\u011b vybran\u00fdch plant\u00e1\u017e\u00ed cukrov\u00e9 t\u0159tiny. Je zn\u00e1m\u00fd svou \u010distotou a p\u0159irozenou sladkost\u00ed a je dokonal\u00fdm dopl\u0148kem va\u0161ich n\u00e1poj\u016f, pe\u010diva a dal\u0161\u00edch produkt\u016f. S cukrem DXN Sugar si m\u016f\u017eete vychutnat bohatou, autentickou chu\u0165 cukru, ani\u017e byste museli d\u011blat kompromisy v kvalit\u011b. [&hellip;]<\/p>\n","protected":false},"featured_media":5421,"comment_status":"closed","ping_status":"closed","template":"","meta":{"_acf_changed":false},"product_brand":[],"product_cat":[327],"product_tag":[],"class_list":{"0":"post-5269","1":"product","2":"type-product","3":"status-publish","4":"has-post-thumbnail","6":"product_cat-potraviny","7":"pa_package-30-x-5g","8":"pa_package-30-x5-g","10":"first","11":"instock","12":"product-type-simple"},"acf":[],"_links":{"self":[{"href":"https:\/\/www.dxnwellness.eu\/cz\/wp-json\/wp\/v2\/product\/5269","targetHints":{"allow":["GET"]}}],"collection":[{"href":"https:\/\/www.dxnwellness.eu\/cz\/wp-json\/wp\/v2\/product"}],"about":[{"href":"https:\/\/www.dxnwellness.eu\/cz\/wp-json\/wp\/v2\/types\/product"}],"replies":[{"embeddable":true,"href":"https:\/\/www.dxnwellness.eu\/cz\/wp-json\/wp\/v2\/comments?post=5269"}],"wp:featuredmedia":[{"embeddable":true,"href":"https:\/\/www.dxnwellness.eu\/cz\/wp-json\/wp\/v2\/media\/5421"}],"wp:attachment":[{"href":"https:\/\/www.dxnwellness.eu\/cz\/wp-json\/wp\/v2\/media?parent=5269"}],"wp:term":[{"taxonomy":"product_brand","embeddable":true,"href":"https:\/\/www.dxnwellness.eu\/cz\/wp-json\/wp\/v2\/product_brand?post=5269"},{"taxonomy":"product_cat","embeddable":true,"href":"https:\/\/www.dxnwellness.eu\/cz\/wp-json\/wp\/v2\/product_cat?post=5269"},{"taxonomy":"product_tag","embeddable":true,"href":"https:\/\/www.dxnwellness.eu\/cz\/wp-json\/wp\/v2\/product_tag?post=5269"}],"curies":[{"name":"wp","href":"https:\/\/api.w.org\/{rel}","templated":true}]}}