{"id":5267,"date":"2025-03-13T07:40:22","date_gmt":"2025-03-13T07:40:22","guid":{"rendered":"https:\/\/www.dxnwellness.eu\/cz\/product\/dxn-goji-berries\/"},"modified":"2025-05-23T02:02:04","modified_gmt":"2025-05-23T02:02:04","slug":"dxn-goji-berries","status":"publish","type":"product","link":"https:\/\/www.dxnwellness.eu\/cz\/product\/dxn-goji-berries\/","title":{"rendered":"DXN Goji Berries"},"content":{"rendered":"<p>DXN Goji Berries &#8211; Ovoce ml\u00e1d\u00ed<br \/>\nDXN Goji Berries, plody kustovnice \u010d\u00ednsk\u00e9 (Lycium barbarum) pln\u00e9 \u017eivin, maj\u00ed sice dost kalori\u00ed ale z\u00e1rove\u0148 jsou bohat\u00e9 na b\u00edlkoviny a vl\u00e1kninu. Tyto \u017eiv\u00e9 bobule, zn\u00e1m\u00e9 jako \u201eovoce ml\u00e1d\u00ed\u201d, jsou oslavov\u00e1ny pro sv\u016fj bohat\u00fd nutri\u010dn\u00ed profil a zdrav\u00ed prosp\u011b\u0161n\u00e9 \u00fa\u010dinky. A\u0165 u\u017e je konzumujete samostatn\u011b, nebo je p\u0159id\u00e1v\u00e1te do sv\u00fdch obl\u00edben\u00fdch j\u00eddel, bobule DXN Goji Berries p\u0159edstavuj\u00ed lahodnou a zdravou podporu pro v\u00e1\u0161 j\u00eddeln\u00ed\u010dek.<\/p>\n<p>DXN Goji Berries &#8211; v\u00fdrazn\u00e1 sva\u010dinka bohat\u00e1 na \u017eiviny, kter\u00e1 podpo\u0159\u00ed v\u00e1\u0161 zdrav\u00fd \u017eivotn\u00ed styl a vit\u00e1lnost!<\/p>\n<p>Bohat\u00e9 na \u017eiviny: Obsahuj\u00ed b\u00edlkoviny a vl\u00e1kninu a nab\u00edzej\u00ed \u0161irokou \u0161k\u00e1lu pozitivn\u00edch \u00fa\u010dink\u016f pro va\u0161e t\u011blo.<br \/>\nBohat\u00e9 na antioxidanty: P\u0159isp\u00edvaj\u00ed k ochran\u011b bun\u011bk p\u0159ed voln\u00fdmi radik\u00e1ly, mohou chr\u00e1nit bu\u0148ky a tk\u00e1n\u011b p\u0159ed oxidac\u00ed, mohou p\u0159isp\u00edvat k celkov\u00e9 antioxida\u010dn\u00ed kapacit\u011b organismu.<br \/>\n\u201eOvoce ml\u00e1d\u00ed\u201c:  Obsahuje antioxidanty. Goji jsou zn\u00e1m\u00e9 t\u00edm, \u017ee podporuj\u00ed vitalitu a dlouhov\u011bkost, a proto jsou ide\u00e1ln\u00edm dopl\u0148kem va\u0161eho j\u00eddeln\u00ed\u010dku pro mladistv\u00fd a energick\u00fd \u017eivotn\u00ed styl.<\/p>\n","protected":false},"excerpt":{"rendered":"<p>DXN Goji Berries &#8211; Ovoce ml\u00e1d\u00ed DXN Goji Berries, plody kustovnice \u010d\u00ednsk\u00e9 (Lycium barbarum) pln\u00e9 \u017eivin, maj\u00ed sice dost kalori\u00ed ale z\u00e1rove\u0148 jsou bohat\u00e9 na b\u00edlkoviny a vl\u00e1kninu. Tyto \u017eiv\u00e9 bobule, zn\u00e1m\u00e9 jako \u201eovoce ml\u00e1d\u00ed\u201d, jsou oslavov\u00e1ny pro sv\u016fj bohat\u00fd nutri\u010dn\u00ed profil a zdrav\u00ed prosp\u011b\u0161n\u00e9 \u00fa\u010dinky. A\u0165 u\u017e je konzumujete samostatn\u011b, nebo je p\u0159id\u00e1v\u00e1te do [&hellip;]<\/p>\n","protected":false},"featured_media":5420,"comment_status":"closed","ping_status":"closed","template":"","meta":{"_acf_changed":false},"product_brand":[],"product_cat":[327],"product_tag":[],"class_list":{"0":"post-5267","1":"product","2":"type-product","3":"status-publish","4":"has-post-thumbnail","6":"product_cat-potraviny","7":"pa_package-350-g","8":"pa_package-350g","10":"first","11":"instock","12":"product-type-simple"},"acf":[],"_links":{"self":[{"href":"https:\/\/www.dxnwellness.eu\/cz\/wp-json\/wp\/v2\/product\/5267","targetHints":{"allow":["GET"]}}],"collection":[{"href":"https:\/\/www.dxnwellness.eu\/cz\/wp-json\/wp\/v2\/product"}],"about":[{"href":"https:\/\/www.dxnwellness.eu\/cz\/wp-json\/wp\/v2\/types\/product"}],"replies":[{"embeddable":true,"href":"https:\/\/www.dxnwellness.eu\/cz\/wp-json\/wp\/v2\/comments?post=5267"}],"wp:featuredmedia":[{"embeddable":true,"href":"https:\/\/www.dxnwellness.eu\/cz\/wp-json\/wp\/v2\/media\/5420"}],"wp:attachment":[{"href":"https:\/\/www.dxnwellness.eu\/cz\/wp-json\/wp\/v2\/media?parent=5267"}],"wp:term":[{"taxonomy":"product_brand","embeddable":true,"href":"https:\/\/www.dxnwellness.eu\/cz\/wp-json\/wp\/v2\/product_brand?post=5267"},{"taxonomy":"product_cat","embeddable":true,"href":"https:\/\/www.dxnwellness.eu\/cz\/wp-json\/wp\/v2\/product_cat?post=5267"},{"taxonomy":"product_tag","embeddable":true,"href":"https:\/\/www.dxnwellness.eu\/cz\/wp-json\/wp\/v2\/product_tag?post=5267"}],"curies":[{"name":"wp","href":"https:\/\/api.w.org\/{rel}","templated":true}]}}