{"id":5265,"date":"2025-03-13T07:40:22","date_gmt":"2025-03-13T07:40:22","guid":{"rendered":"https:\/\/www.dxnwellness.eu\/cz\/product\/dxn-jujube-fruits\/"},"modified":"2025-05-23T02:02:04","modified_gmt":"2025-05-23T02:02:04","slug":"dxn-jujube-fruits","status":"publish","type":"product","link":"https:\/\/www.dxnwellness.eu\/cz\/product\/dxn-jujube-fruits\/","title":{"rendered":"DXN Jujube Fruits"},"content":{"rendered":"<p>DXN Jujube Fruits \u2013 su\u0161en\u00e9 \u010d\u00ednsk\u00e9 datle<br \/>\nDXN Jujube Fruits, zn\u00e1m\u00e9 tak\u00e9 jako \u010d\u00ednsk\u00e9 datle, jsou v\u00fd\u017eivn\u00e9 a v\u0161estrann\u00e9 su\u0161en\u00e9 ovoce pln\u00e9 \u0159ady d\u016fle\u017eit\u00fdch miner\u00e1l\u016f. Toto ovoce m\u00e1 vysok\u00fd obsah vl\u00e1kniny a poskytuje tak\u00e9 \u0159adu zdrav\u00ed prosp\u011b\u0161n\u00fdch l\u00e1tek. Plody Jujube si m\u016f\u017eete vychutn\u00e1vat r\u016fzn\u00fdmi zp\u016fsoby, tak\u017ee jsou ide\u00e1ln\u00ed sva\u010dinkou nebo dopl\u0148kem va\u0161ich j\u00eddel.<\/p>\n<p>DXN Jujube Fruits &#8211; chutn\u00e1, zdrav\u00e1 sva\u010dinka bohat\u00e1 na miner\u00e1ly, vitam\u00edny a antioxidanty, ide\u00e1ln\u00ed pro p\u0159irozen\u00e9 pos\u00edlen\u00ed va\u0161eho stravov\u00e1n\u00ed!<\/p>\n<p>Bohat\u00e9 na vl\u00e1kninu: \u010c\u00ednsk\u00e9 datle jsou vynikaj\u00edc\u00ed zdravou sva\u010dinkou s vysok\u00fdm obsahem vl\u00e1kniny a n\u00edzk\u00fdm obsahem kalori\u00ed.<br \/>\nAntioxidanty: Pom\u00e1haj\u00ed podporovat imunitn\u00ed syst\u00e9m a bojovat proti voln\u00fdm radik\u00e1l\u016fm.<br \/>\nV\u0161estrannost: Vychutnejte si je jako sva\u010dinu, sm\u00edchejte s cere\u00e1liemi nebo p\u0159idejte do n\u00e1poj\u016f a pol\u00e9vek pro p\u0159\u00edrodn\u00ed podporu zdrav\u00ed.<\/p>\n","protected":false},"excerpt":{"rendered":"<p>DXN Jujube Fruits \u2013 su\u0161en\u00e9 \u010d\u00ednsk\u00e9 datle DXN Jujube Fruits, zn\u00e1m\u00e9 tak\u00e9 jako \u010d\u00ednsk\u00e9 datle, jsou v\u00fd\u017eivn\u00e9 a v\u0161estrann\u00e9 su\u0161en\u00e9 ovoce pln\u00e9 \u0159ady d\u016fle\u017eit\u00fdch miner\u00e1l\u016f. Toto ovoce m\u00e1 vysok\u00fd obsah vl\u00e1kniny a poskytuje tak\u00e9 \u0159adu zdrav\u00ed prosp\u011b\u0161n\u00fdch l\u00e1tek. Plody Jujube si m\u016f\u017eete vychutn\u00e1vat r\u016fzn\u00fdmi zp\u016fsoby, tak\u017ee jsou ide\u00e1ln\u00ed sva\u010dinkou nebo dopl\u0148kem va\u0161ich j\u00eddel. DXN Jujube [&hellip;]<\/p>\n","protected":false},"featured_media":5419,"comment_status":"closed","ping_status":"closed","template":"","meta":{"_acf_changed":false},"product_brand":[],"product_cat":[327],"product_tag":[],"class_list":{"0":"post-5265","1":"product","2":"type-product","3":"status-publish","4":"has-post-thumbnail","6":"product_cat-potraviny","7":"pa_package-300-g","8":"pa_package-300g","10":"first","11":"instock","12":"product-type-simple"},"acf":[],"_links":{"self":[{"href":"https:\/\/www.dxnwellness.eu\/cz\/wp-json\/wp\/v2\/product\/5265","targetHints":{"allow":["GET"]}}],"collection":[{"href":"https:\/\/www.dxnwellness.eu\/cz\/wp-json\/wp\/v2\/product"}],"about":[{"href":"https:\/\/www.dxnwellness.eu\/cz\/wp-json\/wp\/v2\/types\/product"}],"replies":[{"embeddable":true,"href":"https:\/\/www.dxnwellness.eu\/cz\/wp-json\/wp\/v2\/comments?post=5265"}],"wp:featuredmedia":[{"embeddable":true,"href":"https:\/\/www.dxnwellness.eu\/cz\/wp-json\/wp\/v2\/media\/5419"}],"wp:attachment":[{"href":"https:\/\/www.dxnwellness.eu\/cz\/wp-json\/wp\/v2\/media?parent=5265"}],"wp:term":[{"taxonomy":"product_brand","embeddable":true,"href":"https:\/\/www.dxnwellness.eu\/cz\/wp-json\/wp\/v2\/product_brand?post=5265"},{"taxonomy":"product_cat","embeddable":true,"href":"https:\/\/www.dxnwellness.eu\/cz\/wp-json\/wp\/v2\/product_cat?post=5265"},{"taxonomy":"product_tag","embeddable":true,"href":"https:\/\/www.dxnwellness.eu\/cz\/wp-json\/wp\/v2\/product_tag?post=5265"}],"curies":[{"name":"wp","href":"https:\/\/api.w.org\/{rel}","templated":true}]}}