{"id":5262,"date":"2025-03-13T07:40:17","date_gmt":"2025-03-13T07:40:17","guid":{"rendered":"https:\/\/www.dxnwellness.eu\/cz\/product\/dxn-oocha-noodle\/"},"modified":"2025-05-23T02:02:07","modified_gmt":"2025-05-23T02:02:07","slug":"dxn-oocha-noodle","status":"publish","type":"product","link":"https:\/\/www.dxnwellness.eu\/cz\/product\/dxn-oocha-noodle\/","title":{"rendered":"DXN Oocha Noodle"},"content":{"rendered":"<p>DXN Oocha Noodle &#8211; p\u0161eni\u010dn\u00e9 nudle s \u010dajem Oolong<br \/>\nDXN Oocha Noodles jsou lahodn\u00e9 a netradi\u010dn\u00ed nudle vyroben\u00e9 z p\u0161eni\u010dn\u00e9 mouky s p\u0159\u00eddavkem pr\u00e1\u0161kov\u00e9ho \u010daje Oolong, kter\u00fd jim p\u0159id\u00e1v\u00e1 \u00fa\u017easnou chu\u0165. Tyto nudle, kter\u00e9 jsou k dost\u00e1n\u00ed v oby\u010dejn\u00e9 variant\u011b nebo s p\u0159\u00edchut\u00ed Tom Yam, p\u0159in\u00e1\u0161ej\u00ed do va\u0161eho j\u00eddla zdrav\u00fd n\u00e1dech s blahod\u00e1rn\u00fdmi \u00fa\u010dinky \u010daje Oolong. Nudle DXN Oocha jsou su\u0161en\u00e9 na vzduchu (nesma\u017een\u00e9 na oleji) a neobsahuj\u00ed \u017e\u00e1dn\u00e1 um\u011bl\u00e1 barviva, tak\u017ee jsou zdravou volbou pro v\u00e1\u0161 j\u00eddeln\u00ed\u010dek.<\/p>\n<p>Nudle DXN Oocha &#8211; lahodn\u00e1 sm\u011bs \u010daje Oolong a zdrav\u00fdch p\u0161eni\u010dn\u00fdch nudl\u00ed, kter\u00e1 je k dispozici v oby\u010dejn\u00e9 variant\u011b nebo s p\u0159\u00edchut\u00ed Tom Yam a p\u0159in\u00e1\u0161\u00ed nezapomenuteln\u00fd z\u00e1\u017eitek z j\u00eddla. Rychl\u00e9 na p\u0159\u00edpravu a v\u0161estrann\u00e9 pro r\u016fzn\u00e9 pokrmy!<\/p>\n<p>Pr\u00e1\u0161ek \u010daje Oolong: dokonal\u00e1 rovnov\u00e1ha \u010d\u00e1ste\u010dn\u011b fermentovan\u00e9ho pr\u00e1\u0161kov\u00e9ho \u010daje Oolong, kter\u00fd poskytuje jedine\u010dnou chu\u0165 a blahod\u00e1rn\u00e9 \u00fa\u010dinky \u010daje.<br \/>\nZdrav\u00e9 a p\u0159\u00edrodn\u00ed: Vyrobeno bez um\u011bl\u00fdch barviv a su\u0161eno na vzduchu pro zdrav\u011bj\u0161\u00ed alternativu sma\u017een\u00fdch nudl\u00ed.<br \/>\nRychl\u00e9 a v\u0161estrann\u00e9: Snadno se p\u0159ipravuj\u00ed, jsou ide\u00e1ln\u00ed pro rychl\u00e9 j\u00eddlo a m\u016f\u017eete si je vychutnat na mnoho r\u016fzn\u00fdch zp\u016fsob\u016f podle sv\u00e9 kulin\u00e1\u0159sk\u00e9 kreativity.<br \/>\nOby\u010dejn\u00e9 nebo s p\u0159\u00edchut\u00ed Tom Yam: Zvolte si klasickou oby\u010dejnou p\u0159\u00edchu\u0165 nebo Tom Yam se vzru\u0161uj\u00edc\u00ed kombinac\u00ed ko\u0159en\u00ed a p\u0159\u00edsad. Dokonal\u00e1 kombinace tradi\u010dn\u00edho ko\u0159en\u00ed Tom Yam, kter\u00e1 nab\u00edz\u00ed sv\u011b\u017e\u00ed a lahodnou p\u0159\u00edchu\u0165.<\/p>\n","protected":false},"excerpt":{"rendered":"<p>DXN Oocha Noodle &#8211; p\u0161eni\u010dn\u00e9 nudle s \u010dajem Oolong DXN Oocha Noodles jsou lahodn\u00e9 a netradi\u010dn\u00ed nudle vyroben\u00e9 z p\u0161eni\u010dn\u00e9 mouky s p\u0159\u00eddavkem pr\u00e1\u0161kov\u00e9ho \u010daje Oolong, kter\u00fd jim p\u0159id\u00e1v\u00e1 \u00fa\u017easnou chu\u0165. Tyto nudle, kter\u00e9 jsou k dost\u00e1n\u00ed v oby\u010dejn\u00e9 variant\u011b nebo s p\u0159\u00edchut\u00ed Tom Yam, p\u0159in\u00e1\u0161ej\u00ed do va\u0161eho j\u00eddla zdrav\u00fd n\u00e1dech s blahod\u00e1rn\u00fdmi \u00fa\u010dinky \u010daje [&hellip;]<\/p>\n","protected":false},"featured_media":5417,"comment_status":"closed","ping_status":"closed","template":"","meta":{"_acf_changed":false},"product_brand":[],"product_cat":[327],"product_tag":[],"class_list":{"0":"post-5262","1":"product","2":"type-product","3":"status-publish","4":"has-post-thumbnail","6":"product_cat-potraviny","7":"pa_package-4-balicky-x-75g","8":"pa_package-4-balicky-x-85g","9":"pa_package-4x75-g","10":"pa_package-4x85-g","12":"first","13":"instock","14":"purchasable","15":"product-type-variable"},"acf":[],"_links":{"self":[{"href":"https:\/\/www.dxnwellness.eu\/cz\/wp-json\/wp\/v2\/product\/5262","targetHints":{"allow":["GET"]}}],"collection":[{"href":"https:\/\/www.dxnwellness.eu\/cz\/wp-json\/wp\/v2\/product"}],"about":[{"href":"https:\/\/www.dxnwellness.eu\/cz\/wp-json\/wp\/v2\/types\/product"}],"replies":[{"embeddable":true,"href":"https:\/\/www.dxnwellness.eu\/cz\/wp-json\/wp\/v2\/comments?post=5262"}],"wp:featuredmedia":[{"embeddable":true,"href":"https:\/\/www.dxnwellness.eu\/cz\/wp-json\/wp\/v2\/media\/5417"}],"wp:attachment":[{"href":"https:\/\/www.dxnwellness.eu\/cz\/wp-json\/wp\/v2\/media?parent=5262"}],"wp:term":[{"taxonomy":"product_brand","embeddable":true,"href":"https:\/\/www.dxnwellness.eu\/cz\/wp-json\/wp\/v2\/product_brand?post=5262"},{"taxonomy":"product_cat","embeddable":true,"href":"https:\/\/www.dxnwellness.eu\/cz\/wp-json\/wp\/v2\/product_cat?post=5262"},{"taxonomy":"product_tag","embeddable":true,"href":"https:\/\/www.dxnwellness.eu\/cz\/wp-json\/wp\/v2\/product_tag?post=5262"}],"curies":[{"name":"wp","href":"https:\/\/api.w.org\/{rel}","templated":true}]}}