{"id":5259,"date":"2025-03-13T07:40:17","date_gmt":"2025-03-13T07:40:17","guid":{"rendered":"https:\/\/www.dxnwellness.eu\/cz\/product\/dxn-spirudle\/"},"modified":"2025-05-23T02:02:07","modified_gmt":"2025-05-23T02:02:07","slug":"dxn-spirudle","status":"publish","type":"product","link":"https:\/\/www.dxnwellness.eu\/cz\/product\/dxn-spirudle\/","title":{"rendered":"DXN Spirudle"},"content":{"rendered":"<p>DXN Spirudle nab\u00edz\u00ed chutnou a v\u00fd\u017eivnou variantu nudl\u00ed z p\u0161eni\u010dn\u00fdch nudl\u00ed sm\u00edchan\u00fdch s pr\u00e1\u0161kem Spiruliny, co\u017e je \u00fa\u010dinn\u00e1 superpotravina. Tyto nudle jsou k dispozici ve dvou zaj\u00edmav\u00fdch variant\u00e1ch &#8211; oby\u010dejn\u00e9 a s p\u0159\u00edchut\u00ed Tom Yam \u2013 pro jejich snadnou p\u0159\u00edpravu p\u0159edstavuj\u00ed rychl\u00e9 a zdrav\u00e9 j\u00eddlo. Spirudle DXN jsou su\u0161en\u00e9 na vzduchu, nikoliv sma\u017een\u00e9 na oleji, a neobsahuj\u00ed \u017e\u00e1dn\u00e1 um\u011bl\u00e1 barviva, co\u017e zaru\u010duje zdrav\u011bj\u0161\u00ed a prosp\u011b\u0161n\u011bj\u0161\u00ed volbu. <\/p>\n<p>DXN Spirudle &#8211; rychl\u00e1, zdrav\u00e1 a chutn\u00e1 volba nudl\u00ed se silou spiruliny, dostupn\u00e1 ve dvou skv\u011bl\u00fdch p\u0159\u00edchut\u00edch pro rozli\u010dn\u00e9 chu\u0165ov\u00e9 preference!<\/p>\n<p>Poh\u00e1n\u011bno spirulinou: Vyrobeno z pr\u00e1\u0161kov\u00e9 spiruliny, superpotraviny s vysok\u00fdm obsahem \u017eivin, kter\u00e1 je pln\u00e1 nezbytn\u00fdch miner\u00e1l\u016f.<br \/>\nP\u0159\u00edrodn\u00ed slo\u017eky: \u017d\u00e1dn\u00e1 um\u011bl\u00e1 barviva ani konzerva\u010dn\u00ed l\u00e1tky, co\u017e nab\u00edz\u00ed \u010distou, neposkvrn\u011bnou stravu.<br \/>\nRychl\u00e9 a pohodln\u00e9: Snadn\u00e1 p\u0159\u00edprava pro rychl\u00e9 a zdrav\u00e9 j\u00eddlo kdykoliv.<br \/>\nSu\u0161en\u00e9 na vzduchu: Zdrav\u011bj\u0161\u00ed oproti sma\u017een\u00fdm nudl\u00edm, zachov\u00e1vaj\u00ed si v\u0161echny p\u0159\u00edrodn\u00ed vlastnosti bez p\u0159ebyte\u010dn\u00e9ho oleje.<\/p>\n","protected":false},"excerpt":{"rendered":"<p>DXN Spirudle nab\u00edz\u00ed chutnou a v\u00fd\u017eivnou variantu nudl\u00ed z p\u0161eni\u010dn\u00fdch nudl\u00ed sm\u00edchan\u00fdch s pr\u00e1\u0161kem Spiruliny, co\u017e je \u00fa\u010dinn\u00e1 superpotravina. Tyto nudle jsou k dispozici ve dvou zaj\u00edmav\u00fdch variant\u00e1ch &#8211; oby\u010dejn\u00e9 a s p\u0159\u00edchut\u00ed Tom Yam \u2013 pro jejich snadnou p\u0159\u00edpravu p\u0159edstavuj\u00ed rychl\u00e9 a zdrav\u00e9 j\u00eddlo. Spirudle DXN jsou su\u0161en\u00e9 na vzduchu, nikoliv sma\u017een\u00e9 na oleji, [&hellip;]<\/p>\n","protected":false},"featured_media":5415,"comment_status":"closed","ping_status":"closed","template":"","meta":{"_acf_changed":false},"product_brand":[],"product_cat":[327],"product_tag":[],"class_list":{"0":"post-5259","1":"product","2":"type-product","3":"status-publish","4":"has-post-thumbnail","6":"product_cat-potraviny","7":"pa_package-4-balicky-x-75g","8":"pa_package-4-balicky-x-85g","9":"pa_package-4x75-g","10":"pa_package-4x85-g","12":"first","13":"instock","14":"purchasable","15":"product-type-variable"},"acf":[],"_links":{"self":[{"href":"https:\/\/www.dxnwellness.eu\/cz\/wp-json\/wp\/v2\/product\/5259","targetHints":{"allow":["GET"]}}],"collection":[{"href":"https:\/\/www.dxnwellness.eu\/cz\/wp-json\/wp\/v2\/product"}],"about":[{"href":"https:\/\/www.dxnwellness.eu\/cz\/wp-json\/wp\/v2\/types\/product"}],"replies":[{"embeddable":true,"href":"https:\/\/www.dxnwellness.eu\/cz\/wp-json\/wp\/v2\/comments?post=5259"}],"wp:featuredmedia":[{"embeddable":true,"href":"https:\/\/www.dxnwellness.eu\/cz\/wp-json\/wp\/v2\/media\/5415"}],"wp:attachment":[{"href":"https:\/\/www.dxnwellness.eu\/cz\/wp-json\/wp\/v2\/media?parent=5259"}],"wp:term":[{"taxonomy":"product_brand","embeddable":true,"href":"https:\/\/www.dxnwellness.eu\/cz\/wp-json\/wp\/v2\/product_brand?post=5259"},{"taxonomy":"product_cat","embeddable":true,"href":"https:\/\/www.dxnwellness.eu\/cz\/wp-json\/wp\/v2\/product_cat?post=5259"},{"taxonomy":"product_tag","embeddable":true,"href":"https:\/\/www.dxnwellness.eu\/cz\/wp-json\/wp\/v2\/product_tag?post=5259"}],"curies":[{"name":"wp","href":"https:\/\/api.w.org\/{rel}","templated":true}]}}