{"id":5257,"date":"2025-03-13T07:40:17","date_gmt":"2025-03-13T07:40:17","guid":{"rendered":"https:\/\/www.dxnwellness.eu\/cz\/product\/dxn-apple-fermented-jam\/"},"modified":"2025-05-23T02:02:04","modified_gmt":"2025-05-23T02:02:04","slug":"dxn-apple-fermented-jam","status":"publish","type":"product","link":"https:\/\/www.dxnwellness.eu\/cz\/product\/dxn-apple-fermented-jam\/","title":{"rendered":"DXN Apple Fermented Jam"},"content":{"rendered":"<p>DXN Apple Fermented Jam &#8211; sladk\u00e1 a sv\u011b\u017e\u00ed pochoutka<br \/>\nDXN Apple Fermented Jam nab\u00edz\u00ed jedine\u010dnou sladkokyselou chu\u0165, kter\u00e1 se stane obl\u00edbenou ve va\u0161\u00ed kuchyni. Tento d\u017eem je vyroben z fermentovan\u00fdch jablek a je ide\u00e1ln\u00ed k namaz\u00e1n\u00ed na pe\u010divo, pala\u010dinky nebo k pou\u017eit\u00ed p\u0159i pe\u010den\u00ed. M\u016f\u017eete jej tak\u00e9 sm\u00edchat s vodou a p\u0159ipravit si osv\u011b\u017euj\u00edc\u00ed jable\u010dn\u00fd n\u00e1poj. A\u0165 u\u017e si ho vychutn\u00e1te jako pomaz\u00e1nku nebo n\u00e1poj, p\u0159in\u00e1\u0161\u00ed lahodnou chu\u0165 spolu s dal\u0161\u00edmi v\u00fdhodami podporuj\u00edc\u00edmi tr\u00e1ven\u00ed.<\/p>\n<p>DXN Fermentovan\u00fd jable\u010dn\u00fd d\u017eem &#8211; lahodn\u00fd, v\u0161estrann\u00fd dopln\u011bk do va\u0161\u00ed sp\u00ed\u017ee, kter\u00fd podpo\u0159\u00ed va\u0161e chu\u0165ov\u00e9 poh\u00e1rky i tr\u00e1ven\u00ed!<\/p>\n<p>V\u0161estrann\u00fd a lahodn\u00fd: Vychutnejte si ho jako pomaz\u00e1nku, p\u0159i pe\u010den\u00ed nebo jako n\u00e1poj pro lahodnou jable\u010dnou chu\u0165 p\u0159i ka\u017ed\u00e9m pou\u017eit\u00ed.<br \/>\nPodporuje tr\u00e1ven\u00ed: D\u00edky fermentovan\u00e9mu jable\u010dn\u00e9mu z\u00e1kladu tato pasta podporuje dobr\u00e9 tr\u00e1ven\u00ed a z\u00e1rove\u0148 uspokoj\u00ed va\u0161e chu\u0165ov\u00e9 poh\u00e1rky.<br \/>\nPraktick\u00fd a chutn\u00fd: Ide\u00e1ln\u00ed pro rychl\u00e9 ka\u017edodenn\u00ed pou\u017eit\u00ed do r\u016fzn\u00fdch j\u00eddel a sva\u010din.<\/p>\n","protected":false},"excerpt":{"rendered":"<p>DXN Apple Fermented Jam &#8211; sladk\u00e1 a sv\u011b\u017e\u00ed pochoutka DXN Apple Fermented Jam nab\u00edz\u00ed jedine\u010dnou sladkokyselou chu\u0165, kter\u00e1 se stane obl\u00edbenou ve va\u0161\u00ed kuchyni. Tento d\u017eem je vyroben z fermentovan\u00fdch jablek a je ide\u00e1ln\u00ed k namaz\u00e1n\u00ed na pe\u010divo, pala\u010dinky nebo k pou\u017eit\u00ed p\u0159i pe\u010den\u00ed. M\u016f\u017eete jej tak\u00e9 sm\u00edchat s vodou a p\u0159ipravit si osv\u011b\u017euj\u00edc\u00ed jable\u010dn\u00fd [&hellip;]<\/p>\n","protected":false},"featured_media":5414,"comment_status":"closed","ping_status":"closed","template":"","meta":{"_acf_changed":false},"product_brand":[],"product_cat":[327],"product_tag":[],"class_list":{"0":"post-5257","1":"product","2":"type-product","3":"status-publish","4":"has-post-thumbnail","6":"product_cat-potraviny","7":"pa_package-20-balicku-x-15g","8":"pa_package-20-packs-x-15-g","10":"first","11":"instock","12":"purchasable","13":"product-type-simple"},"acf":[],"_links":{"self":[{"href":"https:\/\/www.dxnwellness.eu\/cz\/wp-json\/wp\/v2\/product\/5257","targetHints":{"allow":["GET"]}}],"collection":[{"href":"https:\/\/www.dxnwellness.eu\/cz\/wp-json\/wp\/v2\/product"}],"about":[{"href":"https:\/\/www.dxnwellness.eu\/cz\/wp-json\/wp\/v2\/types\/product"}],"replies":[{"embeddable":true,"href":"https:\/\/www.dxnwellness.eu\/cz\/wp-json\/wp\/v2\/comments?post=5257"}],"wp:featuredmedia":[{"embeddable":true,"href":"https:\/\/www.dxnwellness.eu\/cz\/wp-json\/wp\/v2\/media\/5414"}],"wp:attachment":[{"href":"https:\/\/www.dxnwellness.eu\/cz\/wp-json\/wp\/v2\/media?parent=5257"}],"wp:term":[{"taxonomy":"product_brand","embeddable":true,"href":"https:\/\/www.dxnwellness.eu\/cz\/wp-json\/wp\/v2\/product_brand?post=5257"},{"taxonomy":"product_cat","embeddable":true,"href":"https:\/\/www.dxnwellness.eu\/cz\/wp-json\/wp\/v2\/product_cat?post=5257"},{"taxonomy":"product_tag","embeddable":true,"href":"https:\/\/www.dxnwellness.eu\/cz\/wp-json\/wp\/v2\/product_tag?post=5257"}],"curies":[{"name":"wp","href":"https:\/\/api.w.org\/{rel}","templated":true}]}}