{"id":5255,"date":"2025-03-13T07:40:17","date_gmt":"2025-03-13T07:40:17","guid":{"rendered":"https:\/\/www.dxnwellness.eu\/cz\/product\/dxn-organic-virgin-coconut-oil\/"},"modified":"2025-05-23T02:02:04","modified_gmt":"2025-05-23T02:02:04","slug":"dxn-organic-virgin-coconut-oil","status":"publish","type":"product","link":"https:\/\/www.dxnwellness.eu\/cz\/product\/dxn-organic-virgin-coconut-oil\/","title":{"rendered":"DXN Organic Virgin Coconut Oil -BIO"},"content":{"rendered":"<p>DXN Organic Virgin Coconut Oil &#8211; BIO &#8211; \u010dist\u00fd a p\u0159\u00edrodn\u00ed kokosov\u00fd olej<br \/>\nDXN Organic Virgin Coconut Oil je prvot\u0159\u00eddn\u00ed 100% panensk\u00fd kokosov\u00fd olej, kter\u00fd se vyr\u00e1b\u00ed ze zral\u00fdch, \u010derstv\u00fdch a ekologicky sklizen\u00fdch kokosov\u00fdch o\u0159ech\u016f. Tento nerafinovan\u00fd, za studena lisovan\u00fd olej si zachov\u00e1v\u00e1 v\u0161echny sv\u00e9 p\u0159\u00edrodn\u00ed bioaktivn\u00ed slo\u017eky, co\u017e z n\u011bj \u010din\u00ed ide\u00e1ln\u00ed volbu pro celou \u0159adu pou\u017eit\u00ed, a to jak v kuchyni, tak pro osobn\u00ed p\u00e9\u010di.<\/p>\n<p>DXN BIO panensk\u00fd kokosov\u00fd olej &#8211; BIO &#8211; Poznejte \u010dist\u00e9, v\u0161estrann\u00e9 a p\u0159\u00edrodn\u00ed \u00fa\u010dinky kokosov\u00e9ho oleje v ka\u017ed\u00e9 kapce!<\/p>\n<p>100% p\u0159\u00edrodn\u00ed a \u010dist\u00fd: Tento olej je vyroben z nejkvalitn\u011bj\u0161\u00edch kokosov\u00fdch o\u0159ech\u016f, je nerafinovan\u00fd a lisovan\u00fd za studena, aby si zachoval sv\u00e9 \u017eiviny a bioaktivn\u00ed l\u00e1tky.<br \/>\nV\u0161estrann\u00e9 pou\u017eit\u00ed: Vhodn\u00fd pro pe\u010den\u00ed, sma\u017een\u00ed a dochucov\u00e1n\u00ed nebo pro vn\u011bj\u0161\u00ed pou\u017eit\u00ed na vlasy a poko\u017eku, kde m\u00e1 hydrata\u010dn\u00ed a vy\u017eivuj\u00edc\u00ed \u00fa\u010dinek.<br \/>\n\u0160etrn\u00e9 k \u017eivotn\u00edmu prost\u0159ed\u00ed a t\u011blu: Zcela p\u0159\u00edrodn\u00ed a biologicky \u0161etrn\u00fd produkt, kter\u00fd v\u00e1m poskytne bezpe\u010dn\u00fd v\u00fdrobek bez chemick\u00fdch l\u00e1tek pro va\u0159en\u00ed i osobn\u00ed p\u00e9\u010di.<\/p>\n","protected":false},"excerpt":{"rendered":"<p>DXN Organic Virgin Coconut Oil &#8211; BIO &#8211; \u010dist\u00fd a p\u0159\u00edrodn\u00ed kokosov\u00fd olej DXN Organic Virgin Coconut Oil je prvot\u0159\u00eddn\u00ed 100% panensk\u00fd kokosov\u00fd olej, kter\u00fd se vyr\u00e1b\u00ed ze zral\u00fdch, \u010derstv\u00fdch a ekologicky sklizen\u00fdch kokosov\u00fdch o\u0159ech\u016f. Tento nerafinovan\u00fd, za studena lisovan\u00fd olej si zachov\u00e1v\u00e1 v\u0161echny sv\u00e9 p\u0159\u00edrodn\u00ed bioaktivn\u00ed slo\u017eky, co\u017e z n\u011bj \u010din\u00ed ide\u00e1ln\u00ed volbu pro [&hellip;]<\/p>\n","protected":false},"featured_media":5413,"comment_status":"closed","ping_status":"closed","template":"","meta":{"_acf_changed":false},"product_brand":[],"product_cat":[327],"product_tag":[],"class_list":{"0":"post-5255","1":"product","2":"type-product","3":"status-publish","4":"has-post-thumbnail","6":"product_cat-potraviny","7":"pa_package-500-ml","8":"pa_package-500ml","10":"first","11":"instock","12":"purchasable","13":"product-type-simple"},"acf":[],"_links":{"self":[{"href":"https:\/\/www.dxnwellness.eu\/cz\/wp-json\/wp\/v2\/product\/5255","targetHints":{"allow":["GET"]}}],"collection":[{"href":"https:\/\/www.dxnwellness.eu\/cz\/wp-json\/wp\/v2\/product"}],"about":[{"href":"https:\/\/www.dxnwellness.eu\/cz\/wp-json\/wp\/v2\/types\/product"}],"replies":[{"embeddable":true,"href":"https:\/\/www.dxnwellness.eu\/cz\/wp-json\/wp\/v2\/comments?post=5255"}],"wp:featuredmedia":[{"embeddable":true,"href":"https:\/\/www.dxnwellness.eu\/cz\/wp-json\/wp\/v2\/media\/5413"}],"wp:attachment":[{"href":"https:\/\/www.dxnwellness.eu\/cz\/wp-json\/wp\/v2\/media?parent=5255"}],"wp:term":[{"taxonomy":"product_brand","embeddable":true,"href":"https:\/\/www.dxnwellness.eu\/cz\/wp-json\/wp\/v2\/product_brand?post=5255"},{"taxonomy":"product_cat","embeddable":true,"href":"https:\/\/www.dxnwellness.eu\/cz\/wp-json\/wp\/v2\/product_cat?post=5255"},{"taxonomy":"product_tag","embeddable":true,"href":"https:\/\/www.dxnwellness.eu\/cz\/wp-json\/wp\/v2\/product_tag?post=5255"}],"curies":[{"name":"wp","href":"https:\/\/api.w.org\/{rel}","templated":true}]}}