{"id":5253,"date":"2025-03-13T07:40:17","date_gmt":"2025-03-13T07:40:17","guid":{"rendered":"https:\/\/www.dxnwellness.eu\/cz\/product\/dxn-spirulina-cereal\/"},"modified":"2025-05-23T02:02:04","modified_gmt":"2025-05-23T02:02:04","slug":"dxn-spirulina-cereal","status":"publish","type":"product","link":"https:\/\/www.dxnwellness.eu\/cz\/product\/dxn-spirulina-cereal\/","title":{"rendered":"DXN Spirulina Cereal"},"content":{"rendered":"<p>DXN Spirulina Cereal \u2013 Cere\u00e1lie se spirulinou, sn\u00eddan\u011b bohat\u00e1 na \u017eiviny<br \/>\nDXN Spirulina Cereal je plnohodnotn\u00e1 sm\u011bs obilovin ur\u010den\u00e1 pro v\u00fd\u017eivnou sn\u00eddani, kter\u00e1 obsahuje mikro\u0159asy Spirulina. Tato cere\u00e1lie nab\u00edz\u00ed p\u0159\u00edjemnou chu\u0165 mo\u0159sk\u00fdch \u0159as a je pln\u00e1 d\u016fle\u017eit\u00e9 vl\u00e1kniny a miner\u00e1l\u016f pro spr\u00e1vn\u00fd start do nov\u00e9ho dne. Vyr\u00e1b\u00ed se z p\u0159\u00edrodn\u00ed Spiruliny a mezi jednotliv\u00fdmi v\u00e1rkami se mohou vyskytnout m\u00edrn\u00e9 barevn\u00e9 odchylky, kter\u00e9 odr\u00e1\u017eej\u00ed jej\u00ed \u010dist\u00e9, p\u0159\u00edrodn\u00ed slo\u017een\u00ed.<\/p>\n<p>DXN Spirulina cere\u00e1lie &#8211; Za\u010dn\u011bte sv\u016fj den sn\u00edda\u0148ov\u00fdmi cere\u00e1liemi obsahuj\u00edc\u00edmi superpotravinu Spirulina pro dlouhotrvaj\u00edc\u00ed energii a v\u00fd\u017eivu!<\/p>\n<p>Pln\u00e1 \u017eivin: Vychutnejte si sn\u00eddani plnou z\u00e1kladn\u00edch \u017eivin, v\u010detn\u011b vl\u00e1kniny a miner\u00e1l\u016f, kter\u00e9 obsahuje Spirulina, zn\u00e1m\u00e1 jako superpotravina.<br \/>\nP\u0159\u00edrodn\u00ed slo\u017eky: Vyrobeno z \u010dist\u00fdch mikro\u0159as Spirulina, kter\u00e9 poskytuj\u00ed p\u0159irozenou a zdravou podporu t\u011bla.<br \/>\nSnadn\u00e1 p\u0159\u00edprava: Rychl\u00e9 a v\u00fd\u017eivn\u00e9 j\u00eddlo pro va\u0161e ru\u0161n\u00e1 r\u00e1na.<\/p>\n","protected":false},"excerpt":{"rendered":"<p>DXN Spirulina Cereal \u2013 Cere\u00e1lie se spirulinou, sn\u00eddan\u011b bohat\u00e1 na \u017eiviny DXN Spirulina Cereal je plnohodnotn\u00e1 sm\u011bs obilovin ur\u010den\u00e1 pro v\u00fd\u017eivnou sn\u00eddani, kter\u00e1 obsahuje mikro\u0159asy Spirulina. Tato cere\u00e1lie nab\u00edz\u00ed p\u0159\u00edjemnou chu\u0165 mo\u0159sk\u00fdch \u0159as a je pln\u00e1 d\u016fle\u017eit\u00e9 vl\u00e1kniny a miner\u00e1l\u016f pro spr\u00e1vn\u00fd start do nov\u00e9ho dne. Vyr\u00e1b\u00ed se z p\u0159\u00edrodn\u00ed Spiruliny a mezi jednotliv\u00fdmi v\u00e1rkami [&hellip;]<\/p>\n","protected":false},"featured_media":5412,"comment_status":"closed","ping_status":"closed","template":"","meta":{"_acf_changed":false},"product_brand":[],"product_cat":[327],"product_tag":[],"class_list":{"0":"post-5253","1":"product","2":"type-product","3":"status-publish","4":"has-post-thumbnail","6":"product_cat-potraviny","7":"pa_package-30-packs-x-30-g","8":"pa_package-30-sacku-x-30g","10":"first","11":"instock","12":"purchasable","13":"product-type-simple"},"acf":[],"_links":{"self":[{"href":"https:\/\/www.dxnwellness.eu\/cz\/wp-json\/wp\/v2\/product\/5253","targetHints":{"allow":["GET"]}}],"collection":[{"href":"https:\/\/www.dxnwellness.eu\/cz\/wp-json\/wp\/v2\/product"}],"about":[{"href":"https:\/\/www.dxnwellness.eu\/cz\/wp-json\/wp\/v2\/types\/product"}],"replies":[{"embeddable":true,"href":"https:\/\/www.dxnwellness.eu\/cz\/wp-json\/wp\/v2\/comments?post=5253"}],"wp:featuredmedia":[{"embeddable":true,"href":"https:\/\/www.dxnwellness.eu\/cz\/wp-json\/wp\/v2\/media\/5412"}],"wp:attachment":[{"href":"https:\/\/www.dxnwellness.eu\/cz\/wp-json\/wp\/v2\/media?parent=5253"}],"wp:term":[{"taxonomy":"product_brand","embeddable":true,"href":"https:\/\/www.dxnwellness.eu\/cz\/wp-json\/wp\/v2\/product_brand?post=5253"},{"taxonomy":"product_cat","embeddable":true,"href":"https:\/\/www.dxnwellness.eu\/cz\/wp-json\/wp\/v2\/product_cat?post=5253"},{"taxonomy":"product_tag","embeddable":true,"href":"https:\/\/www.dxnwellness.eu\/cz\/wp-json\/wp\/v2\/product_tag?post=5253"}],"curies":[{"name":"wp","href":"https:\/\/api.w.org\/{rel}","templated":true}]}}