{"id":5251,"date":"2025-03-13T07:40:17","date_gmt":"2025-03-13T07:40:17","guid":{"rendered":"https:\/\/www.dxnwellness.eu\/cz\/product\/dxn-zhi-mint-plus\/"},"modified":"2025-05-23T02:02:04","modified_gmt":"2025-05-23T02:02:04","slug":"dxn-zhi-mint-plus","status":"publish","type":"product","link":"https:\/\/www.dxnwellness.eu\/cz\/product\/dxn-zhi-mint-plus\/","title":{"rendered":"DXN Zhi Mint Plus"},"content":{"rendered":"<p>DXN Zhi Mint Plus &#8211; Osv\u011b\u017euj\u00edc\u00ed m\u00e1tov\u00e9 bonbony s Ganodermou<br \/>\nDXN Zhi Mint Plus jsou osv\u011b\u017euj\u00edc\u00ed m\u00e1tov\u00e9 lisovan\u00e9 bonbony s m\u00e1tov\u00fdm olejem a pr\u00e1\u0161kem z houby Ganoderma lucidum (Reishi). Tyto osv\u011b\u017euj\u00edc\u00ed bonbony pom\u00e1haj\u00ed osv\u011b\u017eit dech a z\u00e1rove\u0148 poskytuj\u00ed dlouhotrvaj\u00edc\u00ed pocit chladu a sv\u011b\u017eesti. A\u0165 u\u017e pot\u0159ebujete rychl\u00e9 osv\u011b\u017een\u00ed dechu nebo m\u00e1tovou vzpruhu, Zhi Mint Plus je dokonal\u00fdm \u0159e\u0161en\u00edm.<\/p>\n<p>DXN Zhi Mint Plus &#8211; Z\u00edskejte m\u00e1tovou vzpruhu s p\u0159\u00eddavkem zdrav\u00ed podp\u016frn\u00fdch \u00fa\u010dink\u016f Ganodermy v ka\u017ed\u00e9m bonbonu!<\/p>\n<p>Osv\u011b\u017een\u00ed dechu: Tyto bonbony jsou ide\u00e1ln\u00ed pro osv\u011b\u017een\u00ed dechu a zanech\u00e1vaj\u00ed chladivou m\u00e1tovou p\u0159\u00edchu\u0165.<br \/>\nPodpo\u0159en\u00ed kondice: Napln\u011bn\u00e9 p\u0159\u00edrodn\u00edmi benefity Ganodermy lucidum v\u00e1m poskytnou p\u0159\u00edliv zdrav\u00ed podp\u016frn\u00fdch \u00fa\u010dink\u016f a z\u00e1rove\u0148 v\u00e1s osv\u011b\u017e\u00ed.<br \/>\nIde\u00e1ln\u00ed pro ka\u017edou chv\u00edli: Pro rychl\u00e9 a osv\u011b\u017euj\u00edc\u00ed pot\u011b\u0161en\u00ed, kdykoli pot\u0159ebujete: M\u011bjte je v kapse, kabelce nebo v aut\u011b.<\/p>\n","protected":false},"excerpt":{"rendered":"<p>DXN Zhi Mint Plus &#8211; Osv\u011b\u017euj\u00edc\u00ed m\u00e1tov\u00e9 bonbony s Ganodermou DXN Zhi Mint Plus jsou osv\u011b\u017euj\u00edc\u00ed m\u00e1tov\u00e9 lisovan\u00e9 bonbony s m\u00e1tov\u00fdm olejem a pr\u00e1\u0161kem z houby Ganoderma lucidum (Reishi). Tyto osv\u011b\u017euj\u00edc\u00ed bonbony pom\u00e1haj\u00ed osv\u011b\u017eit dech a z\u00e1rove\u0148 poskytuj\u00ed dlouhotrvaj\u00edc\u00ed pocit chladu a sv\u011b\u017eesti. A\u0165 u\u017e pot\u0159ebujete rychl\u00e9 osv\u011b\u017een\u00ed dechu nebo m\u00e1tovou vzpruhu, Zhi Mint Plus [&hellip;]<\/p>\n","protected":false},"featured_media":5411,"comment_status":"closed","ping_status":"closed","template":"","meta":{"_acf_changed":false},"product_brand":[],"product_cat":[327],"product_tag":[],"class_list":{"0":"post-5251","1":"product","2":"type-product","3":"status-publish","4":"has-post-thumbnail","6":"product_cat-potraviny","7":"pa_package-12-kusu-x-25g","8":"pa_package-12-packs-x-25-g","10":"first","11":"instock","12":"purchasable","13":"product-type-simple"},"acf":[],"_links":{"self":[{"href":"https:\/\/www.dxnwellness.eu\/cz\/wp-json\/wp\/v2\/product\/5251","targetHints":{"allow":["GET"]}}],"collection":[{"href":"https:\/\/www.dxnwellness.eu\/cz\/wp-json\/wp\/v2\/product"}],"about":[{"href":"https:\/\/www.dxnwellness.eu\/cz\/wp-json\/wp\/v2\/types\/product"}],"replies":[{"embeddable":true,"href":"https:\/\/www.dxnwellness.eu\/cz\/wp-json\/wp\/v2\/comments?post=5251"}],"wp:featuredmedia":[{"embeddable":true,"href":"https:\/\/www.dxnwellness.eu\/cz\/wp-json\/wp\/v2\/media\/5411"}],"wp:attachment":[{"href":"https:\/\/www.dxnwellness.eu\/cz\/wp-json\/wp\/v2\/media?parent=5251"}],"wp:term":[{"taxonomy":"product_brand","embeddable":true,"href":"https:\/\/www.dxnwellness.eu\/cz\/wp-json\/wp\/v2\/product_brand?post=5251"},{"taxonomy":"product_cat","embeddable":true,"href":"https:\/\/www.dxnwellness.eu\/cz\/wp-json\/wp\/v2\/product_cat?post=5251"},{"taxonomy":"product_tag","embeddable":true,"href":"https:\/\/www.dxnwellness.eu\/cz\/wp-json\/wp\/v2\/product_tag?post=5251"}],"curies":[{"name":"wp","href":"https:\/\/api.w.org\/{rel}","templated":true}]}}