{"id":5247,"date":"2025-03-13T07:40:17","date_gmt":"2025-03-13T07:40:17","guid":{"rendered":"https:\/\/www.dxnwellness.eu\/cz\/product\/dxn-lions-mane-lemon-tea\/"},"modified":"2025-05-23T02:02:04","modified_gmt":"2025-05-23T02:02:04","slug":"dxn-lions-mane-lemon-tea","status":"publish","type":"product","link":"https:\/\/www.dxnwellness.eu\/cz\/product\/dxn-lions-mane-lemon-tea\/","title":{"rendered":"DXN Lion&#8217;s Mane Lemon Tea"},"content":{"rendered":"<p>DXN Lion&#8217;s Mane Lemon Tea &#8211; Osv\u011b\u017euj\u00edc\u00ed sm\u011bs \u010daje a houby Lv\u00ed h\u0159\u00edva<br \/>\n\u010caj DXN Lion&#8217;s Mane Lemon Tea kombinuje v\u00fdraznou chu\u0165 \u010dern\u00e9ho \u010daje a \u010daje Oolong s osv\u011b\u017euj\u00edc\u00ed k\u016frou citronu a p\u0159\u00edrodn\u00edmi \u00fa\u010dinky houby Lion&#8217;s Mane (Hericium erinaceus). Tato znamenit\u00e1 sm\u011bs podporuje va\u0161i celkovou pohodu a z\u00e1rove\u0148 osv\u011b\u017euje va\u0161e smysly. A\u0165 u\u017e si ho vychutn\u00e1te hork\u00fd na zah\u0159\u00e1t\u00ed, nebo studen\u00fd na ochlazen\u00ed, \u010daj DXN Lion&#8217;s Mane Lemon Tea je dokonal\u00fdm n\u00e1pojem pro ka\u017ed\u00e9 ro\u010dn\u00ed obdob\u00ed.<\/p>\n<p>Vychutnejte si osv\u011b\u017euj\u00edc\u00ed \u010dajovou sm\u011bs s kapkou citronu a \u0161t\u011bdrou d\u00e1vkou pohody v ka\u017ed\u00e9m \u0161\u00e1lku \u010daje DXN Lion&#8217;s Mane Lemon Tea!<\/p>\n<p>Osv\u011b\u017euj\u00edc\u00ed a v\u0161estrann\u00fd: Tento \u010daj, kter\u00fd si m\u016f\u017eete vychutnat jak hork\u00fd, tak studen\u00fd, v sob\u011b ukr\u00fdv\u00e1 jedine\u010dnou kombinaci \u010daje a citronu, kter\u00e1 povzbud\u00ed va\u0161e chu\u0165ov\u00e9 poh\u00e1rky.<br \/>\nZvy\u0161uje pohodu: Tento \u010daj je obohacen o houbu Lion&#8217;s Mane a poskytuje p\u0159\u00edrodn\u00ed benefity, kter\u00e9 podporuj\u00ed va\u0161i celkovou pohodu.<br \/>\nIde\u00e1ln\u00ed do ka\u017ed\u00e9ho po\u010das\u00ed: Tento \u010daj je ide\u00e1ln\u00ed pro ka\u017edou p\u0159\u00edle\u017eitost, a\u0165 u\u017e je hork\u00fd den nebo chladn\u00fd ve\u010der.<\/p>\n","protected":false},"excerpt":{"rendered":"<p>DXN Lion&#8217;s Mane Lemon Tea &#8211; Osv\u011b\u017euj\u00edc\u00ed sm\u011bs \u010daje a houby Lv\u00ed h\u0159\u00edva \u010caj DXN Lion&#8217;s Mane Lemon Tea kombinuje v\u00fdraznou chu\u0165 \u010dern\u00e9ho \u010daje a \u010daje Oolong s osv\u011b\u017euj\u00edc\u00ed k\u016frou citronu a p\u0159\u00edrodn\u00edmi \u00fa\u010dinky houby Lion&#8217;s Mane (Hericium erinaceus). Tato znamenit\u00e1 sm\u011bs podporuje va\u0161i celkovou pohodu a z\u00e1rove\u0148 osv\u011b\u017euje va\u0161e smysly. A\u0165 u\u017e si ho [&hellip;]<\/p>\n","protected":false},"featured_media":5409,"comment_status":"closed","ping_status":"closed","template":"","meta":{"_acf_changed":false},"product_brand":[],"product_cat":[321],"product_tag":[],"class_list":{"0":"post-5247","1":"product","2":"type-product","3":"status-publish","4":"has-post-thumbnail","6":"product_cat-caj","7":"pa_package-20-sachets-x-22-g","8":"pa_package-20-sacku-x-22g","10":"first","11":"instock","12":"product-type-simple"},"acf":[],"_links":{"self":[{"href":"https:\/\/www.dxnwellness.eu\/cz\/wp-json\/wp\/v2\/product\/5247","targetHints":{"allow":["GET"]}}],"collection":[{"href":"https:\/\/www.dxnwellness.eu\/cz\/wp-json\/wp\/v2\/product"}],"about":[{"href":"https:\/\/www.dxnwellness.eu\/cz\/wp-json\/wp\/v2\/types\/product"}],"replies":[{"embeddable":true,"href":"https:\/\/www.dxnwellness.eu\/cz\/wp-json\/wp\/v2\/comments?post=5247"}],"wp:featuredmedia":[{"embeddable":true,"href":"https:\/\/www.dxnwellness.eu\/cz\/wp-json\/wp\/v2\/media\/5409"}],"wp:attachment":[{"href":"https:\/\/www.dxnwellness.eu\/cz\/wp-json\/wp\/v2\/media?parent=5247"}],"wp:term":[{"taxonomy":"product_brand","embeddable":true,"href":"https:\/\/www.dxnwellness.eu\/cz\/wp-json\/wp\/v2\/product_brand?post=5247"},{"taxonomy":"product_cat","embeddable":true,"href":"https:\/\/www.dxnwellness.eu\/cz\/wp-json\/wp\/v2\/product_cat?post=5247"},{"taxonomy":"product_tag","embeddable":true,"href":"https:\/\/www.dxnwellness.eu\/cz\/wp-json\/wp\/v2\/product_tag?post=5247"}],"curies":[{"name":"wp","href":"https:\/\/api.w.org\/{rel}","templated":true}]}}