{"id":5245,"date":"2025-03-13T07:40:17","date_gmt":"2025-03-13T07:40:17","guid":{"rendered":"https:\/\/www.dxnwellness.eu\/cz\/product\/dxn-lemonzhi\/"},"modified":"2025-05-23T02:02:04","modified_gmt":"2025-05-23T02:02:04","slug":"dxn-lemonzhi","status":"publish","type":"product","link":"https:\/\/www.dxnwellness.eu\/cz\/product\/dxn-lemonzhi\/","title":{"rendered":"DXN Lemonzhi"},"content":{"rendered":"<p>DXN Lemonzhi &#8211; osv\u011b\u017euj\u00edc\u00ed sm\u011bs \u010dern\u00e9ho \u010daje, citronu a Ganodermy<br \/>\nDXN Lemonzhi je lahodn\u00fd n\u00e1poj, kter\u00fd kombinuje jemnou chu\u0165 \u010dern\u00e9ho \u010daje, osv\u011b\u017euj\u00edc\u00ed k\u016fru citronov\u00e9ho pr\u00e1\u0161ku a p\u0159\u00edrodn\u00ed \u00fa\u010dinky pr\u00e1\u0161ku Ganoderma lucidum (houba Reishi). Tento v\u0161estrann\u00fd n\u00e1poj si m\u016f\u017eete vychutnat bu\u010f hork\u00fd, aby v\u00e1s zah\u0159\u00e1l, nebo studen\u00fd jako osv\u011b\u017euj\u00edc\u00ed letn\u00ed n\u00e1poj, tak\u017ee je ide\u00e1ln\u00ed pro ka\u017ed\u00e9 ro\u010dn\u00ed obdob\u00ed. N\u00e1poj, kter\u00fd si zamilujete vy i va\u0161e d\u011bti!<\/p>\n<p>Na zdrav\u00ed prosp\u011b\u0161n\u00e9 \u00fa\u010dinky Ganodermy a osv\u011b\u017euj\u00edc\u00ed chu\u0165 citronu s ka\u017ed\u00fdm \u0161\u00e1lkem DXN Lemonzhi!<\/p>\n<p>Osv\u011b\u017euj\u00edc\u00ed a v\u0161estrann\u00fd: Tento n\u00e1poj si m\u016f\u017eete vychutnat jak hork\u00fd, tak studen\u00fd a p\u0159i ka\u017ed\u00e9m dou\u0161ku uc\u00edt\u00edt osv\u011b\u017euj\u00edc\u00ed citrusov\u00fd n\u00e1dech.<br \/>\nZdrav\u00e1 sm\u011bs: Tento n\u00e1poj je obohacen o Ganodermu lucidum, a tak p\u0159in\u00e1\u0161\u00ed blahod\u00e1rn\u00e9 \u00fa\u010dinky t\u00e9to p\u0159\u00edrodn\u00ed houby a z\u00e1rove\u0148 p\u0159\u00edjemnou citronovou p\u0159\u00edchu\u0165.<br \/>\nVhodn\u00fd pro v\u0161echny v\u011bkov\u00e9 kategorie: N\u00e1poj, kter\u00fd si m\u016f\u017ee vychutnat cel\u00e1 rodina, se skv\u011ble hod\u00ed pro v\u0161echny p\u0159\u00edle\u017eitosti \u2013 na odpo\u010dinek i na ochlazen\u00ed b\u011bhem hork\u00e9ho letn\u00edho dne.<\/p>\n","protected":false},"excerpt":{"rendered":"<p>DXN Lemonzhi &#8211; osv\u011b\u017euj\u00edc\u00ed sm\u011bs \u010dern\u00e9ho \u010daje, citronu a Ganodermy DXN Lemonzhi je lahodn\u00fd n\u00e1poj, kter\u00fd kombinuje jemnou chu\u0165 \u010dern\u00e9ho \u010daje, osv\u011b\u017euj\u00edc\u00ed k\u016fru citronov\u00e9ho pr\u00e1\u0161ku a p\u0159\u00edrodn\u00ed \u00fa\u010dinky pr\u00e1\u0161ku Ganoderma lucidum (houba Reishi). Tento v\u0161estrann\u00fd n\u00e1poj si m\u016f\u017eete vychutnat bu\u010f hork\u00fd, aby v\u00e1s zah\u0159\u00e1l, nebo studen\u00fd jako osv\u011b\u017euj\u00edc\u00ed letn\u00ed n\u00e1poj, tak\u017ee je ide\u00e1ln\u00ed pro ka\u017ed\u00e9 [&hellip;]<\/p>\n","protected":false},"featured_media":5408,"comment_status":"closed","ping_status":"closed","template":"","meta":{"_acf_changed":false},"product_brand":[],"product_cat":[321],"product_tag":[],"class_list":{"0":"post-5245","1":"product","2":"type-product","3":"status-publish","4":"has-post-thumbnail","6":"product_cat-caj","7":"pa_package-20-sachets-x-22-g","8":"pa_package-20-sacku-x-22g","10":"first","11":"instock","12":"purchasable","13":"product-type-simple"},"acf":[],"_links":{"self":[{"href":"https:\/\/www.dxnwellness.eu\/cz\/wp-json\/wp\/v2\/product\/5245","targetHints":{"allow":["GET"]}}],"collection":[{"href":"https:\/\/www.dxnwellness.eu\/cz\/wp-json\/wp\/v2\/product"}],"about":[{"href":"https:\/\/www.dxnwellness.eu\/cz\/wp-json\/wp\/v2\/types\/product"}],"replies":[{"embeddable":true,"href":"https:\/\/www.dxnwellness.eu\/cz\/wp-json\/wp\/v2\/comments?post=5245"}],"wp:featuredmedia":[{"embeddable":true,"href":"https:\/\/www.dxnwellness.eu\/cz\/wp-json\/wp\/v2\/media\/5408"}],"wp:attachment":[{"href":"https:\/\/www.dxnwellness.eu\/cz\/wp-json\/wp\/v2\/media?parent=5245"}],"wp:term":[{"taxonomy":"product_brand","embeddable":true,"href":"https:\/\/www.dxnwellness.eu\/cz\/wp-json\/wp\/v2\/product_brand?post=5245"},{"taxonomy":"product_cat","embeddable":true,"href":"https:\/\/www.dxnwellness.eu\/cz\/wp-json\/wp\/v2\/product_cat?post=5245"},{"taxonomy":"product_tag","embeddable":true,"href":"https:\/\/www.dxnwellness.eu\/cz\/wp-json\/wp\/v2\/product_tag?post=5245"}],"curies":[{"name":"wp","href":"https:\/\/api.w.org\/{rel}","templated":true}]}}