{"id":5241,"date":"2025-03-13T07:40:17","date_gmt":"2025-03-13T07:40:17","guid":{"rendered":"https:\/\/www.dxnwellness.eu\/cz\/product\/dxn-lions-mane-oocha\/"},"modified":"2025-05-23T02:02:04","modified_gmt":"2025-05-23T02:02:04","slug":"dxn-lions-mane-oocha","status":"publish","type":"product","link":"https:\/\/www.dxnwellness.eu\/cz\/product\/dxn-lions-mane-oocha\/","title":{"rendered":"DXN Lion&#8217;s Mane Oocha"},"content":{"rendered":"<p>DXN Lion&#8217;s Mane Oocha &#8211; osv\u011b\u017euj\u00edc\u00ed spojen\u00ed \u010daje Oolong a houby Lv\u00ed h\u0159\u00edva<br \/>\nDXN Lion&#8217;s Mane Oocha nab\u00edz\u00ed harmonickou sm\u011bs \u010daje Oolong, pr\u00e1\u0161ku z houby Lion&#8217;s Mane (Hericium erinaceus), rostlinn\u00e9 smetany a cukru, kter\u00e1 vytv\u00e1\u0159\u00ed skute\u010dn\u011b jedine\u010dn\u00fd \u010dajov\u00fd z\u00e1\u017eitek. Tento netradi\u010dn\u00ed \u010daj s v\u00fdraznou v\u016fn\u00ed a uklid\u0148uj\u00edc\u00ed chut\u00ed v\u00e1m poskytne dokonalou chv\u00edli odpo\u010dinku, umo\u017en\u00ed v\u00e1m relaxovat, obnovit energii a osv\u011b\u017eit smysly. Vychutnejte si uklid\u0148uj\u00edc\u00ed \u00fa\u010dinky \u010daje Oolong v kombinaci s p\u0159\u00edrodn\u00edmi \u00fa\u010dinky Lv\u00ed h\u0159\u00edvy, n\u00e1poje, kter\u00fd v\u00e1m zvedne n\u00e1ladu a zaru\u010d\u00ed v\u00e1m pohodu.<\/p>\n<p>Pop\u00edjejte a vychutn\u00e1vejte si lahodnou kombinaci \u010daje Oolong a Lv\u00ed h\u0159\u00edvy v ka\u017ed\u00e9m \u0161\u00e1lku DXN Lion&#8217;s Mane Oocha a poci\u0165ujte dokonalou rovnov\u00e1hu chuti a zdrav\u00ed.<\/p>\n<p>Jedine\u010dn\u00e9 spojen\u00ed chut\u00ed: \u010caj Oolong s jemnou chut\u00ed sm\u00edchan\u00fd s pr\u00e1\u0161kem z houby Lion&#8217;s Mane vytv\u00e1\u0159\u00ed aromatick\u00fd, osv\u011b\u017euj\u00edc\u00ed \u010daj, kter\u00fd oslov\u00ed ty, kdo hledaj\u00ed netradi\u010dn\u00ed, ale uklid\u0148uj\u00edc\u00ed n\u00e1poj.<br \/>\nRelaxace a na\u010derp\u00e1n\u00ed nov\u00fdch sil: Tento \u010daj je ide\u00e1ln\u00ed pro odpo\u010dinek a na\u010derp\u00e1n\u00ed energie, pom\u00e1h\u00e1 v\u00e1m relaxovat a z\u00e1rove\u0148 vy\u017eivuje va\u0161e t\u011blo a mysl blahod\u00e1rn\u00fdmi \u00fa\u010dinky Lv\u00ed h\u0159\u00edvy.<br \/>\nOsv\u011b\u017euj\u00edc\u00ed \u010dajov\u00fd z\u00e1\u017eitek: \u010caj DXN Lion&#8217;s Mane Oocha je ide\u00e1ln\u00ed pro chv\u00edle, kdy si pot\u0159ebujete odpo\u010dinout, a s ka\u017ed\u00fdm dou\u0161kem v\u00e1m nab\u00edz\u00ed osv\u011b\u017euj\u00edc\u00ed z\u00e1\u017eitek.<\/p>\n","protected":false},"excerpt":{"rendered":"<p>DXN Lion&#8217;s Mane Oocha &#8211; osv\u011b\u017euj\u00edc\u00ed spojen\u00ed \u010daje Oolong a houby Lv\u00ed h\u0159\u00edva DXN Lion&#8217;s Mane Oocha nab\u00edz\u00ed harmonickou sm\u011bs \u010daje Oolong, pr\u00e1\u0161ku z houby Lion&#8217;s Mane (Hericium erinaceus), rostlinn\u00e9 smetany a cukru, kter\u00e1 vytv\u00e1\u0159\u00ed skute\u010dn\u011b jedine\u010dn\u00fd \u010dajov\u00fd z\u00e1\u017eitek. Tento netradi\u010dn\u00ed \u010daj s v\u00fdraznou v\u016fn\u00ed a uklid\u0148uj\u00edc\u00ed chut\u00ed v\u00e1m poskytne dokonalou chv\u00edli odpo\u010dinku, umo\u017en\u00ed v\u00e1m [&hellip;]<\/p>\n","protected":false},"featured_media":5406,"comment_status":"closed","ping_status":"closed","template":"","meta":{"_acf_changed":false},"product_brand":[],"product_cat":[321],"product_tag":[],"class_list":{"0":"post-5241","1":"product","2":"type-product","3":"status-publish","4":"has-post-thumbnail","6":"product_cat-caj","7":"pa_package-12-sachets-x-30-g","8":"pa_package-12-sacku-x-30g","10":"first","11":"instock","12":"purchasable","13":"product-type-simple"},"acf":[],"_links":{"self":[{"href":"https:\/\/www.dxnwellness.eu\/cz\/wp-json\/wp\/v2\/product\/5241","targetHints":{"allow":["GET"]}}],"collection":[{"href":"https:\/\/www.dxnwellness.eu\/cz\/wp-json\/wp\/v2\/product"}],"about":[{"href":"https:\/\/www.dxnwellness.eu\/cz\/wp-json\/wp\/v2\/types\/product"}],"replies":[{"embeddable":true,"href":"https:\/\/www.dxnwellness.eu\/cz\/wp-json\/wp\/v2\/comments?post=5241"}],"wp:featuredmedia":[{"embeddable":true,"href":"https:\/\/www.dxnwellness.eu\/cz\/wp-json\/wp\/v2\/media\/5406"}],"wp:attachment":[{"href":"https:\/\/www.dxnwellness.eu\/cz\/wp-json\/wp\/v2\/media?parent=5241"}],"wp:term":[{"taxonomy":"product_brand","embeddable":true,"href":"https:\/\/www.dxnwellness.eu\/cz\/wp-json\/wp\/v2\/product_brand?post=5241"},{"taxonomy":"product_cat","embeddable":true,"href":"https:\/\/www.dxnwellness.eu\/cz\/wp-json\/wp\/v2\/product_cat?post=5241"},{"taxonomy":"product_tag","embeddable":true,"href":"https:\/\/www.dxnwellness.eu\/cz\/wp-json\/wp\/v2\/product_tag?post=5241"}],"curies":[{"name":"wp","href":"https:\/\/api.w.org\/{rel}","templated":true}]}}