{"id":5239,"date":"2025-03-13T07:40:17","date_gmt":"2025-03-13T07:40:17","guid":{"rendered":"https:\/\/www.dxnwellness.eu\/cz\/product\/dxn-zhitea\/"},"modified":"2025-05-23T02:02:04","modified_gmt":"2025-05-23T02:02:04","slug":"dxn-zhitea","status":"publish","type":"product","link":"https:\/\/www.dxnwellness.eu\/cz\/product\/dxn-zhitea\/","title":{"rendered":"DXN Zhitea"},"content":{"rendered":"<p>DXN Zhitea &#8211; V\u00fdrazn\u00fd, aromatick\u00fd fermentovan\u00fd \u010dern\u00fd \u010daj<br \/>\nDXN Zhitea nab\u00edz\u00ed neodolateln\u00fd \u0161\u00e1lek fermentovan\u00e9ho sypan\u00e9ho \u010dern\u00e9ho \u010daje, kter\u00fd je ide\u00e1ln\u00ed pro ty, kte\u0159\u00ed si r\u00e1di vychutnaj\u00ed siln\u00fd, aromatick\u00fd \u010daj s osobit\u00fdm charakterem. D\u00edky podmaniv\u00e9mu aroma a robustn\u00ed chuti tento \u010daj vynik\u00e1 jako skv\u011bl\u00e1 volba pro chv\u00edle odpo\u010dinku nebo pro sd\u00edlen\u00ed s p\u0159\u00e1teli a rodinou. A\u0165 u\u017e si ho vychutn\u00e1te samotn\u00fd nebo oslazen\u00fd, DXN Zhitea p\u0159in\u00e1\u0161\u00ed nezapomenuteln\u00fd \u010dajov\u00fd z\u00e1\u017eitek.<\/p>\n<p>Pro milovn\u00edky \u010daje, kte\u0159\u00ed ocen\u00ed v\u00fdraznou, silnou chu\u0165, DXN Zhitea v\u00e1s okouzl\u00ed p\u0159i ka\u017ed\u00e9m \u0161\u00e1lku. Ide\u00e1ln\u00ed pro relaxaci, sd\u00edlen\u00ed a vychutn\u00e1v\u00e1n\u00ed prav\u00e9ho \u010dajov\u00e9ho z\u00e1\u017eitku.<\/p>\n<p>Bohat\u00e1, v\u00fdrazn\u00e1 chu\u0165: Fermentovan\u00fd sypan\u00fd \u010dern\u00fd \u010daj, kter\u00fd p\u0159in\u00e1\u0161\u00ed silnou a v\u00fdraznou chu\u0165, ide\u00e1ln\u00ed pro opravdov\u00e9 \u010dajov\u00e9 nad\u0161ence.<br \/>\nAromatick\u00fd a l\u00e1kav\u00fd: \u010caj je d\u00edky sv\u00e9 podmaniv\u00e9 v\u016fni a v\u00fdrazn\u00e9 chuti ide\u00e1ln\u00ed pro odpo\u010dinek po dlouh\u00e9m dni nebo pro vychutn\u00e1n\u00ed b\u011bhem spole\u010densk\u00fdch setk\u00e1n\u00ed.<br \/>\nIde\u00e1ln\u00ed pro milovn\u00edky \u010daje: Tento \u010daj je ide\u00e1ln\u00edm dopl\u0148kem pro chv\u00edle odpo\u010dinku nebo pro \u010das str\u00e1ven\u00fd s bl\u00edzk\u00fdmi, nebo\u0165 spojuje lidi dohromady.<\/p>\n","protected":false},"excerpt":{"rendered":"<p>DXN Zhitea &#8211; V\u00fdrazn\u00fd, aromatick\u00fd fermentovan\u00fd \u010dern\u00fd \u010daj DXN Zhitea nab\u00edz\u00ed neodolateln\u00fd \u0161\u00e1lek fermentovan\u00e9ho sypan\u00e9ho \u010dern\u00e9ho \u010daje, kter\u00fd je ide\u00e1ln\u00ed pro ty, kte\u0159\u00ed si r\u00e1di vychutnaj\u00ed siln\u00fd, aromatick\u00fd \u010daj s osobit\u00fdm charakterem. D\u00edky podmaniv\u00e9mu aroma a robustn\u00ed chuti tento \u010daj vynik\u00e1 jako skv\u011bl\u00e1 volba pro chv\u00edle odpo\u010dinku nebo pro sd\u00edlen\u00ed s p\u0159\u00e1teli a rodinou. A\u0165 [&hellip;]<\/p>\n","protected":false},"featured_media":5405,"comment_status":"closed","ping_status":"closed","template":"","meta":{"_acf_changed":false},"product_brand":[],"product_cat":[321],"product_tag":[],"class_list":{"0":"post-5239","1":"product","2":"type-product","3":"status-publish","4":"has-post-thumbnail","6":"product_cat-caj","7":"pa_package-100-g","8":"pa_package-100g","10":"first","11":"instock","12":"purchasable","13":"product-type-simple"},"acf":[],"_links":{"self":[{"href":"https:\/\/www.dxnwellness.eu\/cz\/wp-json\/wp\/v2\/product\/5239","targetHints":{"allow":["GET"]}}],"collection":[{"href":"https:\/\/www.dxnwellness.eu\/cz\/wp-json\/wp\/v2\/product"}],"about":[{"href":"https:\/\/www.dxnwellness.eu\/cz\/wp-json\/wp\/v2\/types\/product"}],"replies":[{"embeddable":true,"href":"https:\/\/www.dxnwellness.eu\/cz\/wp-json\/wp\/v2\/comments?post=5239"}],"wp:featuredmedia":[{"embeddable":true,"href":"https:\/\/www.dxnwellness.eu\/cz\/wp-json\/wp\/v2\/media\/5405"}],"wp:attachment":[{"href":"https:\/\/www.dxnwellness.eu\/cz\/wp-json\/wp\/v2\/media?parent=5239"}],"wp:term":[{"taxonomy":"product_brand","embeddable":true,"href":"https:\/\/www.dxnwellness.eu\/cz\/wp-json\/wp\/v2\/product_brand?post=5239"},{"taxonomy":"product_cat","embeddable":true,"href":"https:\/\/www.dxnwellness.eu\/cz\/wp-json\/wp\/v2\/product_cat?post=5239"},{"taxonomy":"product_tag","embeddable":true,"href":"https:\/\/www.dxnwellness.eu\/cz\/wp-json\/wp\/v2\/product_tag?post=5239"}],"curies":[{"name":"wp","href":"https:\/\/api.w.org\/{rel}","templated":true}]}}