{"id":5237,"date":"2025-03-13T07:40:17","date_gmt":"2025-03-13T07:40:17","guid":{"rendered":"https:\/\/www.dxnwellness.eu\/cz\/product\/dxn-reishi-gano-tea\/"},"modified":"2025-05-23T02:02:04","modified_gmt":"2025-05-23T02:02:04","slug":"dxn-reishi-gano-tea","status":"publish","type":"product","link":"https:\/\/www.dxnwellness.eu\/cz\/product\/dxn-reishi-gano-tea\/","title":{"rendered":"DXN Reishi Gano Tea"},"content":{"rendered":"<p>DXN Reishi Gano Tea &#8211; Harmonick\u00e1 sm\u011bs chuti a pohody<br \/>\nDXN Reishi Gano Tea kombinuje bohatou a uklid\u0148uj\u00edc\u00ed chu\u0165 \u010dern\u00e9ho \u010daje (Camellia sinensis) s p\u0159\u00edrodn\u00edmi \u00fa\u010dinky houby Ganoderma lucidum (Reishi) a vytv\u00e1\u0159\u00ed tak n\u00e1poj, kter\u00fd vy\u017eivuje t\u011blo i mysl. Tento \u010daj je ide\u00e1ln\u00ed pro v\u0161echny, kte\u0159\u00ed hledaj\u00ed chv\u00edle na relaxaci a p\u00e9\u010di o sebe, proto\u017ee nab\u00edz\u00ed jedine\u010dnou sm\u011bs, kter\u00e1 pot\u011b\u0161\u00ed va\u0161e smysly a z\u00e1rove\u0148 podpo\u0159\u00ed pocit pohody.<\/p>\n<p>Dop\u0159ejte si chvilku odpo\u010dinku, relaxace a osv\u011b\u017een\u00ed t\u011bla i mysli d\u00edky jedine\u010dn\u00fdm a blahod\u00e1rn\u00fdm vlastnostem \u010daje DXN Reishi Gano &#8211; dokonal\u00e9ho \u010daje pro relaxaci a pohodu.<\/p>\n<p>Bohat\u00e1 a jemn\u00e1 chu\u0165: Syt\u00e1 chu\u0165 \u010dern\u00e9ho \u010daje se harmonicky snoub\u00ed se zemit\u00fdmi t\u00f3ny Ganodermy lucidum a nab\u00edz\u00ed jedine\u010dnou a uklid\u0148uj\u00edc\u00ed chu\u0165.<br \/>\nRelax a osv\u011b\u017een\u00ed: Tento \u010daj je ide\u00e1ln\u00ed pro chv\u00edle, kdy se chcete zastavit, uvolnit a osv\u011b\u017eit.<br \/>\nBlahod\u00e1rn\u00e9 slo\u017eky: Obsahuje houbu Reishi, kter\u00e1 je zn\u00e1m\u00e1 sv\u00fdmi potenci\u00e1ln\u00edmi zdravotn\u00edmi benefity a pom\u00e1h\u00e1 podporovat celkovou pohodu.<\/p>\n","protected":false},"excerpt":{"rendered":"<p>DXN Reishi Gano Tea &#8211; Harmonick\u00e1 sm\u011bs chuti a pohody DXN Reishi Gano Tea kombinuje bohatou a uklid\u0148uj\u00edc\u00ed chu\u0165 \u010dern\u00e9ho \u010daje (Camellia sinensis) s p\u0159\u00edrodn\u00edmi \u00fa\u010dinky houby Ganoderma lucidum (Reishi) a vytv\u00e1\u0159\u00ed tak n\u00e1poj, kter\u00fd vy\u017eivuje t\u011blo i mysl. Tento \u010daj je ide\u00e1ln\u00ed pro v\u0161echny, kte\u0159\u00ed hledaj\u00ed chv\u00edle na relaxaci a p\u00e9\u010di o sebe, proto\u017ee [&hellip;]<\/p>\n","protected":false},"featured_media":5404,"comment_status":"closed","ping_status":"closed","template":"","meta":{"_acf_changed":false},"product_brand":[],"product_cat":[321],"product_tag":[],"class_list":{"0":"post-5237","1":"product","2":"type-product","3":"status-publish","4":"has-post-thumbnail","6":"product_cat-caj","7":"pa_package-20-infusion-bags-x-2-g","8":"pa_package-20-sacku-x-2g","10":"first","11":"instock","12":"purchasable","13":"product-type-simple"},"acf":[],"_links":{"self":[{"href":"https:\/\/www.dxnwellness.eu\/cz\/wp-json\/wp\/v2\/product\/5237","targetHints":{"allow":["GET"]}}],"collection":[{"href":"https:\/\/www.dxnwellness.eu\/cz\/wp-json\/wp\/v2\/product"}],"about":[{"href":"https:\/\/www.dxnwellness.eu\/cz\/wp-json\/wp\/v2\/types\/product"}],"replies":[{"embeddable":true,"href":"https:\/\/www.dxnwellness.eu\/cz\/wp-json\/wp\/v2\/comments?post=5237"}],"wp:featuredmedia":[{"embeddable":true,"href":"https:\/\/www.dxnwellness.eu\/cz\/wp-json\/wp\/v2\/media\/5404"}],"wp:attachment":[{"href":"https:\/\/www.dxnwellness.eu\/cz\/wp-json\/wp\/v2\/media?parent=5237"}],"wp:term":[{"taxonomy":"product_brand","embeddable":true,"href":"https:\/\/www.dxnwellness.eu\/cz\/wp-json\/wp\/v2\/product_brand?post=5237"},{"taxonomy":"product_cat","embeddable":true,"href":"https:\/\/www.dxnwellness.eu\/cz\/wp-json\/wp\/v2\/product_cat?post=5237"},{"taxonomy":"product_tag","embeddable":true,"href":"https:\/\/www.dxnwellness.eu\/cz\/wp-json\/wp\/v2\/product_tag?post=5237"}],"curies":[{"name":"wp","href":"https:\/\/api.w.org\/{rel}","templated":true}]}}