{"id":5235,"date":"2025-03-13T07:40:17","date_gmt":"2025-03-13T07:40:17","guid":{"rendered":"https:\/\/www.dxnwellness.eu\/cz\/product\/dxn-brook-coffee\/"},"modified":"2025-05-23T02:02:04","modified_gmt":"2025-05-23T02:02:04","slug":"dxn-brook-coffee","status":"publish","type":"product","link":"https:\/\/www.dxnwellness.eu\/cz\/product\/dxn-brook-coffee\/","title":{"rendered":"DXN Brook Coffee"},"content":{"rendered":"<p>DXN Brook Coffee &#8211; zbrusu nov\u00e1 k\u00e1va p\u0159\u00edmo z Etiopie v\u00e1s okouzl\u00ed sv\u00fdm aroma<br \/>\nK\u00e1va DXN Brook je kombinac\u00ed pra\u017een\u00e9 mlet\u00e9 k\u00e1vy a pr\u00e1\u0161ku Ganoderma.  Tato k\u00e1va je vhodn\u00e1 pro p\u0159\u00edpravu filtrovan\u00e9 k\u00e1vy, pro k\u00e1vovary na espresso, pro d\u017eezvy, pro p\u00e1kov\u00e9 presso k\u00e1vovary, pro moka k\u00e1vovary a je vhodn\u00e1 i pro zalit\u00ed k\u00e1vy konvic\u00ed.  D\u00edky sv\u00e9 chuti a v\u00fdrazn\u00e9mu aroma je tato k\u00e1va ide\u00e1ln\u00ed pro ty, kte\u0159\u00ed hledaj\u00ed jedine\u010dn\u00fd a zdrav\u00fd z\u00e1\u017eitek z k\u00e1vy.<\/p>\n<p>Ide\u00e1ln\u00ed jako rann\u00ed \u017eivotabudi\u010d nebo p\u0159\u00edjemn\u00fd n\u00e1poj b\u011bhem cel\u00e9ho dne!<\/p>\n<p>Bohat\u00e1, aromatick\u00e1 mlet\u00e1 k\u00e1va: Z\u00e1kladem je p\u0159ipravit si v k\u00e1vovaru k\u00e1vu tak, jak ji m\u00e1te r\u00e1di, m\u016f\u017eete do n\u00ed p\u0159idat sko\u0159ici, ml\u00e9ko a cukr \u2013 podle sv\u00e9 chuti.<br \/>\nPohodln\u00e9 a rychl\u00e9: R\u00e1no, odpoledne nebo ve\u010der &#8211; v\u017edy \u010derstv\u00e1 k\u00e1va.<\/p>\n","protected":false},"excerpt":{"rendered":"<p>DXN Brook Coffee &#8211; zbrusu nov\u00e1 k\u00e1va p\u0159\u00edmo z Etiopie v\u00e1s okouzl\u00ed sv\u00fdm aroma K\u00e1va DXN Brook je kombinac\u00ed pra\u017een\u00e9 mlet\u00e9 k\u00e1vy a pr\u00e1\u0161ku Ganoderma. Tato k\u00e1va je vhodn\u00e1 pro p\u0159\u00edpravu filtrovan\u00e9 k\u00e1vy, pro k\u00e1vovary na espresso, pro d\u017eezvy, pro p\u00e1kov\u00e9 presso k\u00e1vovary, pro moka k\u00e1vovary a je vhodn\u00e1 i pro zalit\u00ed k\u00e1vy konvic\u00ed. D\u00edky [&hellip;]<\/p>\n","protected":false},"featured_media":5403,"comment_status":"closed","ping_status":"closed","template":"","meta":{"_acf_changed":false},"product_brand":[],"product_cat":[314],"product_tag":[],"class_list":{"0":"post-5235","1":"product","2":"type-product","3":"status-publish","4":"has-post-thumbnail","6":"product_cat-kava","7":"pa_package-500-g","8":"pa_package-500g","10":"first","11":"instock","12":"purchasable","13":"product-type-simple"},"acf":[],"_links":{"self":[{"href":"https:\/\/www.dxnwellness.eu\/cz\/wp-json\/wp\/v2\/product\/5235","targetHints":{"allow":["GET"]}}],"collection":[{"href":"https:\/\/www.dxnwellness.eu\/cz\/wp-json\/wp\/v2\/product"}],"about":[{"href":"https:\/\/www.dxnwellness.eu\/cz\/wp-json\/wp\/v2\/types\/product"}],"replies":[{"embeddable":true,"href":"https:\/\/www.dxnwellness.eu\/cz\/wp-json\/wp\/v2\/comments?post=5235"}],"wp:featuredmedia":[{"embeddable":true,"href":"https:\/\/www.dxnwellness.eu\/cz\/wp-json\/wp\/v2\/media\/5403"}],"wp:attachment":[{"href":"https:\/\/www.dxnwellness.eu\/cz\/wp-json\/wp\/v2\/media?parent=5235"}],"wp:term":[{"taxonomy":"product_brand","embeddable":true,"href":"https:\/\/www.dxnwellness.eu\/cz\/wp-json\/wp\/v2\/product_brand?post=5235"},{"taxonomy":"product_cat","embeddable":true,"href":"https:\/\/www.dxnwellness.eu\/cz\/wp-json\/wp\/v2\/product_cat?post=5235"},{"taxonomy":"product_tag","embeddable":true,"href":"https:\/\/www.dxnwellness.eu\/cz\/wp-json\/wp\/v2\/product_tag?post=5235"}],"curies":[{"name":"wp","href":"https:\/\/api.w.org\/{rel}","templated":true}]}}