{"id":5233,"date":"2025-03-13T07:40:17","date_gmt":"2025-03-13T07:40:17","guid":{"rendered":"https:\/\/www.dxnwellness.eu\/cz\/product\/dxn-lions-mane-coffee\/"},"modified":"2025-05-23T02:02:04","modified_gmt":"2025-05-23T02:02:04","slug":"dxn-lions-mane-coffee","status":"publish","type":"product","link":"https:\/\/www.dxnwellness.eu\/cz\/product\/dxn-lions-mane-coffee\/","title":{"rendered":"DXN Lion&#8217;s Mane Coffee"},"content":{"rendered":"<p>K\u00e1va DXN Lion&#8217;s Mane &#8211; jedine\u010dn\u00e1 vzpruha pro v\u00e1\u0161 den<br \/>\nK\u00e1va DXN Lion&#8217;s Mane Coffee nab\u00edz\u00ed lahodnou kombinaci bohat\u00e9 k\u00e1vy, jemn\u00e9 rostlinn\u00e9 smetany a p\u0159\u00edrodn\u00edch \u00fa\u010dink\u016f pr\u00e1\u0161ku z houby Lion&#8217;s Mane (Hericium erinaceus). D\u00edky sv\u00e9 l\u00e1kav\u00e9 v\u016fni a v\u00fdrazn\u00e9 chuti je tato k\u00e1va ide\u00e1ln\u00ed pro ty, kte\u0159\u00ed hledaj\u00ed jedine\u010dn\u00fd a v\u00fd\u017eivn\u00fd k\u00e1vov\u00fd z\u00e1\u017eitek. A\u0165 u\u017e hled\u00e1te rann\u00ed povzbuzen\u00ed nebo uklid\u0148uj\u00edc\u00ed n\u00e1poj, kter\u00fd si m\u016f\u017eete vychutnat b\u011bhem cel\u00e9ho dne, k\u00e1va Lion&#8217;s Mane Coffee v\u00e1m poskytne \u0161\u00e1lek \u010dist\u00e9ho uspokojen\u00ed.<\/p>\n<p>Z\u00edskejte lv\u00ed porci energie s ka\u017ed\u00fdm \u0161\u00e1lkem k\u00e1vy DXN Lion&#8217;s Mane, dokonal\u00e9 kombinace chuti a \u017eivotaschopnosti pro v\u00e1\u0161 n\u00e1ro\u010dn\u00fd den!<\/p>\n<p>Bohat\u00e1, aromatick\u00e1 chu\u0165: Pe\u010dliv\u011b vyv\u00e1\u017een\u00e1 sm\u011bs instantn\u00ed k\u00e1vy, t\u0159tinov\u00e9ho cukru a rostlinn\u00e9 n\u00e1hra\u017eky smetany nab\u00edz\u00ed jemn\u00fd, aromatick\u00fd \u0161\u00e1lek.<br \/>\nObohacen\u00e1 o lv\u00ed h\u0159\u00edvu: Obohacen\u00e1 o pr\u00e1\u0161ek z houby Lv\u00ed h\u0159\u00edva, kter\u00e1 je zn\u00e1m\u00e1 sv\u00fdmi potenci\u00e1ln\u00edmi p\u0159\u00edzniv\u00fdmi \u00fa\u010dinky na kognitivn\u00ed procesy, d\u00edky \u010demu\u017e tato k\u00e1va nen\u00ed pouze lahodn\u00e1, ale i zdrav\u00ed prosp\u011b\u0161n\u00e1.<br \/>\nIde\u00e1ln\u00ed kdykoli: Tato k\u00e1va je ide\u00e1ln\u00ed jako rann\u00ed povzbuzuj\u00edc\u00ed n\u00e1poj nebo uvol\u0148uj\u00edc\u00ed n\u00e1poj b\u011bhem dne. Budete se d\u00edky n\u00ed c\u00edtit sv\u011b\u017e\u00ed a pln\u011b soust\u0159ed\u011bn\u00ed.<\/p>\n","protected":false},"excerpt":{"rendered":"<p>K\u00e1va DXN Lion&#8217;s Mane &#8211; jedine\u010dn\u00e1 vzpruha pro v\u00e1\u0161 den K\u00e1va DXN Lion&#8217;s Mane Coffee nab\u00edz\u00ed lahodnou kombinaci bohat\u00e9 k\u00e1vy, jemn\u00e9 rostlinn\u00e9 smetany a p\u0159\u00edrodn\u00edch \u00fa\u010dink\u016f pr\u00e1\u0161ku z houby Lion&#8217;s Mane (Hericium erinaceus). D\u00edky sv\u00e9 l\u00e1kav\u00e9 v\u016fni a v\u00fdrazn\u00e9 chuti je tato k\u00e1va ide\u00e1ln\u00ed pro ty, kte\u0159\u00ed hledaj\u00ed jedine\u010dn\u00fd a v\u00fd\u017eivn\u00fd k\u00e1vov\u00fd z\u00e1\u017eitek. A\u0165 u\u017e [&hellip;]<\/p>\n","protected":false},"featured_media":5402,"comment_status":"closed","ping_status":"closed","template":"","meta":{"_acf_changed":false},"product_brand":[],"product_cat":[314],"product_tag":[],"class_list":{"0":"post-5233","1":"product","2":"type-product","3":"status-publish","4":"has-post-thumbnail","6":"product_cat-kava","7":"pa_package-20-sachets-x-21-g","8":"pa_package-20-sacku-x-21g","10":"first","11":"instock","12":"purchasable","13":"product-type-simple"},"acf":[],"_links":{"self":[{"href":"https:\/\/www.dxnwellness.eu\/cz\/wp-json\/wp\/v2\/product\/5233","targetHints":{"allow":["GET"]}}],"collection":[{"href":"https:\/\/www.dxnwellness.eu\/cz\/wp-json\/wp\/v2\/product"}],"about":[{"href":"https:\/\/www.dxnwellness.eu\/cz\/wp-json\/wp\/v2\/types\/product"}],"replies":[{"embeddable":true,"href":"https:\/\/www.dxnwellness.eu\/cz\/wp-json\/wp\/v2\/comments?post=5233"}],"wp:featuredmedia":[{"embeddable":true,"href":"https:\/\/www.dxnwellness.eu\/cz\/wp-json\/wp\/v2\/media\/5402"}],"wp:attachment":[{"href":"https:\/\/www.dxnwellness.eu\/cz\/wp-json\/wp\/v2\/media?parent=5233"}],"wp:term":[{"taxonomy":"product_brand","embeddable":true,"href":"https:\/\/www.dxnwellness.eu\/cz\/wp-json\/wp\/v2\/product_brand?post=5233"},{"taxonomy":"product_cat","embeddable":true,"href":"https:\/\/www.dxnwellness.eu\/cz\/wp-json\/wp\/v2\/product_cat?post=5233"},{"taxonomy":"product_tag","embeddable":true,"href":"https:\/\/www.dxnwellness.eu\/cz\/wp-json\/wp\/v2\/product_tag?post=5233"}],"curies":[{"name":"wp","href":"https:\/\/api.w.org\/{rel}","templated":true}]}}