{"id":5231,"date":"2025-03-13T07:40:17","date_gmt":"2025-03-13T07:40:17","guid":{"rendered":"https:\/\/www.dxnwellness.eu\/cz\/product\/dxn-cordyceps-coffee-3in1\/"},"modified":"2025-05-23T02:02:04","modified_gmt":"2025-05-23T02:02:04","slug":"dxn-cordyceps-coffee-3in1","status":"publish","type":"product","link":"https:\/\/www.dxnwellness.eu\/cz\/product\/dxn-cordyceps-coffee-3in1\/","title":{"rendered":"DXN Cordyceps Coffee 3in1"},"content":{"rendered":"<p>DXN Cordyceps Coffee 3v1 &#8211; P\u0159\u00edsun energie a chuti<br \/>\nDXN Cordyceps Coffee 3v1 nab\u00edz\u00ed aromatickou k\u00e1vu s pln\u00fdm chu\u0165ov\u00fdm profilem, kterou ocen\u00ed milovn\u00edci k\u00e1vy. Tato praktick\u00e1 sm\u011bs 3 v 1 kombinuje instantn\u00ed k\u00e1vu, t\u0159tinov\u00fd cukr a rostlinnou smetanu pro jemnou, kr\u00e9movou texturu a delik\u00e1tn\u00ed sladkost. Je obohacen\u00e1 o p\u0159\u00edrodn\u00ed blahod\u00e1rn\u00e9 \u00fa\u010dinky pr\u00e1\u0161ku Cordyceps sinensis, poskytuje aromatick\u00fd a energizuj\u00edc\u00ed start do nov\u00e9ho dne nebo osv\u011b\u017euj\u00edc\u00ed povzbuzen\u00ed, kdykoli je to pot\u0159eba.<\/p>\n<p>Vychutnejte si fantastickou kombinaci chuti, kr\u00e9mov\u00e9 konzistence a p\u0159\u00edlivu energie z Cordycepsu s k\u00e1vou DXN Cordyceps 3v1 &#8211; skv\u011blou volbou pro zdravou a povzbuzuj\u00edc\u00ed p\u0159est\u00e1vku na k\u00e1vu.<\/p>\n<p>Bohat\u00e1 chu\u0165: Vyv\u00e1\u017een\u00fd k\u00e1vov\u00fd n\u00e1poj &#8211; jemn\u00e1 k\u00e1vu, dotek t\u0159tinov\u00e9ho cukru a kr\u00e9mov\u00e1 struktura pro uspokojiv\u00fd z\u00e1\u017eitek z ka\u017ed\u00e9ho \u0161\u00e1lku.<br \/>\nObohacen\u00fd Cordycepsem: S p\u0159\u00eddavkem pr\u00e1\u0161ku z houby Cordyceps sinensis, kter\u00fd dod\u00e1v\u00e1 extra p\u0159\u00edliv energie a vitality.<br \/>\nPraktick\u00e9 a rychl\u00e9 na p\u0159\u00edpravu: K\u00e1vov\u00e1 sm\u011bs 3 v 1, kter\u00e1 se snadno p\u0159ipravuje a je ide\u00e1ln\u00ed pro ru\u0161n\u00e1 r\u00e1na nebo chv\u00edle, kdy pot\u0159ebujete rychle dodat energii.<\/p>\n","protected":false},"excerpt":{"rendered":"<p>DXN Cordyceps Coffee 3v1 &#8211; P\u0159\u00edsun energie a chuti DXN Cordyceps Coffee 3v1 nab\u00edz\u00ed aromatickou k\u00e1vu s pln\u00fdm chu\u0165ov\u00fdm profilem, kterou ocen\u00ed milovn\u00edci k\u00e1vy. Tato praktick\u00e1 sm\u011bs 3 v 1 kombinuje instantn\u00ed k\u00e1vu, t\u0159tinov\u00fd cukr a rostlinnou smetanu pro jemnou, kr\u00e9movou texturu a delik\u00e1tn\u00ed sladkost. Je obohacen\u00e1 o p\u0159\u00edrodn\u00ed blahod\u00e1rn\u00e9 \u00fa\u010dinky pr\u00e1\u0161ku Cordyceps sinensis, poskytuje [&hellip;]<\/p>\n","protected":false},"featured_media":5401,"comment_status":"closed","ping_status":"closed","template":"","meta":{"_acf_changed":false},"product_brand":[],"product_cat":[314],"product_tag":[],"class_list":{"0":"post-5231","1":"product","2":"type-product","3":"status-publish","4":"has-post-thumbnail","6":"product_cat-kava","7":"pa_package-20-sachets-x-21-g","8":"pa_package-20-sacku-x-21g","10":"first","11":"instock","12":"purchasable","13":"product-type-simple"},"acf":[],"_links":{"self":[{"href":"https:\/\/www.dxnwellness.eu\/cz\/wp-json\/wp\/v2\/product\/5231","targetHints":{"allow":["GET"]}}],"collection":[{"href":"https:\/\/www.dxnwellness.eu\/cz\/wp-json\/wp\/v2\/product"}],"about":[{"href":"https:\/\/www.dxnwellness.eu\/cz\/wp-json\/wp\/v2\/types\/product"}],"replies":[{"embeddable":true,"href":"https:\/\/www.dxnwellness.eu\/cz\/wp-json\/wp\/v2\/comments?post=5231"}],"wp:featuredmedia":[{"embeddable":true,"href":"https:\/\/www.dxnwellness.eu\/cz\/wp-json\/wp\/v2\/media\/5401"}],"wp:attachment":[{"href":"https:\/\/www.dxnwellness.eu\/cz\/wp-json\/wp\/v2\/media?parent=5231"}],"wp:term":[{"taxonomy":"product_brand","embeddable":true,"href":"https:\/\/www.dxnwellness.eu\/cz\/wp-json\/wp\/v2\/product_brand?post=5231"},{"taxonomy":"product_cat","embeddable":true,"href":"https:\/\/www.dxnwellness.eu\/cz\/wp-json\/wp\/v2\/product_cat?post=5231"},{"taxonomy":"product_tag","embeddable":true,"href":"https:\/\/www.dxnwellness.eu\/cz\/wp-json\/wp\/v2\/product_tag?post=5231"}],"curies":[{"name":"wp","href":"https:\/\/api.w.org\/{rel}","templated":true}]}}