{"id":5229,"date":"2025-03-13T07:40:17","date_gmt":"2025-03-13T07:40:17","guid":{"rendered":"https:\/\/www.dxnwellness.eu\/cz\/product\/dxn-maca-eucafe\/"},"modified":"2025-05-23T02:02:04","modified_gmt":"2025-05-23T02:02:04","slug":"dxn-maca-eucafe","status":"publish","type":"product","link":"https:\/\/www.dxnwellness.eu\/cz\/product\/dxn-maca-eucafe\/","title":{"rendered":"DXN Maca EuCafe"},"content":{"rendered":"<p>DXN Maca EuCafe &#8211; jedine\u010dn\u00fd z\u00e1\u017eitek z k\u00e1vy<br \/>\nObjevte \u00fa\u017easnou chu\u0165 DXN Maca EuCafe &#8211; pr\u00e9miov\u00e9 k\u00e1vov\u00e9 sm\u011bsi, kter\u00e1 spojuje bohatou chu\u0165 instantn\u00ed k\u00e1vy, jemnou chu\u0165 rostlinn\u00e9 smetany a p\u0159\u00edrodn\u00ed s\u00edlu pr\u00e1\u0161ku Maca (Lepidium meyenii). Tato aromatick\u00e1 k\u00e1va je slazena t\u0159tinov\u00fdm cukrem, aby vytvo\u0159ila lahodn\u011b vyv\u00e1\u017een\u00fd \u0161\u00e1lek, kter\u00fd pot\u011b\u0161\u00ed milovn\u00edky k\u00e1vy, kte\u0159\u00ed ocen\u00ed rafinovan\u00e9 a unik\u00e1tn\u00ed kombinace chut\u00ed.<\/p>\n<p>Za\u017eijte dokonalou kombinaci chuti a zdrav\u00ed v ka\u017ed\u00e9m \u0161\u00e1lku s DXN Maca EuCafe &#8211; k\u00e1vou, kter\u00e1 kombinuje chu\u0165, prakti\u010dnost a p\u0159\u00edrodn\u00ed benefity Maca.<\/p>\n<p>Jedine\u010dn\u00fd chu\u0165ov\u00fd profil: Dokonal\u00e9 spojen\u00ed instantn\u00ed k\u00e1vy, pr\u00e1\u0161ku Maca a rostlinn\u00e9 smetany nab\u00edz\u00ed neodolateln\u011b lahodn\u00fd a aromatick\u00fd z\u00e1\u017eitek.<br \/>\nP\u0159\u00edrodn\u00ed ingredience: P\u0159\u00edrodn\u011b sladk\u00fd t\u0159tinov\u00fd cukr, dopln\u011bn\u00fd o blahod\u00e1rn\u00e9 \u00fa\u010dinky pr\u00e1\u0161ku Maca, kter\u00fd je zn\u00e1m\u00fd sv\u00fdmi povzbuzuj\u00edc\u00edmi vlastnostmi.<br \/>\nPohodln\u00e9 a praktick\u00e9: Rychl\u00fd a snadn\u00fd zp\u016fsob, jak si vychutnat bohatou, aromatickou k\u00e1vu s p\u0159idan\u00fdmi benefity Maca.<\/p>\n","protected":false},"excerpt":{"rendered":"<p>DXN Maca EuCafe &#8211; jedine\u010dn\u00fd z\u00e1\u017eitek z k\u00e1vy Objevte \u00fa\u017easnou chu\u0165 DXN Maca EuCafe &#8211; pr\u00e9miov\u00e9 k\u00e1vov\u00e9 sm\u011bsi, kter\u00e1 spojuje bohatou chu\u0165 instantn\u00ed k\u00e1vy, jemnou chu\u0165 rostlinn\u00e9 smetany a p\u0159\u00edrodn\u00ed s\u00edlu pr\u00e1\u0161ku Maca (Lepidium meyenii). Tato aromatick\u00e1 k\u00e1va je slazena t\u0159tinov\u00fdm cukrem, aby vytvo\u0159ila lahodn\u011b vyv\u00e1\u017een\u00fd \u0161\u00e1lek, kter\u00fd pot\u011b\u0161\u00ed milovn\u00edky k\u00e1vy, kte\u0159\u00ed ocen\u00ed rafinovan\u00e9 a [&hellip;]<\/p>\n","protected":false},"featured_media":5400,"comment_status":"closed","ping_status":"closed","template":"","meta":{"_acf_changed":false},"product_brand":[],"product_cat":[314],"product_tag":[],"class_list":{"0":"post-5229","1":"product","2":"type-product","3":"status-publish","4":"has-post-thumbnail","6":"product_cat-kava","7":"pa_package-20-sachets-x-21-g","8":"pa_package-20-sacku-x-21g","10":"first","11":"instock","12":"purchasable","13":"product-type-simple"},"acf":[],"_links":{"self":[{"href":"https:\/\/www.dxnwellness.eu\/cz\/wp-json\/wp\/v2\/product\/5229","targetHints":{"allow":["GET"]}}],"collection":[{"href":"https:\/\/www.dxnwellness.eu\/cz\/wp-json\/wp\/v2\/product"}],"about":[{"href":"https:\/\/www.dxnwellness.eu\/cz\/wp-json\/wp\/v2\/types\/product"}],"replies":[{"embeddable":true,"href":"https:\/\/www.dxnwellness.eu\/cz\/wp-json\/wp\/v2\/comments?post=5229"}],"wp:featuredmedia":[{"embeddable":true,"href":"https:\/\/www.dxnwellness.eu\/cz\/wp-json\/wp\/v2\/media\/5400"}],"wp:attachment":[{"href":"https:\/\/www.dxnwellness.eu\/cz\/wp-json\/wp\/v2\/media?parent=5229"}],"wp:term":[{"taxonomy":"product_brand","embeddable":true,"href":"https:\/\/www.dxnwellness.eu\/cz\/wp-json\/wp\/v2\/product_brand?post=5229"},{"taxonomy":"product_cat","embeddable":true,"href":"https:\/\/www.dxnwellness.eu\/cz\/wp-json\/wp\/v2\/product_cat?post=5229"},{"taxonomy":"product_tag","embeddable":true,"href":"https:\/\/www.dxnwellness.eu\/cz\/wp-json\/wp\/v2\/product_tag?post=5229"}],"curies":[{"name":"wp","href":"https:\/\/api.w.org\/{rel}","templated":true}]}}