{"id":5227,"date":"2025-03-13T07:40:13","date_gmt":"2025-03-13T07:40:13","guid":{"rendered":"https:\/\/www.dxnwellness.eu\/cz\/product\/dxn-maca-vita-cafe\/"},"modified":"2025-05-23T02:02:03","modified_gmt":"2025-05-23T02:02:03","slug":"dxn-maca-vita-cafe","status":"publish","type":"product","link":"https:\/\/www.dxnwellness.eu\/cz\/product\/dxn-maca-vita-cafe\/","title":{"rendered":"DXN Maca Vita Cafe"},"content":{"rendered":"<p>DXN Maca Vita Cafe &#8211; K\u00e1vov\u00e1 sm\u011bs s p\u0159\u00edrodn\u00ed silou<br \/>\nDXN Maca Vita Cafe je lahodn\u00e1, energizuj\u00edc\u00ed k\u00e1vov\u00e1 sm\u011bs, kter\u00e1 kombinuje bohatou chu\u0165 k\u00e1vy s p\u0159\u00edrodn\u00edmi \u00fa\u010dinky Maca a \u017een\u0161enu. Tato k\u00e1va, obohacen\u00e1 o pr\u00e1\u0161ek Ganoderma lucidum, rostlinnou smetanu a t\u0159tinov\u00fd cukr, nab\u00edz\u00ed jemn\u00fd, aromatick\u00fd z\u00e1\u017eitek a z\u00e1rove\u0148 poskytuje vitalitu a podp\u016frn\u00e9 zdravotn\u00ed \u00fa\u010dinky tradi\u010dn\u00edch bylin.<\/p>\n<p>Za\u010dn\u011bte sv\u016fj den lahodn\u00fdm p\u0159\u00edrodn\u00edm k\u00e1vov\u00fdm n\u00e1pojem, kter\u00fd v ka\u017ed\u00e9m \u0161\u00e1lku spojuje chu\u0165 a zdrav\u00ed p\u0159\u00ednosn\u00e9 \u00fa\u010dinky s DXN Maca Vita Cafe &#8211; dokonalou rovnov\u00e1hou skv\u011bl\u00e9 chuti a siln\u00fdch p\u0159\u00edrodn\u00edch slo\u017eek!<\/p>\n<p>Bohat\u00e1 a aromatick\u00e1: Pr\u00e9miov\u00e1 sm\u011bs k\u00e1vov\u00e9ho pr\u00e1\u0161ku, t\u0159tinov\u00e9ho cukru a rostlinn\u00e9 smetany pro lahodn\u00fd \u0161\u00e1lek n\u00e1poje s pln\u00fdm chu\u0165ov\u00fdm profilem.<br \/>\nPos\u00edlen\u00e1 macou a \u017een\u0161enem: Obohacen\u00e1 o pr\u00e1\u0161ek z Maca (Lepidium meyenii) a \u017een\u0161enu (Panax ginseng) pro povzbuzuj\u00edc\u00ed, p\u0159\u00edrodn\u00ed vzpruhu.<br \/>\nS obsahem Ganodermy: Ka\u017ed\u00fd \u0161\u00e1lek je obohacen o pr\u00e1\u0161ek Ganoderma lucidum, kter\u00fd va\u0161\u00ed k\u00e1v\u011b dod\u00e1 energetizuj\u00edc\u00ed, zdrav\u00ed prosp\u011b\u0161nou podporu.<\/p>\n","protected":false},"excerpt":{"rendered":"<p>DXN Maca Vita Cafe &#8211; K\u00e1vov\u00e1 sm\u011bs s p\u0159\u00edrodn\u00ed silou DXN Maca Vita Cafe je lahodn\u00e1, energizuj\u00edc\u00ed k\u00e1vov\u00e1 sm\u011bs, kter\u00e1 kombinuje bohatou chu\u0165 k\u00e1vy s p\u0159\u00edrodn\u00edmi \u00fa\u010dinky Maca a \u017een\u0161enu. Tato k\u00e1va, obohacen\u00e1 o pr\u00e1\u0161ek Ganoderma lucidum, rostlinnou smetanu a t\u0159tinov\u00fd cukr, nab\u00edz\u00ed jemn\u00fd, aromatick\u00fd z\u00e1\u017eitek a z\u00e1rove\u0148 poskytuje vitalitu a podp\u016frn\u00e9 zdravotn\u00ed \u00fa\u010dinky tradi\u010dn\u00edch [&hellip;]<\/p>\n","protected":false},"featured_media":5399,"comment_status":"closed","ping_status":"closed","template":"","meta":{"_acf_changed":false},"product_brand":[],"product_cat":[314],"product_tag":[],"class_list":{"0":"post-5227","1":"product","2":"type-product","3":"status-publish","4":"has-post-thumbnail","6":"product_cat-kava","7":"pa_package-20-sachets-x-21-g","8":"pa_package-20-sacku-x-21g","10":"first","11":"instock","12":"purchasable","13":"product-type-simple"},"acf":[],"_links":{"self":[{"href":"https:\/\/www.dxnwellness.eu\/cz\/wp-json\/wp\/v2\/product\/5227","targetHints":{"allow":["GET"]}}],"collection":[{"href":"https:\/\/www.dxnwellness.eu\/cz\/wp-json\/wp\/v2\/product"}],"about":[{"href":"https:\/\/www.dxnwellness.eu\/cz\/wp-json\/wp\/v2\/types\/product"}],"replies":[{"embeddable":true,"href":"https:\/\/www.dxnwellness.eu\/cz\/wp-json\/wp\/v2\/comments?post=5227"}],"wp:featuredmedia":[{"embeddable":true,"href":"https:\/\/www.dxnwellness.eu\/cz\/wp-json\/wp\/v2\/media\/5399"}],"wp:attachment":[{"href":"https:\/\/www.dxnwellness.eu\/cz\/wp-json\/wp\/v2\/media?parent=5227"}],"wp:term":[{"taxonomy":"product_brand","embeddable":true,"href":"https:\/\/www.dxnwellness.eu\/cz\/wp-json\/wp\/v2\/product_brand?post=5227"},{"taxonomy":"product_cat","embeddable":true,"href":"https:\/\/www.dxnwellness.eu\/cz\/wp-json\/wp\/v2\/product_cat?post=5227"},{"taxonomy":"product_tag","embeddable":true,"href":"https:\/\/www.dxnwellness.eu\/cz\/wp-json\/wp\/v2\/product_tag?post=5227"}],"curies":[{"name":"wp","href":"https:\/\/api.w.org\/{rel}","templated":true}]}}