{"id":5223,"date":"2025-03-13T07:40:13","date_gmt":"2025-03-13T07:40:13","guid":{"rendered":"https:\/\/www.dxnwellness.eu\/cz\/product\/dxn-white-coffee-zhino\/"},"modified":"2025-05-23T02:02:03","modified_gmt":"2025-05-23T02:02:03","slug":"dxn-white-coffee-zhino","status":"publish","type":"product","link":"https:\/\/www.dxnwellness.eu\/cz\/product\/dxn-white-coffee-zhino\/","title":{"rendered":"DXN White Coffee Zhino"},"content":{"rendered":"<p>DXN White Coffee Zhino \u2013 Kr\u00e9mov\u00fd z\u00e1\u017eitek z kapu\u010d\u00edna s Ganodermou<br \/>\nDXN White Coffee Zhino je dokonalou pochoutkou pro milovn\u00edky kapu\u010d\u00edna. Tato kr\u00e9mov\u00e1 k\u00e1vov\u00e1 sm\u011bs spojuje prvot\u0159\u00eddn\u00ed k\u00e1vov\u00fd pr\u00e1\u0161ek, pr\u00e1\u0161ek Ganoderma lucidum, rostlinnou smetanu a t\u0159tinov\u00fd cukr, aby vytvo\u0159ila jemn\u00fd, chu\u0165ov\u011b v\u00fdrazn\u00fd n\u00e1poj. Jeho bohatou chu\u0165 a v\u016fni dopl\u0148uje jemn\u00e1 kr\u00e9mov\u00e1 p\u011bna na povrchu nab\u00edzej\u00edc\u00ed z\u00e1\u017eitek podobn\u00fd kapu\u010d\u00ednu, kter\u00fd si m\u016f\u017eete vychutnat kdykoliv.<\/p>\n<p>Dop\u0159ejte si lahodn\u00e9 kapu\u010d\u00edno s obsahem Ganodermy s DXN White Coffee Zhino &#8211; perfektn\u00ed kr\u00e9movou k\u00e1vu, kterou m\u016f\u017eete za\u010d\u00edt den nebo si ji vychutnat b\u011bhem va\u0161\u00ed p\u0159est\u00e1vky.<\/p>\n<p>Kr\u00e9mov\u00e1 a po\u017eitk\u00e1\u0159sk\u00e1: K\u00e1va s jemnou, sametovou chut\u00ed a bohatou kr\u00e9movou p\u011bnou, kter\u00e1 umoc\u0148uje z\u00e1\u017eitek.<br \/>\nObohacen\u00e1 Ganodermou: Ka\u017ed\u00fd \u0161\u00e1lek obsahuje Ganodermu lucidum, kter\u00e1 mu dod\u00e1v\u00e1 jedine\u010dn\u00fd v\u00fd\u017eivn\u00fd n\u00e1dech.<br \/>\nIde\u00e1ln\u00ed pro milovn\u00edky kapu\u010d\u00edna: Vychutnejte si uspokojivou chu\u0165 kapu\u010d\u00edna pohodln\u011b vytvo\u0159en\u00e9ho za pomoci instantn\u00ed k\u00e1vov\u00e9 sm\u011bsy.<\/p>\n","protected":false},"excerpt":{"rendered":"<p>DXN White Coffee Zhino \u2013 Kr\u00e9mov\u00fd z\u00e1\u017eitek z kapu\u010d\u00edna s Ganodermou DXN White Coffee Zhino je dokonalou pochoutkou pro milovn\u00edky kapu\u010d\u00edna. Tato kr\u00e9mov\u00e1 k\u00e1vov\u00e1 sm\u011bs spojuje prvot\u0159\u00eddn\u00ed k\u00e1vov\u00fd pr\u00e1\u0161ek, pr\u00e1\u0161ek Ganoderma lucidum, rostlinnou smetanu a t\u0159tinov\u00fd cukr, aby vytvo\u0159ila jemn\u00fd, chu\u0165ov\u011b v\u00fdrazn\u00fd n\u00e1poj. Jeho bohatou chu\u0165 a v\u016fni dopl\u0148uje jemn\u00e1 kr\u00e9mov\u00e1 p\u011bna na povrchu nab\u00edzej\u00edc\u00ed [&hellip;]<\/p>\n","protected":false},"featured_media":5397,"comment_status":"closed","ping_status":"closed","template":"","meta":{"_acf_changed":false},"product_brand":[],"product_cat":[314],"product_tag":[],"class_list":{"0":"post-5223","1":"product","2":"type-product","3":"status-publish","4":"has-post-thumbnail","6":"product_cat-kava","7":"pa_package-12-sachets-x-28-g","8":"pa_package-12-sacku-x-28g","10":"first","11":"instock","12":"purchasable","13":"product-type-simple"},"acf":[],"_links":{"self":[{"href":"https:\/\/www.dxnwellness.eu\/cz\/wp-json\/wp\/v2\/product\/5223","targetHints":{"allow":["GET"]}}],"collection":[{"href":"https:\/\/www.dxnwellness.eu\/cz\/wp-json\/wp\/v2\/product"}],"about":[{"href":"https:\/\/www.dxnwellness.eu\/cz\/wp-json\/wp\/v2\/types\/product"}],"replies":[{"embeddable":true,"href":"https:\/\/www.dxnwellness.eu\/cz\/wp-json\/wp\/v2\/comments?post=5223"}],"wp:featuredmedia":[{"embeddable":true,"href":"https:\/\/www.dxnwellness.eu\/cz\/wp-json\/wp\/v2\/media\/5397"}],"wp:attachment":[{"href":"https:\/\/www.dxnwellness.eu\/cz\/wp-json\/wp\/v2\/media?parent=5223"}],"wp:term":[{"taxonomy":"product_brand","embeddable":true,"href":"https:\/\/www.dxnwellness.eu\/cz\/wp-json\/wp\/v2\/product_brand?post=5223"},{"taxonomy":"product_cat","embeddable":true,"href":"https:\/\/www.dxnwellness.eu\/cz\/wp-json\/wp\/v2\/product_cat?post=5223"},{"taxonomy":"product_tag","embeddable":true,"href":"https:\/\/www.dxnwellness.eu\/cz\/wp-json\/wp\/v2\/product_tag?post=5223"}],"curies":[{"name":"wp","href":"https:\/\/api.w.org\/{rel}","templated":true}]}}