{"id":5220,"date":"2025-03-13T07:40:13","date_gmt":"2025-03-13T07:40:13","guid":{"rendered":"https:\/\/www.dxnwellness.eu\/cz\/product\/dxn-zhi-mocha\/"},"modified":"2025-05-23T02:02:07","modified_gmt":"2025-05-23T02:02:07","slug":"dxn-zhi-mocha","status":"publish","type":"product","link":"https:\/\/www.dxnwellness.eu\/cz\/product\/dxn-zhi-mocha\/","title":{"rendered":"DXN Zhi Mocha"},"content":{"rendered":"<p>DXN Zhi Mocha &#8211; dokonal\u00e9 spojen\u00ed k\u00e1vy a kakaa<br \/>\nDXN Zhi Mocha je dokonal\u00fdm po\u017eitkem pro milovn\u00edky k\u00e1vy a kakaa. Tato bohat\u00e1 a aromatick\u00e1 sm\u011bs kombinuje prvot\u0159\u00eddn\u00ed instantn\u00ed k\u00e1vu, pr\u00e1\u0161ek Ganoderma lucidum, kakaov\u00fd pr\u00e1\u0161ek, t\u0159tinov\u00fd cukr, extrakt ze sladov\u00e9ho je\u010dmene, su\u0161en\u00e9 odst\u0159ed\u011bn\u00e9 ml\u00e9ko a rostlinnou n\u00e1hradu smetany, a vytv\u00e1\u0159\u00ed tak jemn\u00fd, sametov\u00fd n\u00e1poj, kter\u00fd uspokoj\u00ed jak va\u0161e chut\u011b na k\u00e1vu, tak na sladk\u00e9.<\/p>\n<p>Pro dokonalou rovnov\u00e1hu k\u00e1vy a kakaa s p\u0159idan\u00fdmi blahod\u00e1rn\u00fdmi \u00fa\u010dinky Ganodermy si vyberte DXN Zhi Mocha &#8211; lahodn\u00fd n\u00e1poj, kter\u00fd si budete s radost\u00ed vychutn\u00e1vat ka\u017ed\u00fd den!<\/p>\n<p>Dokonal\u00e1 sm\u011bs: Luxusn\u00ed spojen\u00ed k\u00e1vov\u00e9 a kakaov\u00e9 chuti obohacen\u00e9 o v\u00fd\u017eivov\u00e9 \u00fa\u010dinky Ganodermy lucidum.<br \/>\nKr\u00e9mov\u00e1 a po\u017eitk\u00e1\u0159sk\u00e1: P\u0159\u00eddavek su\u0161en\u00e9ho ml\u00e9ka a rostlinn\u00e9 smetany vytv\u00e1\u0159\u00ed bohatou, kr\u00e9movou strukturu, d\u00edky n\u00ed\u017e se ka\u017ed\u00fd dou\u0161ek st\u00e1v\u00e1 lahodn\u00fdm.<br \/>\nVyv\u00e1\u017een\u00e1 sladkost: Slad\u00ed se p\u0159\u00edrodn\u00edm t\u0159tinov\u00fdm cukrem, kter\u00fd zaji\u0161\u0165uje vyv\u00e1\u017eenou, jemnou chu\u0165 bez p\u0159ehnan\u00e9 sladkosti.<\/p>\n","protected":false},"excerpt":{"rendered":"<p>DXN Zhi Mocha &#8211; dokonal\u00e9 spojen\u00ed k\u00e1vy a kakaa DXN Zhi Mocha je dokonal\u00fdm po\u017eitkem pro milovn\u00edky k\u00e1vy a kakaa. Tato bohat\u00e1 a aromatick\u00e1 sm\u011bs kombinuje prvot\u0159\u00eddn\u00ed instantn\u00ed k\u00e1vu, pr\u00e1\u0161ek Ganoderma lucidum, kakaov\u00fd pr\u00e1\u0161ek, t\u0159tinov\u00fd cukr, extrakt ze sladov\u00e9ho je\u010dmene, su\u0161en\u00e9 odst\u0159ed\u011bn\u00e9 ml\u00e9ko a rostlinnou n\u00e1hradu smetany, a vytv\u00e1\u0159\u00ed tak jemn\u00fd, sametov\u00fd n\u00e1poj, kter\u00fd uspokoj\u00ed [&hellip;]<\/p>\n","protected":false},"featured_media":5395,"comment_status":"closed","ping_status":"closed","template":"","meta":{"_acf_changed":false},"product_brand":[],"product_cat":[314],"product_tag":[],"class_list":{"0":"post-5220","1":"product","2":"type-product","3":"status-publish","4":"has-post-thumbnail","6":"product_cat-kava","7":"pa_package-20-sachets-x-21-g","8":"pa_package-20-sacku-x-21g","9":"pa_package-mega-baleni-1kg","10":"pa_package-mega-pack-1-kg","12":"first","13":"instock","14":"purchasable","15":"product-type-variable"},"acf":[],"_links":{"self":[{"href":"https:\/\/www.dxnwellness.eu\/cz\/wp-json\/wp\/v2\/product\/5220","targetHints":{"allow":["GET"]}}],"collection":[{"href":"https:\/\/www.dxnwellness.eu\/cz\/wp-json\/wp\/v2\/product"}],"about":[{"href":"https:\/\/www.dxnwellness.eu\/cz\/wp-json\/wp\/v2\/types\/product"}],"replies":[{"embeddable":true,"href":"https:\/\/www.dxnwellness.eu\/cz\/wp-json\/wp\/v2\/comments?post=5220"}],"wp:featuredmedia":[{"embeddable":true,"href":"https:\/\/www.dxnwellness.eu\/cz\/wp-json\/wp\/v2\/media\/5395"}],"wp:attachment":[{"href":"https:\/\/www.dxnwellness.eu\/cz\/wp-json\/wp\/v2\/media?parent=5220"}],"wp:term":[{"taxonomy":"product_brand","embeddable":true,"href":"https:\/\/www.dxnwellness.eu\/cz\/wp-json\/wp\/v2\/product_brand?post=5220"},{"taxonomy":"product_cat","embeddable":true,"href":"https:\/\/www.dxnwellness.eu\/cz\/wp-json\/wp\/v2\/product_cat?post=5220"},{"taxonomy":"product_tag","embeddable":true,"href":"https:\/\/www.dxnwellness.eu\/cz\/wp-json\/wp\/v2\/product_tag?post=5220"}],"curies":[{"name":"wp","href":"https:\/\/api.w.org\/{rel}","templated":true}]}}