{"id":5217,"date":"2025-03-13T07:40:13","date_gmt":"2025-03-13T07:40:13","guid":{"rendered":"https:\/\/www.dxnwellness.eu\/cz\/product\/dxn-lingzhi-3in1-eu-coffee\/"},"modified":"2025-05-23T02:02:07","modified_gmt":"2025-05-23T02:02:07","slug":"dxn-lingzhi-3in1-eu-coffee","status":"publish","type":"product","link":"https:\/\/www.dxnwellness.eu\/cz\/product\/dxn-lingzhi-3in1-eu-coffee\/","title":{"rendered":"DXN Lingzhi 3in1 EU Coffee"},"content":{"rendered":"<p>DXN Lingzhi 3v1 EU Coffee &#8211; instantn\u00ed k\u00e1va s p\u0159\u00eddavkem Ganodermy<br \/>\nDXN Lingzhi 3v1 EU Coffee nab\u00edz\u00ed dokonalou sm\u011bs k\u00e1vov\u00e9ho pr\u00e1\u0161ku, rostlinn\u00e9 smetany, t\u0159tinov\u00e9ho cukru a pr\u00e1\u0161ku Ganoderma lucidum. Tato praktick\u00e1 k\u00e1vov\u00e1 sm\u011bs 3 v 1 p\u0159in\u00e1\u0161\u00ed bohatou aromatickou chu\u0165 s jemnou kr\u00e9movou konzistenc\u00ed, kterou si m\u016f\u017eete vychutnat kdykoli b\u011bhem dne. A\u0165 u\u017e za\u010d\u00edn\u00e1te r\u00e1no nebo si d\u00e1v\u00e1te poledn\u00ed pauzu, tato k\u00e1va je rychl\u00e1, uspokojuj\u00edc\u00ed a snadn\u00e1 na p\u0159\u00edpravu.<\/p>\n<p>U\u017eijte si uklid\u0148uj\u00edc\u00ed chu\u0165 k\u00e1vy DXN Lingzhi 3v1 EU p\u0159ipravenou za p\u00e1r okam\u017eik\u016f \u2013 va\u0161e volba pro rychlou a lahodnou pauzu na k\u00e1vu, kter\u00e1 je prosp\u011b\u0161n\u00e1 pro va\u0161e t\u011blo!<\/p>\n<p>Vyv\u00e1\u017een\u00e1 sm\u011bs: Vychutnejte si harmonickou kombinaci k\u00e1vy, kr\u00e9movosti a sladkosti s p\u0159idan\u00fdmi benefity Ganodermy lucidum.<br \/>\nPrakti\u010dnost: Ide\u00e1ln\u00ed pro n\u00e1ro\u010dn\u00e9 dny &#8211; sta\u010d\u00ed nam\u00edchat a b\u011bhem n\u011bkolika sekund si vychutnat \u0161\u00e1lek lahodn\u00e9 k\u00e1vy.<br \/>\nP\u0159irozen\u011b skv\u011bl\u00e1 chu\u0165: Jemn\u00e1 a aromatick\u00e1 k\u00e1va \u2013 bez probl\u00e9m\u016f.<\/p>\n","protected":false},"excerpt":{"rendered":"<p>DXN Lingzhi 3v1 EU Coffee &#8211; instantn\u00ed k\u00e1va s p\u0159\u00eddavkem Ganodermy DXN Lingzhi 3v1 EU Coffee nab\u00edz\u00ed dokonalou sm\u011bs k\u00e1vov\u00e9ho pr\u00e1\u0161ku, rostlinn\u00e9 smetany, t\u0159tinov\u00e9ho cukru a pr\u00e1\u0161ku Ganoderma lucidum. Tato praktick\u00e1 k\u00e1vov\u00e1 sm\u011bs 3 v 1 p\u0159in\u00e1\u0161\u00ed bohatou aromatickou chu\u0165 s jemnou kr\u00e9movou konzistenc\u00ed, kterou si m\u016f\u017eete vychutnat kdykoli b\u011bhem dne. A\u0165 u\u017e za\u010d\u00edn\u00e1te r\u00e1no [&hellip;]<\/p>\n","protected":false},"featured_media":5393,"comment_status":"closed","ping_status":"closed","template":"","meta":{"_acf_changed":false},"product_brand":[],"product_cat":[314],"product_tag":[],"class_list":{"0":"post-5217","1":"product","2":"type-product","3":"status-publish","4":"has-post-thumbnail","6":"product_cat-kava","7":"pa_package-20-sachets-x-21-g","8":"pa_package-20-sacku-x-21g","9":"pa_package-mega-baleni-1kg","10":"pa_package-mega-pack-1-kg","12":"first","13":"instock","14":"purchasable","15":"product-type-variable"},"acf":[],"_links":{"self":[{"href":"https:\/\/www.dxnwellness.eu\/cz\/wp-json\/wp\/v2\/product\/5217","targetHints":{"allow":["GET"]}}],"collection":[{"href":"https:\/\/www.dxnwellness.eu\/cz\/wp-json\/wp\/v2\/product"}],"about":[{"href":"https:\/\/www.dxnwellness.eu\/cz\/wp-json\/wp\/v2\/types\/product"}],"replies":[{"embeddable":true,"href":"https:\/\/www.dxnwellness.eu\/cz\/wp-json\/wp\/v2\/comments?post=5217"}],"wp:featuredmedia":[{"embeddable":true,"href":"https:\/\/www.dxnwellness.eu\/cz\/wp-json\/wp\/v2\/media\/5393"}],"wp:attachment":[{"href":"https:\/\/www.dxnwellness.eu\/cz\/wp-json\/wp\/v2\/media?parent=5217"}],"wp:term":[{"taxonomy":"product_brand","embeddable":true,"href":"https:\/\/www.dxnwellness.eu\/cz\/wp-json\/wp\/v2\/product_brand?post=5217"},{"taxonomy":"product_cat","embeddable":true,"href":"https:\/\/www.dxnwellness.eu\/cz\/wp-json\/wp\/v2\/product_cat?post=5217"},{"taxonomy":"product_tag","embeddable":true,"href":"https:\/\/www.dxnwellness.eu\/cz\/wp-json\/wp\/v2\/product_tag?post=5217"}],"curies":[{"name":"wp","href":"https:\/\/api.w.org\/{rel}","templated":true}]}}