{"id":5215,"date":"2025-03-13T07:40:13","date_gmt":"2025-03-13T07:40:13","guid":{"rendered":"https:\/\/www.dxnwellness.eu\/cz\/product\/dxn-cream-coffee\/"},"modified":"2025-05-23T02:02:03","modified_gmt":"2025-05-23T02:02:03","slug":"dxn-cream-coffee","status":"publish","type":"product","link":"https:\/\/www.dxnwellness.eu\/cz\/product\/dxn-cream-coffee\/","title":{"rendered":"DXN Cream Coffee"},"content":{"rendered":"<p>DXN Cream Coffee &#8211; bohat\u00fd a kr\u00e9mov\u00fd z\u00e1\u017eitek z k\u00e1vy<br \/>\nDXN Cream Coffee je pr\u00e9miov\u00e1 k\u00e1vov\u00e1 sm\u011bs, kter\u00e1 kombinuje jemnost rostlinn\u00e9 smetany s nutri\u010dn\u00edmi benefity pr\u00e1\u0161ku Ganoderma lucidum. Vychutnejte si plnou, kr\u00e9movou k\u00e1vu bez nutnosti p\u0159id\u00e1vat cukr &#8211;  ide\u00e1ln\u00ed volba pro ty, kte\u0159\u00ed hledaj\u00ed chu\u0165ov\u011b lahodnou a z\u00e1rove\u0148 zdravou variantu k\u00e1vy.<\/p>\n<p>Dop\u0159ejte si lahodn\u011b kr\u00e9movou k\u00e1vu s DXN Cream Coffee &#8211; ide\u00e1ln\u00ed volba pro p\u0159irozen\u011b jemnou a zdravou p\u0159est\u00e1vku na k\u00e1vu!<\/p>\n<p>Bohat\u00e1 a kr\u00e9mov\u00e1: D\u00edky rostlinn\u00e9 smetan\u011b je k\u00e1va chu\u0165ov\u011b pln\u00e1 s kr\u00e9movou strukturou.<br \/>\nObohacen\u00e1 Ganodermou: Ka\u017ed\u00fd \u0161\u00e1lek obsahuje pr\u00e1\u0161ek Ganoderma lucidum, kter\u00fd p\u0159in\u00e1\u0161\u00ed va\u0161emu ka\u017edodenn\u00edmu \u0161\u00e1lku k\u00e1vy jedine\u010dn\u00fd rozm\u011br.<br \/>\nSn\u00ed\u017een\u00fd obsah cukru: Vychutnejte si p\u0159irozenou chu\u0165 k\u00e1vy se sn\u00ed\u017een\u00fdm obsahem cukru ve srovn\u00e1n\u00ed s tradi\u010dn\u00edmi k\u00e1vami 3 v 1, vhodnou pro v\u0161echny, kte\u0159\u00ed cht\u011bj\u00ed v\u00e9st aktivn\u00ed \u017eivotn\u00ed styl.<\/p>\n","protected":false},"excerpt":{"rendered":"<p>DXN Cream Coffee &#8211; bohat\u00fd a kr\u00e9mov\u00fd z\u00e1\u017eitek z k\u00e1vy DXN Cream Coffee je pr\u00e9miov\u00e1 k\u00e1vov\u00e1 sm\u011bs, kter\u00e1 kombinuje jemnost rostlinn\u00e9 smetany s nutri\u010dn\u00edmi benefity pr\u00e1\u0161ku Ganoderma lucidum. Vychutnejte si plnou, kr\u00e9movou k\u00e1vu bez nutnosti p\u0159id\u00e1vat cukr &#8211; ide\u00e1ln\u00ed volba pro ty, kte\u0159\u00ed hledaj\u00ed chu\u0165ov\u011b lahodnou a z\u00e1rove\u0148 zdravou variantu k\u00e1vy. Dop\u0159ejte si lahodn\u011b kr\u00e9movou [&hellip;]<\/p>\n","protected":false},"featured_media":5392,"comment_status":"closed","ping_status":"closed","template":"","meta":{"_acf_changed":false},"product_brand":[],"product_cat":[314],"product_tag":[],"class_list":{"0":"post-5215","1":"product","2":"type-product","3":"status-publish","4":"has-post-thumbnail","6":"product_cat-kava","7":"pa_package-20-sachets-x-14-g","8":"pa_package-20-sacku-x-14g","10":"first","11":"instock","12":"purchasable","13":"product-type-simple"},"acf":[],"_links":{"self":[{"href":"https:\/\/www.dxnwellness.eu\/cz\/wp-json\/wp\/v2\/product\/5215","targetHints":{"allow":["GET"]}}],"collection":[{"href":"https:\/\/www.dxnwellness.eu\/cz\/wp-json\/wp\/v2\/product"}],"about":[{"href":"https:\/\/www.dxnwellness.eu\/cz\/wp-json\/wp\/v2\/types\/product"}],"replies":[{"embeddable":true,"href":"https:\/\/www.dxnwellness.eu\/cz\/wp-json\/wp\/v2\/comments?post=5215"}],"wp:featuredmedia":[{"embeddable":true,"href":"https:\/\/www.dxnwellness.eu\/cz\/wp-json\/wp\/v2\/media\/5392"}],"wp:attachment":[{"href":"https:\/\/www.dxnwellness.eu\/cz\/wp-json\/wp\/v2\/media?parent=5215"}],"wp:term":[{"taxonomy":"product_brand","embeddable":true,"href":"https:\/\/www.dxnwellness.eu\/cz\/wp-json\/wp\/v2\/product_brand?post=5215"},{"taxonomy":"product_cat","embeddable":true,"href":"https:\/\/www.dxnwellness.eu\/cz\/wp-json\/wp\/v2\/product_cat?post=5215"},{"taxonomy":"product_tag","embeddable":true,"href":"https:\/\/www.dxnwellness.eu\/cz\/wp-json\/wp\/v2\/product_tag?post=5215"}],"curies":[{"name":"wp","href":"https:\/\/api.w.org\/{rel}","templated":true}]}}