{"id":5212,"date":"2025-03-13T07:40:13","date_gmt":"2025-03-13T07:40:13","guid":{"rendered":"https:\/\/www.dxnwellness.eu\/cz\/product\/dxn-lingzhi-black-coffee\/"},"modified":"2025-05-23T02:02:07","modified_gmt":"2025-05-23T02:02:07","slug":"dxn-lingzhi-black-coffee","status":"publish","type":"product","link":"https:\/\/www.dxnwellness.eu\/cz\/product\/dxn-lingzhi-black-coffee\/","title":{"rendered":"DXN Lingzhi Black Coffee"},"content":{"rendered":"<p>DXN Lingzhi Black Coffee &#8211; pr\u00e9miov\u00e1 k\u00e1va s p\u0159\u00edm\u011bs\u00ed Ganodermy<br \/>\nDXN Lingzhi Black Coffee je instantn\u00ed k\u00e1va pr\u00e9miov\u00e9 kvality sm\u00edchan\u00e1 s pr\u00e1\u0161kem Ganoderma lucidum, \u010d\u00edm\u017e vytv\u00e1\u0159\u00ed unik\u00e1tn\u00ed aromatick\u00fd k\u00e1vov\u00fd z\u00e1\u017eitek. Tato pe\u010dliv\u011b p\u0159ipraven\u00e1 k\u00e1va nab\u00edz\u00ed v\u00fdraznou, bohatou chu\u0165 \u010dern\u00e9 k\u00e1vy dopln\u011bnou jemn\u00fdm, delik\u00e1tn\u00edm dotekem Ganodermy, d\u00edky \u010demu\u017e se t\u011b\u0161\u00ed oblib\u011b mezi milovn\u00edky k\u00e1vy.<\/p>\n<p>Za\u010dn\u011bte sv\u016fj den \u0161\u00e1lkem DXN Lingzhi Black Coffee &#8211; dokonal\u00e9 sm\u011bsi prvot\u0159\u00eddn\u00ed k\u00e1vy a Ganodermy, po kter\u00e9 budete tou\u017eit ka\u017ed\u00e9 r\u00e1no!<\/p>\n<p>Pr\u00e9miov\u00e1 k\u00e1va: Vyrobena z vysoce kvalitn\u00edch k\u00e1vov\u00fdch zrn pro bohatou, aromatickou chu\u0165.<br \/>\nObohacen\u00e1 o Ganodermu: Ka\u017ed\u00fd \u0161\u00e1lek je obohacen o pr\u00e1\u0161ek Ganoderma lucidum, kter\u00fd dod\u00e1 va\u0161\u00ed b\u011b\u017en\u00e9 k\u00e1v\u011b jedine\u010dn\u00fd n\u00e1dech.<br \/>\nIde\u00e1ln\u00ed pro milovn\u00edky k\u00e1vy: Jemn\u00e1, vyv\u00e1\u017een\u00e1 sm\u011bs v\u00fdrazn\u00e9 k\u00e1vy s v\u00fd\u017eivn\u00fdm n\u00e1dechem Ganodermy.<\/p>\n","protected":false},"excerpt":{"rendered":"<p>DXN Lingzhi Black Coffee &#8211; pr\u00e9miov\u00e1 k\u00e1va s p\u0159\u00edm\u011bs\u00ed Ganodermy DXN Lingzhi Black Coffee je instantn\u00ed k\u00e1va pr\u00e9miov\u00e9 kvality sm\u00edchan\u00e1 s pr\u00e1\u0161kem Ganoderma lucidum, \u010d\u00edm\u017e vytv\u00e1\u0159\u00ed unik\u00e1tn\u00ed aromatick\u00fd k\u00e1vov\u00fd z\u00e1\u017eitek. Tato pe\u010dliv\u011b p\u0159ipraven\u00e1 k\u00e1va nab\u00edz\u00ed v\u00fdraznou, bohatou chu\u0165 \u010dern\u00e9 k\u00e1vy dopln\u011bnou jemn\u00fdm, delik\u00e1tn\u00edm dotekem Ganodermy, d\u00edky \u010demu\u017e se t\u011b\u0161\u00ed oblib\u011b mezi milovn\u00edky k\u00e1vy. Za\u010dn\u011bte sv\u016fj [&hellip;]<\/p>\n","protected":false},"featured_media":5390,"comment_status":"closed","ping_status":"closed","template":"","meta":{"_acf_changed":false},"product_brand":[],"product_cat":[314],"product_tag":[],"class_list":{"0":"post-5212","1":"product","2":"type-product","3":"status-publish","4":"has-post-thumbnail","6":"product_cat-kava","7":"pa_package-20-sachets-x-4-5-g","8":"pa_package-20-sacku-x-45g","9":"pa_package-mega-baleni-1kg","10":"pa_package-mega-pack-400-g","12":"first","13":"instock","14":"purchasable","15":"product-type-variable"},"acf":[],"_links":{"self":[{"href":"https:\/\/www.dxnwellness.eu\/cz\/wp-json\/wp\/v2\/product\/5212","targetHints":{"allow":["GET"]}}],"collection":[{"href":"https:\/\/www.dxnwellness.eu\/cz\/wp-json\/wp\/v2\/product"}],"about":[{"href":"https:\/\/www.dxnwellness.eu\/cz\/wp-json\/wp\/v2\/types\/product"}],"replies":[{"embeddable":true,"href":"https:\/\/www.dxnwellness.eu\/cz\/wp-json\/wp\/v2\/comments?post=5212"}],"wp:featuredmedia":[{"embeddable":true,"href":"https:\/\/www.dxnwellness.eu\/cz\/wp-json\/wp\/v2\/media\/5390"}],"wp:attachment":[{"href":"https:\/\/www.dxnwellness.eu\/cz\/wp-json\/wp\/v2\/media?parent=5212"}],"wp:term":[{"taxonomy":"product_brand","embeddable":true,"href":"https:\/\/www.dxnwellness.eu\/cz\/wp-json\/wp\/v2\/product_brand?post=5212"},{"taxonomy":"product_cat","embeddable":true,"href":"https:\/\/www.dxnwellness.eu\/cz\/wp-json\/wp\/v2\/product_cat?post=5212"},{"taxonomy":"product_tag","embeddable":true,"href":"https:\/\/www.dxnwellness.eu\/cz\/wp-json\/wp\/v2\/product_tag?post=5212"}],"curies":[{"name":"wp","href":"https:\/\/api.w.org\/{rel}","templated":true}]}}