{"id":5209,"date":"2025-03-13T07:40:13","date_gmt":"2025-03-13T07:40:13","guid":{"rendered":"https:\/\/www.dxnwellness.eu\/cz\/product\/dxn-cocozhi\/"},"modified":"2025-05-23T02:02:07","modified_gmt":"2025-05-23T02:02:07","slug":"dxn-cocozhi","status":"publish","type":"product","link":"https:\/\/www.dxnwellness.eu\/cz\/product\/dxn-cocozhi\/","title":{"rendered":"DXN Cocozhi"},"content":{"rendered":"<p>DXN Cocozhi &#8211; Pr\u00e9miov\u00fd kakaov\u00fd n\u00e1poj s Ganodermou<br \/>\nDXN Cocozhi je lahodn\u00e1 sm\u011bs kakaov\u00e9ho n\u00e1poje, kter\u00e1 kombinuje bohatou chu\u0165 prvot\u0159\u00eddn\u00edho kakaa s jedine\u010dn\u00fdmi \u00fa\u010dinky pr\u00e1\u0161ku Ganoderma lucidum (Reishi). Tato sm\u011bs p\u0159in\u00e1\u0161\u00ed jemnou, \u010dokol\u00e1dovou p\u0159\u00edchu\u0165 s bohatou chut\u00ed rostlinn\u00e9 smetany a sladov\u00e9ho je\u010dmene, co\u017e z n\u00ed \u010din\u00ed dokonal\u00fd n\u00e1poj pro milovn\u00edky kakaa.<\/p>\n<p>Dop\u0159ejte si uklid\u0148uj\u00edc\u00ed a lahodnou chu\u0165 DXN Cocozhi &#8211; dokonal\u00e9ho spojen\u00ed kakaa a Ganodermy pro jedine\u010dn\u00fd lahodn\u00fd z\u00e1\u017eitek!<\/p>\n<p>Pr\u00e9miov\u00e9 kakao: Vyrobeno z vysoce kvalitn\u00edho kakaa pro jeho luxusn\u00ed chu\u0165.<br \/>\nObohaceno o Ganodermu: P\u0159idan\u00fd pr\u00e1\u0161ek Ganoderma lucidum, kter\u00fd poskytuje p\u0159irozenou podporu v\u00fd\u017eivy.<br \/>\nV\u0161estrann\u00e9 pou\u017eit\u00ed: Vychutnejte si ho jako n\u00e1poj nebo ho pou\u017eijte do r\u016fzn\u00fdch recept\u016f, od dort\u016f a polev a\u017e po zmrzlinu a dal\u0161\u00ed dezerty.<\/p>\n","protected":false},"excerpt":{"rendered":"<p>DXN Cocozhi &#8211; Pr\u00e9miov\u00fd kakaov\u00fd n\u00e1poj s Ganodermou DXN Cocozhi je lahodn\u00e1 sm\u011bs kakaov\u00e9ho n\u00e1poje, kter\u00e1 kombinuje bohatou chu\u0165 prvot\u0159\u00eddn\u00edho kakaa s jedine\u010dn\u00fdmi \u00fa\u010dinky pr\u00e1\u0161ku Ganoderma lucidum (Reishi). Tato sm\u011bs p\u0159in\u00e1\u0161\u00ed jemnou, \u010dokol\u00e1dovou p\u0159\u00edchu\u0165 s bohatou chut\u00ed rostlinn\u00e9 smetany a sladov\u00e9ho je\u010dmene, co\u017e z n\u00ed \u010din\u00ed dokonal\u00fd n\u00e1poj pro milovn\u00edky kakaa. Dop\u0159ejte si uklid\u0148uj\u00edc\u00ed a [&hellip;]<\/p>\n","protected":false},"featured_media":5388,"comment_status":"closed","ping_status":"closed","template":"","meta":{"_acf_changed":false},"product_brand":[],"product_cat":[307],"product_tag":[],"class_list":{"0":"post-5209","1":"product","2":"type-product","3":"status-publish","4":"has-post-thumbnail","6":"product_cat-napoje","7":"pa_package-20-sachets-x-32-g","8":"pa_package-20-sacku-x-32g","9":"pa_package-mega-baleni-1kg","10":"pa_package-mega-pack-1-kg","12":"first","13":"instock","14":"purchasable","15":"product-type-variable"},"acf":[],"_links":{"self":[{"href":"https:\/\/www.dxnwellness.eu\/cz\/wp-json\/wp\/v2\/product\/5209","targetHints":{"allow":["GET"]}}],"collection":[{"href":"https:\/\/www.dxnwellness.eu\/cz\/wp-json\/wp\/v2\/product"}],"about":[{"href":"https:\/\/www.dxnwellness.eu\/cz\/wp-json\/wp\/v2\/types\/product"}],"replies":[{"embeddable":true,"href":"https:\/\/www.dxnwellness.eu\/cz\/wp-json\/wp\/v2\/comments?post=5209"}],"wp:featuredmedia":[{"embeddable":true,"href":"https:\/\/www.dxnwellness.eu\/cz\/wp-json\/wp\/v2\/media\/5388"}],"wp:attachment":[{"href":"https:\/\/www.dxnwellness.eu\/cz\/wp-json\/wp\/v2\/media?parent=5209"}],"wp:term":[{"taxonomy":"product_brand","embeddable":true,"href":"https:\/\/www.dxnwellness.eu\/cz\/wp-json\/wp\/v2\/product_brand?post=5209"},{"taxonomy":"product_cat","embeddable":true,"href":"https:\/\/www.dxnwellness.eu\/cz\/wp-json\/wp\/v2\/product_cat?post=5209"},{"taxonomy":"product_tag","embeddable":true,"href":"https:\/\/www.dxnwellness.eu\/cz\/wp-json\/wp\/v2\/product_tag?post=5209"}],"curies":[{"name":"wp","href":"https:\/\/api.w.org\/{rel}","templated":true}]}}