{"id":5207,"date":"2025-03-13T07:40:13","date_gmt":"2025-03-13T07:40:13","guid":{"rendered":"https:\/\/www.dxnwellness.eu\/cz\/product\/dxn-apple-fermented-drink\/"},"modified":"2025-05-23T02:02:03","modified_gmt":"2025-05-23T02:02:03","slug":"dxn-apple-fermented-drink","status":"publish","type":"product","link":"https:\/\/www.dxnwellness.eu\/cz\/product\/dxn-apple-fermented-drink\/","title":{"rendered":"DXN Apple Fermented Drink"},"content":{"rendered":"<p>DXN Fermented Apple Drink &#8211; Osv\u011b\u017euj\u00edc\u00ed n\u00e1poj bohat\u00fd na vl\u00e1kninu<br \/>\nDXN Fermented Apple Drink je lahodn\u00fd a osv\u011b\u017euj\u00edc\u00ed n\u00e1poj z fermentovan\u00fdch jablek. Tento p\u0159\u00edrodn\u00ed n\u00e1poj kombinuje zdrav\u00ed z jablek s jemnou, sv\u011b\u017e\u00ed chut\u00ed, kter\u00e1 je ide\u00e1ln\u00ed pro vychutn\u00e1n\u00ed kdykoli b\u011bhem dne.<\/p>\n<p>U\u017eijte si osv\u011b\u017euj\u00edc\u00ed p\u0159\u00edrodn\u00ed chu\u0165 DXN Fermented Apple Drink \u2013 perfektn\u00edho zp\u016fsobu, jak vyu\u017e\u00edt ve\u0161ker\u00e9 benefity jablek v praktick\u00e9 form\u011b lahodn\u00e9ho n\u00e1poje!<\/p>\n<p>Osv\u011b\u017euj\u00edc\u00ed z\u00e1\u017eitek: Vychutnejte si sladkou v\u016fni jablek, do kter\u00e9 jsme p\u0159idali kysel\u00fd citron pro dokonale harmonickou, osv\u011b\u017euj\u00edc\u00ed chu\u0165.<br \/>\nP\u0159irozen\u011b lahodn\u00fd: Tento chutn\u00fd fermentovan\u00fd n\u00e1poj nab\u00edz\u00ed blahod\u00e1rn\u00e9 \u00fa\u010dinky jablek v ka\u017ed\u00e9m dou\u0161ku.<\/p>\n","protected":false},"excerpt":{"rendered":"<p>DXN Fermented Apple Drink &#8211; Osv\u011b\u017euj\u00edc\u00ed n\u00e1poj bohat\u00fd na vl\u00e1kninu DXN Fermented Apple Drink je lahodn\u00fd a osv\u011b\u017euj\u00edc\u00ed n\u00e1poj z fermentovan\u00fdch jablek. Tento p\u0159\u00edrodn\u00ed n\u00e1poj kombinuje zdrav\u00ed z jablek s jemnou, sv\u011b\u017e\u00ed chut\u00ed, kter\u00e1 je ide\u00e1ln\u00ed pro vychutn\u00e1n\u00ed kdykoli b\u011bhem dne. U\u017eijte si osv\u011b\u017euj\u00edc\u00ed p\u0159\u00edrodn\u00ed chu\u0165 DXN Fermented Apple Drink \u2013 perfektn\u00edho zp\u016fsobu, jak vyu\u017e\u00edt [&hellip;]<\/p>\n","protected":false},"featured_media":5387,"comment_status":"closed","ping_status":"closed","template":"","meta":{"_acf_changed":false},"product_brand":[],"product_cat":[307],"product_tag":[],"class_list":{"0":"post-5207","1":"product","2":"type-product","3":"status-publish","4":"has-post-thumbnail","6":"product_cat-napoje","7":"pa_package-15-sachets-x-50-ml","8":"pa_package-15-sacku-x-50ml","10":"first","11":"instock","12":"purchasable","13":"product-type-simple"},"acf":[],"_links":{"self":[{"href":"https:\/\/www.dxnwellness.eu\/cz\/wp-json\/wp\/v2\/product\/5207","targetHints":{"allow":["GET"]}}],"collection":[{"href":"https:\/\/www.dxnwellness.eu\/cz\/wp-json\/wp\/v2\/product"}],"about":[{"href":"https:\/\/www.dxnwellness.eu\/cz\/wp-json\/wp\/v2\/types\/product"}],"replies":[{"embeddable":true,"href":"https:\/\/www.dxnwellness.eu\/cz\/wp-json\/wp\/v2\/comments?post=5207"}],"wp:featuredmedia":[{"embeddable":true,"href":"https:\/\/www.dxnwellness.eu\/cz\/wp-json\/wp\/v2\/media\/5387"}],"wp:attachment":[{"href":"https:\/\/www.dxnwellness.eu\/cz\/wp-json\/wp\/v2\/media?parent=5207"}],"wp:term":[{"taxonomy":"product_brand","embeddable":true,"href":"https:\/\/www.dxnwellness.eu\/cz\/wp-json\/wp\/v2\/product_brand?post=5207"},{"taxonomy":"product_cat","embeddable":true,"href":"https:\/\/www.dxnwellness.eu\/cz\/wp-json\/wp\/v2\/product_cat?post=5207"},{"taxonomy":"product_tag","embeddable":true,"href":"https:\/\/www.dxnwellness.eu\/cz\/wp-json\/wp\/v2\/product_tag?post=5207"}],"curies":[{"name":"wp","href":"https:\/\/api.w.org\/{rel}","templated":true}]}}