{"id":5205,"date":"2025-03-13T07:40:13","date_gmt":"2025-03-13T07:40:13","guid":{"rendered":"https:\/\/www.dxnwellness.eu\/cz\/product\/dxn-nutrizhi\/"},"modified":"2025-05-23T02:02:03","modified_gmt":"2025-05-23T02:02:03","slug":"dxn-nutrizhi","status":"publish","type":"product","link":"https:\/\/www.dxnwellness.eu\/cz\/product\/dxn-nutrizhi\/","title":{"rendered":"DXN Nutrizhi"},"content":{"rendered":"<p>DXN Nutrizhi \u2013 kr\u00e9mov\u00e1 a v\u00fd\u017eivn\u00e1 pochoutka<br \/>\nDXN Nutrizhi je lahodn\u00fd kr\u00e9mov\u00fd n\u00e1poj speci\u00e1ln\u011b vytvo\u0159en\u00fd pro ty, kte\u0159\u00ed miluj\u00ed sladk\u00e9 pochoutky, kter\u00e9 jsou v\u0161ak pln\u00e9 \u017eivin. Je vyroben\u00fd ze s\u00f3jov\u00fdch bob\u016f a obohacen\u00fd o extrakt ze sladov\u00e9ho je\u010dmene a o pr\u00e1\u0161ek z houby Ganoderma lucidum. Poskytuje d\u00edky tomu bohatou a jemnou chu\u0165, kter\u00e1 je z\u00e1rove\u0148 p\u0159\u00edjemn\u00e1 a prosp\u011b\u0161n\u00e1.<\/p>\n<p>Uspokojte sv\u00e9 chut\u011b na sladk\u00e9 a z\u00e1rove\u0148 dodejte sv\u00e9mu t\u011blu \u017eiviny DXN Nutrizhi &#8211; dokonalou rovnov\u00e1hou chuti a v\u00fd\u017eivy!<\/p>\n<p>Bohat\u00fd na \u017eiviny: Skv\u011bl\u00fd zdroj esenci\u00e1ln\u00edch mastn\u00fdch kyselin Omega-3 a Omega-6 spolu s ml\u00e9\u010dn\u00fdmi b\u00edlkovinami, kter\u00e9 podporuj\u00ed va\u0161i ka\u017edodenn\u00ed v\u00fd\u017eivu.<br \/>\nJemn\u00fd a kr\u00e9mov\u00fd: Vychutnejte si dokonalou rovnov\u00e1hu sladkosti a kr\u00e9movosti v ka\u017ed\u00e9m dou\u0161ku.<br \/>\nBlahod\u00e1rn\u00e9 slo\u017eky: Sm\u011bs s\u00f3ji, sladu a Ganodermy, pe\u010dliv\u011b sestaven\u00e1 pro lahodn\u00fd chu\u0165ov\u00fd z\u00e1\u017eitek.<\/p>\n","protected":false},"excerpt":{"rendered":"<p>DXN Nutrizhi \u2013 kr\u00e9mov\u00e1 a v\u00fd\u017eivn\u00e1 pochoutka DXN Nutrizhi je lahodn\u00fd kr\u00e9mov\u00fd n\u00e1poj speci\u00e1ln\u011b vytvo\u0159en\u00fd pro ty, kte\u0159\u00ed miluj\u00ed sladk\u00e9 pochoutky, kter\u00e9 jsou v\u0161ak pln\u00e9 \u017eivin. Je vyroben\u00fd ze s\u00f3jov\u00fdch bob\u016f a obohacen\u00fd o extrakt ze sladov\u00e9ho je\u010dmene a o pr\u00e1\u0161ek z houby Ganoderma lucidum. Poskytuje d\u00edky tomu bohatou a jemnou chu\u0165, kter\u00e1 je z\u00e1rove\u0148 [&hellip;]<\/p>\n","protected":false},"featured_media":5386,"comment_status":"closed","ping_status":"closed","template":"","meta":{"_acf_changed":false},"product_brand":[],"product_cat":[307],"product_tag":[],"class_list":{"0":"post-5205","1":"product","2":"type-product","3":"status-publish","4":"has-post-thumbnail","6":"product_cat-napoje","7":"pa_package-20-sachets-x-30-g","8":"pa_package-20-sacku-x-30g","10":"first","11":"instock","12":"purchasable","13":"product-type-simple"},"acf":[],"_links":{"self":[{"href":"https:\/\/www.dxnwellness.eu\/cz\/wp-json\/wp\/v2\/product\/5205","targetHints":{"allow":["GET"]}}],"collection":[{"href":"https:\/\/www.dxnwellness.eu\/cz\/wp-json\/wp\/v2\/product"}],"about":[{"href":"https:\/\/www.dxnwellness.eu\/cz\/wp-json\/wp\/v2\/types\/product"}],"replies":[{"embeddable":true,"href":"https:\/\/www.dxnwellness.eu\/cz\/wp-json\/wp\/v2\/comments?post=5205"}],"wp:featuredmedia":[{"embeddable":true,"href":"https:\/\/www.dxnwellness.eu\/cz\/wp-json\/wp\/v2\/media\/5386"}],"wp:attachment":[{"href":"https:\/\/www.dxnwellness.eu\/cz\/wp-json\/wp\/v2\/media?parent=5205"}],"wp:term":[{"taxonomy":"product_brand","embeddable":true,"href":"https:\/\/www.dxnwellness.eu\/cz\/wp-json\/wp\/v2\/product_brand?post=5205"},{"taxonomy":"product_cat","embeddable":true,"href":"https:\/\/www.dxnwellness.eu\/cz\/wp-json\/wp\/v2\/product_cat?post=5205"},{"taxonomy":"product_tag","embeddable":true,"href":"https:\/\/www.dxnwellness.eu\/cz\/wp-json\/wp\/v2\/product_tag?post=5205"}],"curies":[{"name":"wp","href":"https:\/\/api.w.org\/{rel}","templated":true}]}}