{"id":5203,"date":"2025-03-13T07:40:13","date_gmt":"2025-03-13T07:40:13","guid":{"rendered":"https:\/\/www.dxnwellness.eu\/cz\/product\/dxn-vinaigrette\/"},"modified":"2025-05-23T02:02:03","modified_gmt":"2025-05-23T02:02:03","slug":"dxn-vinaigrette","status":"publish","type":"product","link":"https:\/\/www.dxnwellness.eu\/cz\/product\/dxn-vinaigrette\/","title":{"rendered":"DXN Vinaigrette"},"content":{"rendered":"<p>DXN Vinaigrette &#8211; jedine\u010dn\u00e1 kombinace tradice a chuti<br \/>\nDXN Vinaigrette je prvot\u0159\u00eddn\u00ed fermentovan\u00fd r\u00fd\u017eov\u00fd ocet obohacen\u00fd o \u00fa\u010dinnou houbu Ganoderma Lucidum. Tento ocet je vyroben za pomoci tradi\u010dn\u00edch fermenta\u010dn\u00edch metod, tud\u00ed\u017e si zachov\u00e1v\u00e1 v\u00fdraznou chu\u0165 a v\u00fdjime\u010dnou kvalitu.<\/p>\n<p>Dodejte sv\u00e9mu dni p\u0159\u00edval chuti a v\u00fd\u017eivy s DXN Vinaigrette &#8211; skute\u010dn\u011b jedine\u010dn\u00fd zp\u016fsob, jak si vychutnat r\u00fd\u017eov\u00fd ocet!<\/p>\n<p>Bohat\u00fd na \u017eiviny: R\u00fd\u017eov\u00fd ocet vyroben\u00fd z kvalitn\u00ed fermentovan\u00e9 r\u00fd\u017ee m\u016f\u017ee pomoci nastartovat tr\u00e1ven\u00ed pomoc\u00ed kyseliny octov\u00e9, m\u00e1 tak\u00e9 antiseptick\u00e9 \u00fa\u010dinky a pom\u00e1h\u00e1 p\u0159ekonat \u00fanavu.<br \/>\nV\u0161estrann\u00e1 chu\u0165: Dokonal\u00e1 rovnov\u00e1ha \u0161tiplav\u00e9ho r\u00fd\u017eov\u00e9ho octa a zemit\u00e9ho n\u00e1dechu Ganodermy. Vhodn\u00e9 pro dresinky, marin\u00e1dy a podobn\u011b.<br \/>\nP\u0159\u00edrodn\u00ed kvalita: Pe\u010dliv\u011b fermentovan\u00e1, aby si zachovala svou silnou, autentickou chu\u0165 a p\u0159\u00edrodn\u00ed \u017eiviny.<\/p>\n","protected":false},"excerpt":{"rendered":"<p>DXN Vinaigrette &#8211; jedine\u010dn\u00e1 kombinace tradice a chuti DXN Vinaigrette je prvot\u0159\u00eddn\u00ed fermentovan\u00fd r\u00fd\u017eov\u00fd ocet obohacen\u00fd o \u00fa\u010dinnou houbu Ganoderma Lucidum. Tento ocet je vyroben za pomoci tradi\u010dn\u00edch fermenta\u010dn\u00edch metod, tud\u00ed\u017e si zachov\u00e1v\u00e1 v\u00fdraznou chu\u0165 a v\u00fdjime\u010dnou kvalitu. Dodejte sv\u00e9mu dni p\u0159\u00edval chuti a v\u00fd\u017eivy s DXN Vinaigrette &#8211; skute\u010dn\u011b jedine\u010dn\u00fd zp\u016fsob, jak si vychutnat [&hellip;]<\/p>\n","protected":false},"featured_media":5385,"comment_status":"closed","ping_status":"closed","template":"","meta":{"_acf_changed":false},"product_brand":[],"product_cat":[307],"product_tag":[],"class_list":{"0":"post-5203","1":"product","2":"type-product","3":"status-publish","4":"has-post-thumbnail","6":"product_cat-napoje","7":"pa_package-700-ml","8":"pa_package-700ml","10":"first","11":"instock","12":"purchasable","13":"product-type-simple"},"acf":[],"_links":{"self":[{"href":"https:\/\/www.dxnwellness.eu\/cz\/wp-json\/wp\/v2\/product\/5203","targetHints":{"allow":["GET"]}}],"collection":[{"href":"https:\/\/www.dxnwellness.eu\/cz\/wp-json\/wp\/v2\/product"}],"about":[{"href":"https:\/\/www.dxnwellness.eu\/cz\/wp-json\/wp\/v2\/types\/product"}],"replies":[{"embeddable":true,"href":"https:\/\/www.dxnwellness.eu\/cz\/wp-json\/wp\/v2\/comments?post=5203"}],"wp:featuredmedia":[{"embeddable":true,"href":"https:\/\/www.dxnwellness.eu\/cz\/wp-json\/wp\/v2\/media\/5385"}],"wp:attachment":[{"href":"https:\/\/www.dxnwellness.eu\/cz\/wp-json\/wp\/v2\/media?parent=5203"}],"wp:term":[{"taxonomy":"product_brand","embeddable":true,"href":"https:\/\/www.dxnwellness.eu\/cz\/wp-json\/wp\/v2\/product_brand?post=5203"},{"taxonomy":"product_cat","embeddable":true,"href":"https:\/\/www.dxnwellness.eu\/cz\/wp-json\/wp\/v2\/product_cat?post=5203"},{"taxonomy":"product_tag","embeddable":true,"href":"https:\/\/www.dxnwellness.eu\/cz\/wp-json\/wp\/v2\/product_tag?post=5203"}],"curies":[{"name":"wp","href":"https:\/\/api.w.org\/{rel}","templated":true}]}}