{"id":5200,"date":"2025-03-13T07:40:13","date_gmt":"2025-03-13T07:40:13","guid":{"rendered":"https:\/\/www.dxnwellness.eu\/cz\/product\/dxn-cordypine\/"},"modified":"2025-05-23T02:02:07","modified_gmt":"2025-05-23T02:02:07","slug":"dxn-cordypine","status":"publish","type":"product","link":"https:\/\/www.dxnwellness.eu\/cz\/product\/dxn-cordypine\/","title":{"rendered":"DXN Cordypine"},"content":{"rendered":"<p>DXN Cordypine &#8211; osv\u011b\u017euj\u00edc\u00ed sm\u011bs p\u0159\u00edrodn\u00edch \u017eivin<br \/>\nDXN Cordypine kombinuje p\u0159\u00edrodn\u00ed \u017eiviny fermentovan\u00e9 ananasov\u00e9 \u0161\u0165\u00e1vy, houby Cordyceps sinensis, t\u0159tinov\u00e9ho cukru a n\u00e1dechu limetky, \u010d\u00edm\u017e vytv\u00e1\u0159\u00ed unik\u00e1tn\u00ed osv\u011b\u017euj\u00edc\u00ed n\u00e1poj. A\u0165 u\u017e se pod\u00e1v\u00e1 studen\u00fd nebo tepl\u00fd, tento lahodn\u00fd n\u00e1poj nab\u00edz\u00ed tropick\u00fd z\u00e1\u017eitek p\u0159i ka\u017ed\u00e9m dou\u0161ku.<\/p>\n<p>Vychutnejte si jedine\u010dnou sm\u011bs chut\u00ed v DXN Cordypine &#8211; osv\u011b\u017euj\u00edc\u00edm n\u00e1poji, kter\u00fd podpo\u0159\u00ed v\u00e1\u0161 ka\u017edodenn\u00ed rytmus!<\/p>\n<p>P\u0159\u00edrodn\u00ed slo\u017eky: Pe\u010dliv\u011b vyv\u00e1\u017een\u00e1 sm\u011bs ananasov\u00e9 \u0161\u0165\u00e1vy, houby Cordyceps a limetky pro osv\u011b\u017euj\u00edc\u00ed chu\u0165 a p\u0159\u00edjemn\u00fd z\u00e1\u017eitek.<br \/>\nV\u0161estrann\u00fd n\u00e1poj: Vychutnejte si ho vychlazen\u00fd na osv\u011b\u017een\u00ed nebo tepl\u00fd pro uklid\u0148uj\u00edc\u00ed pocit.<br \/>\nIde\u00e1ln\u00ed pro ka\u017edodenn\u00ed pou\u017e\u00edv\u00e1n\u00ed: Skv\u011bl\u00fd zp\u016fsob, jak dopl\u0148ovat tekutiny a dosahovat osv\u011b\u017een\u00ed b\u011bhem cel\u00e9ho dne.<\/p>\n","protected":false},"excerpt":{"rendered":"<p>DXN Cordypine &#8211; osv\u011b\u017euj\u00edc\u00ed sm\u011bs p\u0159\u00edrodn\u00edch \u017eivin DXN Cordypine kombinuje p\u0159\u00edrodn\u00ed \u017eiviny fermentovan\u00e9 ananasov\u00e9 \u0161\u0165\u00e1vy, houby Cordyceps sinensis, t\u0159tinov\u00e9ho cukru a n\u00e1dechu limetky, \u010d\u00edm\u017e vytv\u00e1\u0159\u00ed unik\u00e1tn\u00ed osv\u011b\u017euj\u00edc\u00ed n\u00e1poj. A\u0165 u\u017e se pod\u00e1v\u00e1 studen\u00fd nebo tepl\u00fd, tento lahodn\u00fd n\u00e1poj nab\u00edz\u00ed tropick\u00fd z\u00e1\u017eitek p\u0159i ka\u017ed\u00e9m dou\u0161ku. Vychutnejte si jedine\u010dnou sm\u011bs chut\u00ed v DXN Cordypine &#8211; osv\u011b\u017euj\u00edc\u00edm n\u00e1poji, [&hellip;]<\/p>\n","protected":false},"featured_media":5383,"comment_status":"closed","ping_status":"closed","template":"","meta":{"_acf_changed":false},"product_brand":[],"product_cat":[307],"product_tag":[],"class_list":{"0":"post-5200","1":"product","2":"type-product","3":"status-publish","4":"has-post-thumbnail","6":"product_cat-napoje","7":"pa_package-285-ml","8":"pa_package-285ml","9":"pa_package-700-ml","10":"pa_package-700ml","12":"first","13":"instock","14":"purchasable","15":"product-type-variable"},"acf":[],"_links":{"self":[{"href":"https:\/\/www.dxnwellness.eu\/cz\/wp-json\/wp\/v2\/product\/5200","targetHints":{"allow":["GET"]}}],"collection":[{"href":"https:\/\/www.dxnwellness.eu\/cz\/wp-json\/wp\/v2\/product"}],"about":[{"href":"https:\/\/www.dxnwellness.eu\/cz\/wp-json\/wp\/v2\/types\/product"}],"replies":[{"embeddable":true,"href":"https:\/\/www.dxnwellness.eu\/cz\/wp-json\/wp\/v2\/comments?post=5200"}],"wp:featuredmedia":[{"embeddable":true,"href":"https:\/\/www.dxnwellness.eu\/cz\/wp-json\/wp\/v2\/media\/5383"}],"wp:attachment":[{"href":"https:\/\/www.dxnwellness.eu\/cz\/wp-json\/wp\/v2\/media?parent=5200"}],"wp:term":[{"taxonomy":"product_brand","embeddable":true,"href":"https:\/\/www.dxnwellness.eu\/cz\/wp-json\/wp\/v2\/product_brand?post=5200"},{"taxonomy":"product_cat","embeddable":true,"href":"https:\/\/www.dxnwellness.eu\/cz\/wp-json\/wp\/v2\/product_cat?post=5200"},{"taxonomy":"product_tag","embeddable":true,"href":"https:\/\/www.dxnwellness.eu\/cz\/wp-json\/wp\/v2\/product_tag?post=5200"}],"curies":[{"name":"wp","href":"https:\/\/api.w.org\/{rel}","templated":true}]}}