{"id":5197,"date":"2025-03-13T07:40:13","date_gmt":"2025-03-13T07:40:13","guid":{"rendered":"https:\/\/www.dxnwellness.eu\/cz\/product\/dxn-morinzhi\/"},"modified":"2025-05-23T02:02:07","modified_gmt":"2025-05-23T02:02:07","slug":"dxn-morinzhi","status":"publish","type":"product","link":"https:\/\/www.dxnwellness.eu\/cz\/product\/dxn-morinzhi\/","title":{"rendered":"DXN Morinzhi"},"content":{"rendered":"<p>Pozvedn\u011bte sv\u016fj ka\u017edodenn\u00ed re\u017eim s DXN Morinzhi, zdrav\u00fdm ovocn\u00fdm n\u00e1pojem z exotick\u00e9ho ovoce Noni a osv\u011b\u017euj\u00edc\u00ed \u0161\u0165\u00e1vy Roselle Juice. D\u00edky jedine\u010dn\u00e9 sm\u011bsi p\u0159\u00edrodn\u00edch slo\u017eek je ide\u00e1ln\u00ed volbou pro ty, kte\u0159\u00ed hledaj\u00ed lahodn\u00fd a v\u00fd\u017eivn\u00fd n\u00e1poj.<\/p>\n<p>Objevte osv\u011b\u017euj\u00edc\u00ed chu\u0165 a p\u0159\u00edrodn\u00ed \u00fa\u010dinky DXN Morinzhi &#8211; va\u0161eho dokonal\u00e9ho spole\u010dn\u00edka pro omlazuj\u00edc\u00ed a energetizuj\u00edc\u00ed pocit. Vyzkou\u0161ejte jej je\u0161t\u011b dnes!<\/p>\n<p>P\u0159\u00edrodn\u00ed v\u00fd\u017eiva: Vyrobeno z ovoce Noni a Roselle \u0161\u0165\u00e1vy, kter\u00e9 nab\u00edz\u00ed lahodn\u00e9 spojen\u00ed chut\u00ed.<br \/>\nBohat\u00fd na \u017eiviny: Je pln\u00fd vl\u00e1kniny a vitaminu C a p\u0159edstavuje dokonal\u00fd zp\u016fsob, jak si vychutnat revitalizuj\u00edc\u00ed n\u00e1poj.<br \/>\nOsv\u011b\u017euj\u00edc\u00ed volba: Vychutnejte si sv\u011b\u017e\u00ed chu\u0165 a povzbuzuj\u00edc\u00ed aroma, kter\u00e9 v\u00e1m dod\u00e1 energii do nov\u00e9ho dne.<\/p>\n","protected":false},"excerpt":{"rendered":"<p>Pozvedn\u011bte sv\u016fj ka\u017edodenn\u00ed re\u017eim s DXN Morinzhi, zdrav\u00fdm ovocn\u00fdm n\u00e1pojem z exotick\u00e9ho ovoce Noni a osv\u011b\u017euj\u00edc\u00ed \u0161\u0165\u00e1vy Roselle Juice. D\u00edky jedine\u010dn\u00e9 sm\u011bsi p\u0159\u00edrodn\u00edch slo\u017eek je ide\u00e1ln\u00ed volbou pro ty, kte\u0159\u00ed hledaj\u00ed lahodn\u00fd a v\u00fd\u017eivn\u00fd n\u00e1poj. Objevte osv\u011b\u017euj\u00edc\u00ed chu\u0165 a p\u0159\u00edrodn\u00ed \u00fa\u010dinky DXN Morinzhi &#8211; va\u0161eho dokonal\u00e9ho spole\u010dn\u00edka pro omlazuj\u00edc\u00ed a energetizuj\u00edc\u00ed pocit. Vyzkou\u0161ejte jej je\u0161t\u011b [&hellip;]<\/p>\n","protected":false},"featured_media":5381,"comment_status":"closed","ping_status":"closed","template":"","meta":{"_acf_changed":false},"product_brand":[],"product_cat":[307],"product_tag":[],"class_list":{"0":"post-5197","1":"product","2":"type-product","3":"status-publish","4":"has-post-thumbnail","6":"product_cat-napoje","7":"pa_package-285-ml","8":"pa_package-285ml","9":"pa_package-700-ml","10":"pa_package-700ml","12":"first","13":"instock","14":"purchasable","15":"product-type-variable"},"acf":[],"_links":{"self":[{"href":"https:\/\/www.dxnwellness.eu\/cz\/wp-json\/wp\/v2\/product\/5197","targetHints":{"allow":["GET"]}}],"collection":[{"href":"https:\/\/www.dxnwellness.eu\/cz\/wp-json\/wp\/v2\/product"}],"about":[{"href":"https:\/\/www.dxnwellness.eu\/cz\/wp-json\/wp\/v2\/types\/product"}],"replies":[{"embeddable":true,"href":"https:\/\/www.dxnwellness.eu\/cz\/wp-json\/wp\/v2\/comments?post=5197"}],"wp:featuredmedia":[{"embeddable":true,"href":"https:\/\/www.dxnwellness.eu\/cz\/wp-json\/wp\/v2\/media\/5381"}],"wp:attachment":[{"href":"https:\/\/www.dxnwellness.eu\/cz\/wp-json\/wp\/v2\/media?parent=5197"}],"wp:term":[{"taxonomy":"product_brand","embeddable":true,"href":"https:\/\/www.dxnwellness.eu\/cz\/wp-json\/wp\/v2\/product_brand?post=5197"},{"taxonomy":"product_cat","embeddable":true,"href":"https:\/\/www.dxnwellness.eu\/cz\/wp-json\/wp\/v2\/product_cat?post=5197"},{"taxonomy":"product_tag","embeddable":true,"href":"https:\/\/www.dxnwellness.eu\/cz\/wp-json\/wp\/v2\/product_tag?post=5197"}],"curies":[{"name":"wp","href":"https:\/\/api.w.org\/{rel}","templated":true}]}}