{"id":5195,"date":"2025-03-13T07:40:13","date_gmt":"2025-03-13T07:40:13","guid":{"rendered":"https:\/\/www.dxnwellness.eu\/cz\/product\/dxn-roselle-juice\/"},"modified":"2025-05-27T01:57:05","modified_gmt":"2025-05-27T01:57:05","slug":"dxn-roselle-juice","status":"publish","type":"product","link":"https:\/\/www.dxnwellness.eu\/cz\/product\/dxn-roselle-juice\/","title":{"rendered":"DXN Roselle Juice"},"content":{"rendered":"<p>Za\u017eijte osv\u011b\u017euj\u00edc\u00ed chu\u0165 p\u0159\u00edrody s DXN Roselle Juice, \u0161\u0165\u00e1vou vyrobenou z extraktu kalichu rostliny Hibiscus sabdariffa. Jeho sv\u011b\u017e\u00ed chu\u0165 a p\u0159\u00edrodn\u00ed l\u00e1tky z n\u011bj \u010din\u00ed skv\u011blou volbu pro v\u00e1\u0161 ka\u017edodenn\u00ed n\u00e1poj.<\/p>\n<p>Objevte dokonalou rovnov\u00e1hu chuti a u\u017eitku v ka\u017ed\u00e9m dou\u0161ku. Vyzkou\u0161ejte DXN Roselle Juice je\u0161t\u011b dnes a vychutnejte si p\u0159irozen\u011b uspokojuj\u00edc\u00ed n\u00e1poj!<\/p>\n<p>P\u0159\u00edrodn\u00ed l\u00e1tky: Vyrobeno z extraktu z kv\u011bt\u016f ibi\u0161ku, kter\u00fd je zn\u00e1m\u00fd svou bohatou chut\u00ed a z\u00e1\u0159ivou barvou.<br \/>\nOsv\u011b\u017euj\u00edc\u00ed a lahodn\u00e1: Vychutnejte si ovocn\u00fd n\u00e1poj, kter\u00fd m\u00e1 \u0159\u00edz a povzbud\u00ed v\u00e1s b\u011bhem dne.<br \/>\nPraktick\u00e1 a v\u0161estrann\u00e1: Ide\u00e1ln\u00ed jako studen\u00fd nebo tepl\u00fd n\u00e1poj kdykoliv a kdekoliv.<\/p>\n","protected":false},"excerpt":{"rendered":"<p>Za\u017eijte osv\u011b\u017euj\u00edc\u00ed chu\u0165 p\u0159\u00edrody s DXN Roselle Juice, \u0161\u0165\u00e1vou vyrobenou z extraktu kalichu rostliny Hibiscus sabdariffa. Jeho sv\u011b\u017e\u00ed chu\u0165 a p\u0159\u00edrodn\u00ed l\u00e1tky z n\u011bj \u010din\u00ed skv\u011blou volbu pro v\u00e1\u0161 ka\u017edodenn\u00ed n\u00e1poj. Objevte dokonalou rovnov\u00e1hu chuti a u\u017eitku v ka\u017ed\u00e9m dou\u0161ku. Vyzkou\u0161ejte DXN Roselle Juice je\u0161t\u011b dnes a vychutnejte si p\u0159irozen\u011b uspokojuj\u00edc\u00ed n\u00e1poj! P\u0159\u00edrodn\u00ed l\u00e1tky: Vyrobeno [&hellip;]<\/p>\n","protected":false},"featured_media":5380,"comment_status":"closed","ping_status":"closed","template":"","meta":{"_acf_changed":false},"product_brand":[],"product_cat":[307],"product_tag":[],"class_list":{"0":"post-5195","1":"product","2":"type-product","3":"status-publish","4":"has-post-thumbnail","6":"product_cat-napoje","7":"pa_package-285-ml","8":"pa_package-285ml","10":"first","11":"instock","12":"purchasable","13":"product-type-simple"},"acf":[],"_links":{"self":[{"href":"https:\/\/www.dxnwellness.eu\/cz\/wp-json\/wp\/v2\/product\/5195","targetHints":{"allow":["GET"]}}],"collection":[{"href":"https:\/\/www.dxnwellness.eu\/cz\/wp-json\/wp\/v2\/product"}],"about":[{"href":"https:\/\/www.dxnwellness.eu\/cz\/wp-json\/wp\/v2\/types\/product"}],"replies":[{"embeddable":true,"href":"https:\/\/www.dxnwellness.eu\/cz\/wp-json\/wp\/v2\/comments?post=5195"}],"wp:featuredmedia":[{"embeddable":true,"href":"https:\/\/www.dxnwellness.eu\/cz\/wp-json\/wp\/v2\/media\/5380"}],"wp:attachment":[{"href":"https:\/\/www.dxnwellness.eu\/cz\/wp-json\/wp\/v2\/media?parent=5195"}],"wp:term":[{"taxonomy":"product_brand","embeddable":true,"href":"https:\/\/www.dxnwellness.eu\/cz\/wp-json\/wp\/v2\/product_brand?post=5195"},{"taxonomy":"product_cat","embeddable":true,"href":"https:\/\/www.dxnwellness.eu\/cz\/wp-json\/wp\/v2\/product_cat?post=5195"},{"taxonomy":"product_tag","embeddable":true,"href":"https:\/\/www.dxnwellness.eu\/cz\/wp-json\/wp\/v2\/product_tag?post=5195"}],"curies":[{"name":"wp","href":"https:\/\/api.w.org\/{rel}","templated":true}]}}