{"id":5626,"date":"2025-03-13T11:57:00","date_gmt":"2025-03-13T11:57:00","guid":{"rendered":"https:\/\/www.dxnwellness.eu\/cz\/?page_id=5626"},"modified":"2025-04-08T09:59:35","modified_gmt":"2025-04-08T09:59:35","slug":"ochrana-osobnich-udaju","status":"publish","type":"page","link":"https:\/\/www.dxnwellness.eu\/cz\/ochrana-osobnich-udaju\/","title":{"rendered":"Ochrana osobn\u00edch \u00fadaj\u016f"},"content":{"rendered":"<h3>Obecn\u00e9 na\u0159\u00edzen\u00ed o ochran\u011b osobn\u00edch \u00fadaj\u016f<\/h3>\n<p>V souladu se z\u00e1konem o ochran\u011b osobn\u00edch \u00fadaj\u016f z roku 2010 (z\u00e1kon 709) (\u201ePDPA\u201c), kter\u00fd nabyl \u00fa\u010dinnosti dne 15. listopadu 2013, spole\u010dnost DXN (\u201eDXN\u201c, \u201en\u00e1s\u201c, \u201emy\u201c) je t\u00edmto povinna upozornit a vy\u017eadovat souhlas ve vztahu ke shroma\u017e\u010fov\u00e1n\u00ed, z\u00e1znamu, ukl\u00e1d\u00e1n\u00ed, pou\u017e\u00edv\u00e1n\u00ed a uchov\u00e1v\u00e1n\u00ed osobn\u00edch \u00fadaj\u016f.<\/p>\n<p>1. DXN shroma\u017e\u010fuje a zpracov\u00e1v\u00e1 osobn\u00ed \u00fadaje na z\u00e1klad\u011b souhlasu a opr\u00e1vn\u011bn\u00ed ud\u011blen\u00e9ho jednotlivci, kte\u0159\u00ed se uch\u00e1zej\u00ed o zam\u011bstn\u00e1n\u00ed nebo jsou ji\u017e zam\u011bstnanci. Osobn\u00ed \u00fadaje, v\u010detn\u011b citliv\u00fdch osobn\u00edch \u00fadaj\u016f, jsou uvedeny, ale neomezuj\u00edc\u00ed se pouze na tyto, n\u00ed\u017ee,<br \/>\n&#8211; jm\u00e9no, \u010d\u00edslo ob\u010dansk\u00e9ho pr\u016fkazu, adresa, telefonn\u00ed \u010d\u00edslo, faxov\u00e9 \u010d\u00edslo, pohlav\u00ed, datum narozen\u00ed, m\u00edsto narozen\u00ed, vyzn\u00e1n\u00ed, v\u011bk, etnick\u00fd p\u016fvod, rodinn\u00fd stav, st\u00e1tn\u00ed p\u0159\u00edslu\u0161nost, I\u010cO, DI\u010c, \u010d\u00edslo bankovn\u00edho \u00fa\u010dtu, vzd\u011bl\u00e1n\u00ed a kvalifikace, informace o mzd\u011b a benefitech, fotografie, reference;<br \/>\n&#8211; podrobnosti o choti nebo jin\u00fdch \u010dlenech rodiny (v\u010detn\u011b, ale nikoli v\u00fdhradn\u011b, jm\u00e9na, \u010d\u00edsla ob\u010dansk\u00e9ho pr\u016fkazu, v\u011bku, adresy, povol\u00e1n\u00ed, da\u0148ov\u00e9ho identifika\u010dn\u00edho \u010d\u00edsla, vzd\u011bl\u00e1n\u00ed);<br \/>\n&#8211; v\u00fd\u0161ka, v\u00e1ha, osobn\u00ed zdravotn\u00ed stav a rodinn\u00e1 zdravotn\u00ed anamn\u00e9za.<\/p>\n<p>2. \u00da\u010dely, pro kter\u00e9 mohou b\u00fdt osobn\u00ed \u00fadaje pou\u017eity, zahrnuj\u00ed, ale neomezuj\u00ed se na:<br \/>\n(a) pro ur\u010den\u00ed po\u010d\u00e1te\u010dn\u00edho zam\u011bstn\u00e1n\u00ed a ov\u011b\u0159en\u00ed referenc\u00ed;<br \/>\n(b) pro zpracov\u00e1n\u00ed plateb v\u010detn\u011b mezd, d\u00e1vek a slu\u017eeb;<br \/>\n(c) pro zpracov\u00e1n\u00ed po\u017eadavk\u016f zam\u011bstnanc\u016f souvisej\u00edc\u00edch s prac\u00ed;<br \/>\n(d) pro stanoven\u00ed po\u017eadavk\u016f na v\u00fdcvik;<br \/>\n(e) pro prov\u00e1d\u011bn\u00ed hodnocen\u00ed\/posouzen\u00ed v\u00fdkonnosti;<br \/>\n(f) pro \u00fa\u010dely obecn\u00e9 administrativy a evidence v r\u00e1mci \u0159\u00edzen\u00ed lidsk\u00fdch zdroj\u016f;<br \/>\n(g) pro \u00fa\u010dely komunikace;<br \/>\n(h) pro \u00fa\u010dely spr\u00e1vy a \u0159\u00edzen\u00ed spole\u010dnosti DXN.<\/p>\n<p>3. Va\u0161e osobn\u00ed \u00fadaje mohou b\u00fdt p\u0159eneseny a\/nebo zp\u0159\u00edstupn\u011bny spole\u010dnosti DXN a jej\u00ed skupin\u011b spole\u010dnost\u00ed a jej\u00edm spolupracuj\u00edc\u00edm partner\u016fm. Va\u0161e \u00fadaje mohou b\u00fdt sd\u00edleny, pokud to vy\u017eaduj\u00ed z\u00e1kony a pokud je jejich zve\u0159ejn\u011bn\u00ed nezbytn\u00e9 pro vyhov\u011bn\u00ed platn\u00fdm z\u00e1kon\u016fm.<\/p>\n<p>4. Jak\u00e9koli osobn\u00ed \u00fadaje uchov\u00e1van\u00e9 spole\u010dnost\u00ed DXN mohou b\u00fdt zni\u010deny a\/nebo vymaz\u00e1ny v p\u0159\u00edpad\u011b, \u017ee tyto informace ji\u017e nejsou spole\u010dnost\u00ed DXN vy\u017eadov\u00e1ny.<\/p>\n<p>5. DXN se zavazuje zajistit d\u016fv\u011brnost, ochranu, bezpe\u010dnost a p\u0159esnost osobn\u00edch \u00fadaj\u016f zp\u0159\u00edstupn\u011bn\u00fdch DXN. Jste odpov\u011bdn\u00ed za to, \u017ee \u00fadaje, kter\u00e9 n\u00e1m poskytnete, jsou p\u0159esn\u00e9, \u00fapln\u00e9, nikoli zav\u00e1d\u011bj\u00edc\u00ed a aktualizovan\u00e9. DXN tak\u00e9 zajist\u00ed, \u017ee va\u0161e osobn\u00ed \u00fadaje nebudou pou\u017eity jinak ne\u017e pro zam\u00fd\u0161len\u00e9 \u00fa\u010dely, jak je uvedeno v\u00fd\u0161e.<\/p>\n<p>6. Poskytnut\u00edm osobn\u00edch \u00fadaj\u016f a po\u017eadovan\u00fdch informac\u00ed o jin\u00e9 osob\u011b spole\u010dnosti DXN potvrzujete, \u017ee jste byli zmocn\u011bni a dostali jste svolen\u00ed od dan\u00e9 osoby, abyste za ni jednali, dali souhlas a opr\u00e1vnili DXN ke zpracov\u00e1n\u00ed jej\u00edch osobn\u00edch \u00fadaj\u016f pro dan\u00e9 \u00fa\u010dely.<\/p>\n<p>7. Ke sv\u00fdm osobn\u00edm \u00fadaj\u016fm m\u016f\u017eete p\u0159istupovat, pokud se p\u00edsemn\u011b obr\u00e1t\u00edte na sv\u00e9 HR odd\u011blen\u00ed. Pros\u00edm bu\u010fte informov\u00e1ni, \u017ee v\u00e1\u0161 p\u0159\u00edstup k va\u0161im osobn\u00edm \u00fadaj\u016fm nen\u00ed absolutn\u00ed, proto\u017ee existuj\u00ed p\u0159\u00edpady, kdy platn\u00e9 z\u00e1kony nedovoluj\u00ed poskytnut\u00ed n\u011bkter\u00fdch nebo v\u0161ech osobn\u00edch \u00fadaj\u016f, kter\u00e9 o v\u00e1s m\u00e1me. V takov\u00e9m p\u0159\u00edpad\u011b se v\u00e1s pokus\u00edme informovat o d\u016fvodu, s v\u00fdhradou z\u00e1konn\u00fdch nebo \u00fa\u0159edn\u00edch omezen\u00ed.<\/p>\n<p>8. Pro dal\u0161\u00ed dotazy pros\u00edm kontaktujte;<br \/>\nPov\u011b\u0159enec pro osobn\u00ed \u00fadaje \u010d. 113, Bandar Stargate, Lebuhraya Sultanah Bahiyah, 05400 Alor Setar, Kedah Darul Aman<br \/>\nPhone No: +604771 6688 \/ Fax No: +6047723775<br \/>\nEmail: pdpa@dxn2u.com<\/p>\n<p>9. V p\u0159\u00edpad\u011b jak\u00e9hokoli rozporu mezi anglickou verz\u00ed a \u010desk\u00fdm p\u0159ekladem m\u00e1 p\u0159ednost anglick\u00e1 verze.<\/p>\n","protected":false},"excerpt":{"rendered":"<p>Obecn\u00e9 na\u0159\u00edzen\u00ed o ochran\u011b osobn\u00edch \u00fadaj\u016f V souladu se z\u00e1konem o ochran\u011b osobn\u00edch \u00fadaj\u016f z roku 2010 (z\u00e1kon 709) (\u201ePDPA\u201c), kter\u00fd nabyl \u00fa\u010dinnosti dne 15. listopadu 2013, spole\u010dnost DXN (\u201eDXN\u201c, \u201en\u00e1s\u201c, \u201emy\u201c) je t\u00edmto povinna upozornit a vy\u017eadovat souhlas ve vztahu ke shroma\u017e\u010fov\u00e1n\u00ed, z\u00e1znamu, ukl\u00e1d\u00e1n\u00ed, pou\u017e\u00edv\u00e1n\u00ed a uchov\u00e1v\u00e1n\u00ed osobn\u00edch \u00fadaj\u016f. 1. DXN shroma\u017e\u010fuje a zpracov\u00e1v\u00e1 [&hellip;]<\/p>\n","protected":false},"author":2,"featured_media":0,"parent":0,"menu_order":0,"comment_status":"closed","ping_status":"closed","template":"terms_privacy.php","meta":{"_acf_changed":false,"footnotes":""},"class_list":["post-5626","page","type-page","status-publish","hentry"],"acf":[],"_links":{"self":[{"href":"https:\/\/www.dxnwellness.eu\/cz\/wp-json\/wp\/v2\/pages\/5626","targetHints":{"allow":["GET"]}}],"collection":[{"href":"https:\/\/www.dxnwellness.eu\/cz\/wp-json\/wp\/v2\/pages"}],"about":[{"href":"https:\/\/www.dxnwellness.eu\/cz\/wp-json\/wp\/v2\/types\/page"}],"author":[{"embeddable":true,"href":"https:\/\/www.dxnwellness.eu\/cz\/wp-json\/wp\/v2\/users\/2"}],"replies":[{"embeddable":true,"href":"https:\/\/www.dxnwellness.eu\/cz\/wp-json\/wp\/v2\/comments?post=5626"}],"version-history":[{"count":3,"href":"https:\/\/www.dxnwellness.eu\/cz\/wp-json\/wp\/v2\/pages\/5626\/revisions"}],"predecessor-version":[{"id":5685,"href":"https:\/\/www.dxnwellness.eu\/cz\/wp-json\/wp\/v2\/pages\/5626\/revisions\/5685"}],"wp:attachment":[{"href":"https:\/\/www.dxnwellness.eu\/cz\/wp-json\/wp\/v2\/media?parent=5626"}],"curies":[{"name":"wp","href":"https:\/\/api.w.org\/{rel}","templated":true}]}}