{"id":41,"date":"2021-07-15T13:26:57","date_gmt":"2021-07-15T13:26:57","guid":{"rendered":"https:\/\/demo.sevenloft.com\/sevenloft-package\/?page_id=41"},"modified":"2025-06-18T10:17:24","modified_gmt":"2025-06-18T10:17:24","slug":"terms-of-use","status":"publish","type":"page","link":"https:\/\/www.dxnwellness.eu\/cz\/terms-of-use\/","title":{"rendered":"Podm\u00ednky pou\u017eit\u00ed"},"content":{"rendered":"<h1>1. Prohl\u00e1\u0161en\u00ed o vylou\u010den\u00ed odpov\u011bdnosti webov\u00fdch str\u00e1nek<\/h1>\n<p><span data-sheets-root=\"1\"><br \/>\n<strong>Informace<\/strong><\/span><\/p>\n<p><span data-sheets-root=\"1\"><br \/>\nWebov\u00e9 str\u00e1nky DXN obsahuj\u00ed informace, data, dokumenty, z\u00e1sady, postupy, sm\u011brnice a obr\u00e1zky (d\u00e1le jen \u201einformace\u201c) p\u0159ipraven\u00e9 spole\u010dnost\u00ed DXN. Informace mohou obsahovat informace odvozen\u00e9 od r\u016fzn\u00fdch t\u0159et\u00edch stran (d\u00e1le jen \u201einformace t\u0159et\u00edch stran\u201c), kter\u00e9 nejsou schv\u00e1leny ani podporov\u00e1ny spole\u010dnost\u00ed DXN, a proto nezbytn\u011b neodr\u00e1\u017eej\u00ed \u017e\u00e1dn\u00e9 z\u00e1sady, postupy, standardy nebo sm\u011brnice spole\u010dnosti DXN.<\/span><\/p>\n<p><span data-sheets-root=\"1\"><br \/>\nInformace a informace t\u0159et\u00edch stran obsa\u017een\u00e9 na t\u011bchto str\u00e1nk\u00e1ch byly prezentov\u00e1ny s ve\u0161kerou p\u00e9\u010d\u00ed a byly pova\u017eov\u00e1ny za pravdiv\u00e9 a spr\u00e1vn\u00e9 k datu zve\u0159ejn\u011bn\u00ed. Spole\u010dnost DXN si v\u0161ak vyhrazuje pr\u00e1vo kdykoli bez p\u0159edchoz\u00edho upozorn\u011bn\u00ed zm\u011bnit, opravit a vylep\u0161it informace.<\/span><\/p>\n<p><span data-sheets-root=\"1\"><br \/>\nInformace mohou obsahovat technick\u00e9 nep\u0159esnosti nebo typografick\u00e9 chyby, a proto spole\u010dnost DXN nezaru\u010duje ani nereprezentuje, \u017ee informace nebo informace t\u0159et\u00ed strany neobsahuj\u00ed chyby nebo opomenut\u00ed. DXN nep\u0159eb\u00edr\u00e1 \u017e\u00e1dnou odpov\u011bdnost ani neru\u010d\u00ed za p\u0159esnost, platnost, spolehlivost a spr\u00e1vnost informac\u00ed a informac\u00ed t\u0159et\u00edch stran, kter\u00e9 jsou jak\u00fdmkoli zp\u016fsobem interpretov\u00e1ny a pou\u017e\u00edv\u00e1ny u\u017eivatelem.<\/span><\/p>\n<p><span data-sheets-root=\"1\"><br \/>\n\u017d\u00e1dn\u00e1 \u010d\u00e1st t\u00e9to publikace nesm\u00ed b\u00fdt reprodukov\u00e1na v jak\u00e9koli form\u011b nebo p\u0159ed\u00e1na jin\u00e9 osob\u011b bez p\u0159edchoz\u00edho p\u00edsemn\u00e9ho souhlasu DXN. U\u017eivatel\u00e9 t\u00edmto souhlas\u00ed s n\u00e1sleduj\u00edc\u00edm:<\/span><\/p>\n<ul>\n<li><span data-sheets-root=\"1\">Vyhledan\u00e9 dokumenty maj\u00ed slou\u017eit pouze pro informativn\u00ed \u00fa\u010dely.<\/span><\/li>\n<li><span data-sheets-root=\"1\">Jednu kopii lze ulo\u017eit nebo vytisknout pouze pro osobn\u00ed pot\u0159ebu a nesm\u00ed b\u00fdt reprodukov\u00e1na v \u017e\u00e1dn\u00e9 form\u011b.<br \/>\nPokud to nen\u00ed povoleno z\u00e1konem o autorsk\u00fdch pr\u00e1vech as p\u0159edchoz\u00edm p\u00edsemn\u00fdm souhlasem spole\u010dnosti DXN, je extrakce z dokument\u016f p\u0159\u00edsn\u011b zak\u00e1z\u00e1na.<\/span><\/li>\n<li><span data-sheets-root=\"1\">\u017d\u00e1dn\u00e9 \u010d\u00e1sti informac\u00ed nesm\u00ed b\u00fdt m\u011bn\u011bny, pokud maj\u00ed b\u00fdt informace poskytnuty jin\u00e9 osob\u011b nebo organizaci bez p\u0159edchoz\u00edho p\u00edsemn\u00e9ho souhlasu DXN.<\/span><\/li>\n<li><span data-sheets-root=\"1\">Jste v\u00fdhradn\u011b odpov\u011bdn\u00ed za to, \u017ee obsah a informace zve\u0159ejn\u011bn\u00e9 na t\u011bchto str\u00e1nk\u00e1ch jsou vhodn\u00e9 nebo p\u0159\u00edpustn\u00e9 nebo zda jsou leg\u00e1ln\u011b sta\u017eeny v zemi, kde s\u00eddl\u00edte, v souladu se z\u00e1kony v zemi va\u0161eho bydli\u0161t\u011b.<br \/>\nochrann\u00e9 zn\u00e1mky.<\/span><\/li>\n<\/ul>\n<p>&nbsp;<\/p>\n<p><span data-sheets-root=\"1\"><strong>Ochrann\u00e9 zn\u00e1mky<\/strong><br \/>\nV\u0161echny obchodn\u00ed n\u00e1zvy, ochrann\u00e9 zn\u00e1mky, n\u00e1zvy slu\u017eeb, n\u00e1zvy produkt\u016f, informace o produktech, adresy URL, webov\u00e9 adresy, loga, vzory nebo symboly jsou majetkem spole\u010dnosti DXN. DXN nepovoluje jejich pou\u017eit\u00ed k jak\u00fdmkoli \u00fa\u010del\u016fm nebo k\u00fdmkoli bez p\u0159edchoz\u00edho p\u00edsemn\u00e9ho souhlasu DXN, s v\u00fdjimkou autorizovan\u00fdch DXN pobo\u010dek a obchodn\u00edk\u016f.<\/span><\/p>\n<p><span data-sheets-root=\"1\"><br \/>\n<strong>Z\u0159eknut\u00ed se odpov\u011bdnosti<\/strong><br \/>\nDXN nezaru\u010duje a nenese odpov\u011bdnost za to, \u017ee poskytovan\u00e9 slu\u017eby budou v\u017edy dostupn\u00e9, nep\u0159eru\u0161ovan\u00e9 a bezchybn\u00e9. M\u016f\u017ee doch\u00e1zet ke zpo\u017ed\u011bn\u00edm, opomenut\u00edm, p\u0159eru\u0161en\u00edm a nep\u0159esnostem v obsahu, \u0161\u00ed\u0159en\u00ed zpr\u00e1v, informac\u00ed a dal\u0161\u00edch materi\u00e1l\u016f.<br \/>\nSpole\u010dnost DXN podnikne p\u0159im\u011b\u0159en\u00e9 kroky, aby zabr\u00e1nila zavle\u010den\u00ed vir\u016f a jin\u00fdch destruktivn\u00edch prvk\u016f na sv\u00e9 webov\u00e9 str\u00e1nky. Spole\u010dnost DXN v\u0161ak nenese odpov\u011bdnost ani nezaru\u010duje, \u017ee jej\u00ed str\u00e1nky neobsahuj\u00ed \u017e\u00e1dn\u00e9 destruktivn\u00ed prvky, v\u010detn\u011b, nikoli v\u0161ak v\u00fdhradn\u011b, po\u010d\u00edta\u010dov\u00fdch vir\u016f, hacker\u016f nebo jin\u00fdch technick\u00fdch sabot\u00e1\u017e\u00ed.<\/span><\/p>\n<h1><span data-sheets-root=\"1\"><br \/>\n2. Odkazy z jin\u00fdch webov\u00fdch str\u00e1nek neautorizovan\u00fdch DXN<\/span><\/h1>\n<p><span data-sheets-root=\"1\"><br \/>\nWebov\u00e9 str\u00e1nky bez opr\u00e1vn\u011bn\u00ed DXN, kter\u00e9 jsou vlastn\u011bny a provozov\u00e1ny t\u0159et\u00edmi stranami, mohou obsahovat odkazy na ofici\u00e1ln\u00ed webov\u00e9 str\u00e1nky DXN. Odkaz na ofici\u00e1ln\u00ed webov\u00e9 str\u00e1nky DXN neznamen\u00e1, \u017ee DXN schvaluje nebo p\u0159ij\u00edm\u00e1 jakoukoli odpov\u011bdnost za obsah, jeho pou\u017eit\u00ed nebo produkty a slu\u017eby zp\u0159\u00edstupn\u011bn\u00e9 prost\u0159ednictv\u00edm takov\u00fdch webov\u00fdch str\u00e1nek, kter\u00e9 nejsou autorizov\u00e1ny DXN. Pou\u017eit\u00edm jak\u00e9hokoli takov\u00e9ho odkazu berete na v\u011bdom\u00ed a souhlas\u00edte s t\u00edm, \u017ee spole\u010dnost DXN nebude v \u017e\u00e1dn\u00e9m p\u0159\u00edpad\u011b zodpov\u011bdn\u00e1 ani neru\u010d\u00ed za akce, obsah, p\u0159\u00edstup, z\u00e1sady ochrany osobn\u00edch \u00fadaj\u016f, vyj\u00e1d\u0159en\u00e9 n\u00e1zory, poskytnut\u00e1 prohl\u00e1\u0161en\u00ed, poskytovan\u00e9 slu\u017eby, zbo\u017e\u00ed nab\u00edzen\u00e9 k prodeji nebo jin\u00e9 odkazy uveden\u00e9 na t\u011bchto ofici\u00e1ln\u00edch webov\u00fdch str\u00e1nk\u00e1ch mimo DXN.<\/span><\/p>\n","protected":false},"excerpt":{"rendered":"<p>1. Prohl\u00e1\u0161en\u00ed o vylou\u010den\u00ed odpov\u011bdnosti webov\u00fdch str\u00e1nek Informace Webov\u00e9 str\u00e1nky DXN obsahuj\u00ed informace, data, dokumenty, z\u00e1sady, postupy, sm\u011brnice a obr\u00e1zky (d\u00e1le jen \u201einformace\u201c) p\u0159ipraven\u00e9 spole\u010dnost\u00ed DXN. Informace mohou obsahovat informace odvozen\u00e9 od r\u016fzn\u00fdch t\u0159et\u00edch stran (d\u00e1le jen \u201einformace t\u0159et\u00edch stran\u201c), kter\u00e9 nejsou schv\u00e1leny ani podporov\u00e1ny spole\u010dnost\u00ed DXN, a proto nezbytn\u011b neodr\u00e1\u017eej\u00ed \u017e\u00e1dn\u00e9 z\u00e1sady, postupy, standardy [&hellip;]<\/p>\n","protected":false},"author":3,"featured_media":0,"parent":0,"menu_order":0,"comment_status":"closed","ping_status":"closed","template":"terms_privacy.php","meta":{"_acf_changed":false,"footnotes":""},"class_list":["post-41","page","type-page","status-publish","hentry"],"acf":[],"_links":{"self":[{"href":"https:\/\/www.dxnwellness.eu\/cz\/wp-json\/wp\/v2\/pages\/41","targetHints":{"allow":["GET"]}}],"collection":[{"href":"https:\/\/www.dxnwellness.eu\/cz\/wp-json\/wp\/v2\/pages"}],"about":[{"href":"https:\/\/www.dxnwellness.eu\/cz\/wp-json\/wp\/v2\/types\/page"}],"author":[{"embeddable":true,"href":"https:\/\/www.dxnwellness.eu\/cz\/wp-json\/wp\/v2\/users\/3"}],"replies":[{"embeddable":true,"href":"https:\/\/www.dxnwellness.eu\/cz\/wp-json\/wp\/v2\/comments?post=41"}],"version-history":[{"count":16,"href":"https:\/\/www.dxnwellness.eu\/cz\/wp-json\/wp\/v2\/pages\/41\/revisions"}],"predecessor-version":[{"id":5720,"href":"https:\/\/www.dxnwellness.eu\/cz\/wp-json\/wp\/v2\/pages\/41\/revisions\/5720"}],"wp:attachment":[{"href":"https:\/\/www.dxnwellness.eu\/cz\/wp-json\/wp\/v2\/media?parent=41"}],"curies":[{"name":"wp","href":"https:\/\/api.w.org\/{rel}","templated":true}]}}